{"id":95978,"date":"2021-12-12T12:54:59","date_gmt":"2021-12-12T12:54:59","guid":{"rendered":"https:\/\/kidtokidonline.pt\/telheiras\/?post_type=product&#038;p=95978"},"modified":"2025-06-10T15:14:39","modified_gmt":"2025-06-10T15:14:39","slug":"camara-wifi-para-bebes-lua","status":"publish","type":"product","link":"https:\/\/kidtokidonline.pt\/telheiras\/produto\/camara-wifi-para-bebes-lua\/","title":{"rendered":"C\u00e2mara Wifi para Beb\u00e9s Lua"},"content":{"rendered":"<div class=\"a11y-text-width js-product-description Product__Description-text\">O monitor de beb\u00ea Lua by Kikkaboo \u00e9 a solu\u00e7\u00e3o ideal se voc\u00ea quiser terminar a noite confortavelmente. Voc\u00ea ainda pode ficar de olho no seu beb\u00ea dormindo. Ele est\u00e1 conectado \u00e0 sua rede dom\u00e9stica com conex\u00e3o Wifi ou Lan. O monitor do beb\u00ea tem comunica\u00e7\u00e3o bidirecional. Isso permite que voc\u00ea fale com seu beb\u00ea sem ter que entrar no quarto. Gra\u00e7as \u00e0 fun\u00e7\u00e3o de vis\u00e3o noturna, voc\u00ea sempre tem uma vis\u00e3o perfeita do seu filho. Atrav\u00e9s do aplicativo gratuito, o monitor do beb\u00ea pode ser controlado. Se seu beb\u00ea chorar ou acordar, voc\u00ea receber\u00e1 uma notifica\u00e7\u00e3o push e poder\u00e1 reagir imediatamente. Caracter\u00edsticas especiais Artigo Kikkaboo Baby monitor Baby camera Lua, 360\u00b0 rota\u00e7\u00e3o, c\u00e2mera Wi-Fi\/Lan, forbearanceWLAN ou Lan connectionSmo\u00e7\u00e3o de movimento e rastreamento de movimentoComa comunica\u00e7\u00e3o de \u00e1udio de duas viasAlmo de press\u00e3o 360\u00b0 rota\u00e7\u00e3o da c\u00e2mera, 90\u00b0 inclina\u00e7\u00e3o Tela de vis\u00e3o noturna com v\u00e1rias c\u00e2merasCom a c\u00e2mera, um m\u00e1ximo de 5 usu\u00e1rios podem se conectar \u00e0 parede ou em qualquer lugar pode ser usado com Android, iOSfree app app para baixar espa\u00e7o de canto (max. 128 GB, cart\u00e3o n\u00e3o inclu\u00eddo) instala\u00e7\u00e3o f\u00e1cil<\/div>\n<div class=\"a11y-text-width js-product-description Product__Description-text\">Rota\u00e7\u00e3o de 360\u00b0,<\/div>\n<div class=\"a11y-text-width js-product-description Product__Description-text\">C\u00e2mera Wi-Fi\/Lan,<\/div>\n<div class=\"a11y-text-width js-product-description Product__Description-text\">Peso artificial: 0,31 kg<\/div>\n<div class=\"a11y-text-width js-product-description Product__Description-text\">Tamanho do produto: L 9,3 x W 9,3 x H 12,3 cm<\/div>\n<div class=\"a11y-text-width js-product-description Product__Description-text\">Car tamanho doton: L 20.5 x W 15,5 x H 9 cm<\/div>\n<div class=\"a11y-text-width js-product-description Product__Description-text\">D\u00e1 de forma livre: cabo de alimenta\u00e7\u00e3o IPC360<\/div>\n<div class=\"a11y-text-width js-product-description Product__Description-text\">HomeAC: RJ-45 10\/100 MB WiFi sem fio: 802,11 b\/g\/n, frequ\u00eancia: 2.4~2.4835GHz (incompat\u00edvel com 5GHz)<\/div>\n<div class=\"a11y-text-width js-product-description Product__Description-text\">Resolu\u00e7\u00e3o: 1080p(1920 x 1080),<\/div>\n<div class=\"a11y-text-width js-product-description Product__Description-text\">Modo noturno (faixa at\u00e9 10m)<\/div>\n<div class=\"a11y-text-width js-product-description Product__Description-text\">Temperatura de opera\u00e7\u00e3o: -10 a 50\u00b0 graus<\/div>\n<div class=\"a11y-text-width js-product-description Product__Description-text\">Objetiva: 3,6mm<\/div>\n<div class=\"a11y-text-width js-product-description Product__Description-text\"><\/div>\n","protected":false},"excerpt":{"rendered":"<p>Artigo Novo<\/p>\n","protected":false},"featured_media":95981,"template":"","meta":[],"product_cat":[232],"product_tag":[1929,1930,1931,1932],"class_list":{"0":"post-95978","1":"product","2":"type-product","3":"status-publish","4":"has-post-thumbnail","6":"product_cat-intercom","7":"product_tag-video","8":"product_tag-vigilancia","9":"product_tag-monitor-digital-video","10":"product_tag-camara-de-video-bebes","12":"first","13":"instock","14":"shipping-taxable","15":"purchasable","16":"product-type-simple"},"yoast_head":"<!-- This site is optimized with the Yoast SEO plugin v23.3 - https:\/\/yoast.com\/wordpress\/plugins\/seo\/ -->\n<title>C\u00e2mara Wifi para Beb\u00e9s Lua - Kid to Kid Online Telheiras<\/title>\n<meta name=\"robots\" content=\"index, follow, max-snippet:-1, max-image-preview:large, max-video-preview:-1\" \/>\n<link rel=\"canonical\" href=\"https:\/\/kidtokidonline.pt\/telheiras\/produto\/camara-wifi-para-bebes-lua\/\" \/>\n<meta property=\"og:locale\" content=\"pt_PT\" \/>\n<meta property=\"og:type\" content=\"article\" \/>\n<meta property=\"og:title\" content=\"C\u00e2mara Wifi para Beb\u00e9s Lua - Kid to Kid Online Telheiras\" \/>\n<meta property=\"og:description\" content=\"Artigo Novo\" \/>\n<meta property=\"og:url\" content=\"https:\/\/kidtokidonline.pt\/telheiras\/produto\/camara-wifi-para-bebes-lua\/\" \/>\n<meta property=\"og:site_name\" content=\"Kid to Kid Online Telheiras\" \/>\n<meta property=\"article:publisher\" content=\"https:\/\/www.facebook.com\/k2ktelheiras\" \/>\n<meta property=\"article:modified_time\" content=\"2025-06-10T15:14:39+00:00\" \/>\n<meta property=\"og:image\" content=\"https:\/\/kidtokidonline.pt\/telheiras\/wp-content\/uploads\/2021\/12\/camara-wifi-lua.jpg\" \/>\n\t<meta property=\"og:image:width\" content=\"1000\" \/>\n\t<meta property=\"og:image:height\" content=\"1000\" \/>\n\t<meta property=\"og:image:type\" content=\"image\/jpeg\" \/>\n<meta name=\"twitter:card\" content=\"summary_large_image\" \/>\n<meta name=\"twitter:label1\" content=\"Tempo estimado de leitura\" \/>\n\t<meta name=\"twitter:data1\" content=\"1 minuto\" \/>\n<script type=\"application\/ld+json\" class=\"yoast-schema-graph\">{\"@context\":\"https:\/\/schema.org\",\"@graph\":[{\"@type\":\"WebPage\",\"@id\":\"https:\/\/kidtokidonline.pt\/telheiras\/produto\/camara-wifi-para-bebes-lua\/\",\"url\":\"https:\/\/kidtokidonline.pt\/telheiras\/produto\/camara-wifi-para-bebes-lua\/\",\"name\":\"C\u00e2mara Wifi para Beb\u00e9s Lua - Kid to Kid Online Telheiras\",\"isPartOf\":{\"@id\":\"https:\/\/kidtokidonline.pt\/telheiras\/#website\"},\"primaryImageOfPage\":{\"@id\":\"https:\/\/kidtokidonline.pt\/telheiras\/produto\/camara-wifi-para-bebes-lua\/#primaryimage\"},\"image\":{\"@id\":\"https:\/\/kidtokidonline.pt\/telheiras\/produto\/camara-wifi-para-bebes-lua\/#primaryimage\"},\"thumbnailUrl\":\"https:\/\/kidtokidonline.pt\/telheiras\/wp-content\/uploads\/2021\/12\/camara-wifi-lua.jpg\",\"datePublished\":\"2021-12-12T12:54:59+00:00\",\"dateModified\":\"2025-06-10T15:14:39+00:00\",\"breadcrumb\":{\"@id\":\"https:\/\/kidtokidonline.pt\/telheiras\/produto\/camara-wifi-para-bebes-lua\/#breadcrumb\"},\"inLanguage\":\"pt-PT\",\"potentialAction\":[{\"@type\":\"ReadAction\",\"target\":[\"https:\/\/kidtokidonline.pt\/telheiras\/produto\/camara-wifi-para-bebes-lua\/\"]}]},{\"@type\":\"ImageObject\",\"inLanguage\":\"pt-PT\",\"@id\":\"https:\/\/kidtokidonline.pt\/telheiras\/produto\/camara-wifi-para-bebes-lua\/#primaryimage\",\"url\":\"https:\/\/kidtokidonline.pt\/telheiras\/wp-content\/uploads\/2021\/12\/camara-wifi-lua.jpg\",\"contentUrl\":\"https:\/\/kidtokidonline.pt\/telheiras\/wp-content\/uploads\/2021\/12\/camara-wifi-lua.jpg\",\"width\":1000,\"height\":1000},{\"@type\":\"BreadcrumbList\",\"@id\":\"https:\/\/kidtokidonline.pt\/telheiras\/produto\/camara-wifi-para-bebes-lua\/#breadcrumb\",\"itemListElement\":[{\"@type\":\"ListItem\",\"position\":1,\"name\":\"In\u00edcio\",\"item\":\"https:\/\/kidtokidonline.pt\/telheiras\/\"},{\"@type\":\"ListItem\",\"position\":2,\"name\":\"Loja\",\"item\":\"https:\/\/kidtokidonline.pt\/telheiras\/loja\/\"},{\"@type\":\"ListItem\",\"position\":3,\"name\":\"C\u00e2mara Wifi para Beb\u00e9s Lua\"}]},{\"@type\":\"WebSite\",\"@id\":\"https:\/\/kidtokidonline.pt\/telheiras\/#website\",\"url\":\"https:\/\/kidtokidonline.pt\/telheiras\/\",\"name\":\"Kid to Kid Online Telheiras\",\"description\":\"Loja online de artigos de crian\u00e7a\",\"publisher\":{\"@id\":\"https:\/\/kidtokidonline.pt\/telheiras\/#organization\"},\"potentialAction\":[{\"@type\":\"SearchAction\",\"target\":{\"@type\":\"EntryPoint\",\"urlTemplate\":\"https:\/\/kidtokidonline.pt\/telheiras\/?s={search_term_string}\"},\"query-input\":\"required name=search_term_string\"}],\"inLanguage\":\"pt-PT\"},{\"@type\":\"Organization\",\"@id\":\"https:\/\/kidtokidonline.pt\/telheiras\/#organization\",\"name\":\"Kid to Kid Telheiras\",\"url\":\"https:\/\/kidtokidonline.pt\/telheiras\/\",\"logo\":{\"@type\":\"ImageObject\",\"inLanguage\":\"pt-PT\",\"@id\":\"https:\/\/kidtokidonline.pt\/telheiras\/#\/schema\/logo\/image\/\",\"url\":\"\",\"contentUrl\":\"\",\"caption\":\"Kid to Kid Telheiras\"},\"image\":{\"@id\":\"https:\/\/kidtokidonline.pt\/telheiras\/#\/schema\/logo\/image\/\"},\"sameAs\":[\"https:\/\/www.facebook.com\/k2ktelheiras\",\"https:\/\/www.instagram.com\/kidtokid_telheiras\/\"]}]}<\/script>\n<!-- \/ Yoast SEO plugin. -->","yoast_head_json":{"title":"C\u00e2mara Wifi para Beb\u00e9s Lua - Kid to Kid Online Telheiras","robots":{"index":"index","follow":"follow","max-snippet":"max-snippet:-1","max-image-preview":"max-image-preview:large","max-video-preview":"max-video-preview:-1"},"canonical":"https:\/\/kidtokidonline.pt\/telheiras\/produto\/camara-wifi-para-bebes-lua\/","og_locale":"pt_PT","og_type":"article","og_title":"C\u00e2mara Wifi para Beb\u00e9s Lua - Kid to Kid Online Telheiras","og_description":"Artigo Novo","og_url":"https:\/\/kidtokidonline.pt\/telheiras\/produto\/camara-wifi-para-bebes-lua\/","og_site_name":"Kid to Kid Online Telheiras","article_publisher":"https:\/\/www.facebook.com\/k2ktelheiras","article_modified_time":"2025-06-10T15:14:39+00:00","og_image":[{"width":1000,"height":1000,"url":"https:\/\/kidtokidonline.pt\/telheiras\/wp-content\/uploads\/2021\/12\/camara-wifi-lua.jpg","type":"image\/jpeg"}],"twitter_card":"summary_large_image","twitter_misc":{"Tempo estimado de leitura":"1 minuto"},"schema":{"@context":"https:\/\/schema.org","@graph":[{"@type":"WebPage","@id":"https:\/\/kidtokidonline.pt\/telheiras\/produto\/camara-wifi-para-bebes-lua\/","url":"https:\/\/kidtokidonline.pt\/telheiras\/produto\/camara-wifi-para-bebes-lua\/","name":"C\u00e2mara Wifi para Beb\u00e9s Lua - Kid to Kid Online Telheiras","isPartOf":{"@id":"https:\/\/kidtokidonline.pt\/telheiras\/#website"},"primaryImageOfPage":{"@id":"https:\/\/kidtokidonline.pt\/telheiras\/produto\/camara-wifi-para-bebes-lua\/#primaryimage"},"image":{"@id":"https:\/\/kidtokidonline.pt\/telheiras\/produto\/camara-wifi-para-bebes-lua\/#primaryimage"},"thumbnailUrl":"https:\/\/kidtokidonline.pt\/telheiras\/wp-content\/uploads\/2021\/12\/camara-wifi-lua.jpg","datePublished":"2021-12-12T12:54:59+00:00","dateModified":"2025-06-10T15:14:39+00:00","breadcrumb":{"@id":"https:\/\/kidtokidonline.pt\/telheiras\/produto\/camara-wifi-para-bebes-lua\/#breadcrumb"},"inLanguage":"pt-PT","potentialAction":[{"@type":"ReadAction","target":["https:\/\/kidtokidonline.pt\/telheiras\/produto\/camara-wifi-para-bebes-lua\/"]}]},{"@type":"ImageObject","inLanguage":"pt-PT","@id":"https:\/\/kidtokidonline.pt\/telheiras\/produto\/camara-wifi-para-bebes-lua\/#primaryimage","url":"https:\/\/kidtokidonline.pt\/telheiras\/wp-content\/uploads\/2021\/12\/camara-wifi-lua.jpg","contentUrl":"https:\/\/kidtokidonline.pt\/telheiras\/wp-content\/uploads\/2021\/12\/camara-wifi-lua.jpg","width":1000,"height":1000},{"@type":"BreadcrumbList","@id":"https:\/\/kidtokidonline.pt\/telheiras\/produto\/camara-wifi-para-bebes-lua\/#breadcrumb","itemListElement":[{"@type":"ListItem","position":1,"name":"In\u00edcio","item":"https:\/\/kidtokidonline.pt\/telheiras\/"},{"@type":"ListItem","position":2,"name":"Loja","item":"https:\/\/kidtokidonline.pt\/telheiras\/loja\/"},{"@type":"ListItem","position":3,"name":"C\u00e2mara Wifi para Beb\u00e9s Lua"}]},{"@type":"WebSite","@id":"https:\/\/kidtokidonline.pt\/telheiras\/#website","url":"https:\/\/kidtokidonline.pt\/telheiras\/","name":"Kid to Kid Online Telheiras","description":"Loja online de artigos de crian\u00e7a","publisher":{"@id":"https:\/\/kidtokidonline.pt\/telheiras\/#organization"},"potentialAction":[{"@type":"SearchAction","target":{"@type":"EntryPoint","urlTemplate":"https:\/\/kidtokidonline.pt\/telheiras\/?s={search_term_string}"},"query-input":"required name=search_term_string"}],"inLanguage":"pt-PT"},{"@type":"Organization","@id":"https:\/\/kidtokidonline.pt\/telheiras\/#organization","name":"Kid to Kid Telheiras","url":"https:\/\/kidtokidonline.pt\/telheiras\/","logo":{"@type":"ImageObject","inLanguage":"pt-PT","@id":"https:\/\/kidtokidonline.pt\/telheiras\/#\/schema\/logo\/image\/","url":"","contentUrl":"","caption":"Kid to Kid Telheiras"},"image":{"@id":"https:\/\/kidtokidonline.pt\/telheiras\/#\/schema\/logo\/image\/"},"sameAs":["https:\/\/www.facebook.com\/k2ktelheiras","https:\/\/www.instagram.com\/kidtokid_telheiras\/"]}]}},"_links":{"self":[{"href":"https:\/\/kidtokidonline.pt\/telheiras\/wp-json\/wp\/v2\/product\/95978"}],"collection":[{"href":"https:\/\/kidtokidonline.pt\/telheiras\/wp-json\/wp\/v2\/product"}],"about":[{"href":"https:\/\/kidtokidonline.pt\/telheiras\/wp-json\/wp\/v2\/types\/product"}],"wp:featuredmedia":[{"embeddable":true,"href":"https:\/\/kidtokidonline.pt\/telheiras\/wp-json\/wp\/v2\/media\/95981"}],"wp:attachment":[{"href":"https:\/\/kidtokidonline.pt\/telheiras\/wp-json\/wp\/v2\/media?parent=95978"}],"wp:term":[{"taxonomy":"product_cat","embeddable":true,"href":"https:\/\/kidtokidonline.pt\/telheiras\/wp-json\/wp\/v2\/product_cat?post=95978"},{"taxonomy":"product_tag","embeddable":true,"href":"https:\/\/kidtokidonline.pt\/telheiras\/wp-json\/wp\/v2\/product_tag?post=95978"}],"curies":[{"name":"wp","href":"https:\/\/api.w.org\/{rel}","templated":true}]}}