{"id":70057,"date":"2021-05-26T19:41:16","date_gmt":"2021-05-26T19:41:16","guid":{"rendered":"https:\/\/kidtokidonline.pt\/telheiras\/?post_type=product&#038;p=70057"},"modified":"2024-05-28T17:40:48","modified_gmt":"2024-05-28T17:40:48","slug":"cama-de-grades-lovely-premium-interbaby","status":"publish","type":"product","link":"https:\/\/kidtokidonline.pt\/telheiras\/produto\/cama-de-grades-lovely-premium-interbaby\/","title":{"rendered":"Cama De Grades Lovely Premium Interbaby"},"content":{"rendered":"<p>A cama Lovely Premium da Interbaby foi especialmente desenhada para acompanhar o descanso do beb\u00e9 ao longo do seu crescimento.<br \/>\n\u00c9 uma bonita cama de madeira procedente de bosques sustent\u00e1veis e lacada a branco.<br \/>\nA cama Lovely Premium pode ser transformada em cama junto ao leito gra\u00e7as ao seu novador sistema de grades totalmente rebat\u00edvel. Para isso necessitar\u00e1 de adquirir o Kit junto ao leito dispon\u00edvel no nossa loja.<br \/>\nTem uma grade lateral amov\u00edvel que sobe e desce para ser mais f\u00e1cil e c\u00f3modo deitar o beb\u00e9.<br \/>\nO estrado \u00e9 regul\u00e1vel em altura em 8 posi\u00e7\u00f5es, disp\u00f5e de grades com barrotes com duplo sistema de seguran\u00e7a e rodas com trav\u00e3o.<br \/>\nTem um desenho de um ursito com cora\u00e7\u00f5es na parte da frente.<\/p>\n<p>Medidas da cama: 125x64x93 cm.<br \/>\nComposi\u00e7\u00e3o: Madeira<br \/>\nV\u00e9rtices arredondados<br \/>\nRegul\u00e1vel 8 alturas.<br \/>\nRodas com Trav\u00e3o<\/p>\n<p>Para a limpeza da cama recomenda-se usar um pano liso ou esponja humedecida em \u00e1gua e sab\u00e3o.<br \/>\nNormativa Europeia de Seguran\u00e7a<\/p>\n","protected":false},"excerpt":{"rendered":"<p>Artigo Novo<\/p>\n","protected":false},"featured_media":70058,"template":"","meta":[],"product_cat":[940],"product_tag":[1375,1594,1654,1657,1667,1668,1669,1670],"class_list":{"0":"post-70057","1":"product","2":"type-product","3":"status-publish","4":"has-post-thumbnail","6":"product_cat-bercos-camas-e-alcofas","7":"product_tag-berco","8":"product_tag-cama-de-grades","9":"product_tag-interbaby","10":"product_tag-berco-junto-ao-leito","11":"product_tag-cama","12":"product_tag-lovely-premium","13":"product_tag-cama-interbaby","14":"product_tag-cama-lovely-premium","16":"first","17":"instock","18":"shipping-taxable","19":"purchasable","20":"product-type-simple"},"yoast_head":"<!-- This site is optimized with the Yoast SEO plugin v23.3 - https:\/\/yoast.com\/wordpress\/plugins\/seo\/ -->\n<title>Cama De Grades Lovely Premium Interbaby - Kid to Kid Online Telheiras<\/title>\n<meta name=\"robots\" content=\"index, follow, max-snippet:-1, max-image-preview:large, max-video-preview:-1\" \/>\n<link rel=\"canonical\" href=\"https:\/\/kidtokidonline.pt\/telheiras\/produto\/cama-de-grades-lovely-premium-interbaby\/\" \/>\n<meta property=\"og:locale\" content=\"pt_PT\" \/>\n<meta property=\"og:type\" content=\"article\" \/>\n<meta property=\"og:title\" content=\"Cama De Grades Lovely Premium Interbaby - Kid to Kid Online Telheiras\" \/>\n<meta property=\"og:description\" content=\"Artigo Novo\" \/>\n<meta property=\"og:url\" content=\"https:\/\/kidtokidonline.pt\/telheiras\/produto\/cama-de-grades-lovely-premium-interbaby\/\" \/>\n<meta property=\"og:site_name\" content=\"Kid to Kid Online Telheiras\" \/>\n<meta property=\"article:publisher\" content=\"https:\/\/www.facebook.com\/k2ktelheiras\" \/>\n<meta property=\"article:modified_time\" content=\"2024-05-28T17:40:48+00:00\" \/>\n<meta property=\"og:image\" content=\"https:\/\/kidtokidonline.pt\/telheiras\/wp-content\/uploads\/2021\/05\/cuna-colecho-lovely-interbaby.jpg\" \/>\n\t<meta property=\"og:image:width\" content=\"539\" \/>\n\t<meta property=\"og:image:height\" content=\"539\" \/>\n\t<meta property=\"og:image:type\" content=\"image\/jpeg\" \/>\n<meta name=\"twitter:card\" content=\"summary_large_image\" \/>\n<meta name=\"twitter:label1\" content=\"Tempo estimado de leitura\" \/>\n\t<meta name=\"twitter:data1\" content=\"1 minuto\" \/>\n<script type=\"application\/ld+json\" class=\"yoast-schema-graph\">{\"@context\":\"https:\/\/schema.org\",\"@graph\":[{\"@type\":\"WebPage\",\"@id\":\"https:\/\/kidtokidonline.pt\/telheiras\/produto\/cama-de-grades-lovely-premium-interbaby\/\",\"url\":\"https:\/\/kidtokidonline.pt\/telheiras\/produto\/cama-de-grades-lovely-premium-interbaby\/\",\"name\":\"Cama De Grades Lovely Premium Interbaby - Kid to Kid Online Telheiras\",\"isPartOf\":{\"@id\":\"https:\/\/kidtokidonline.pt\/telheiras\/#website\"},\"primaryImageOfPage\":{\"@id\":\"https:\/\/kidtokidonline.pt\/telheiras\/produto\/cama-de-grades-lovely-premium-interbaby\/#primaryimage\"},\"image\":{\"@id\":\"https:\/\/kidtokidonline.pt\/telheiras\/produto\/cama-de-grades-lovely-premium-interbaby\/#primaryimage\"},\"thumbnailUrl\":\"https:\/\/kidtokidonline.pt\/telheiras\/wp-content\/uploads\/2021\/05\/cuna-colecho-lovely-interbaby.jpg\",\"datePublished\":\"2021-05-26T19:41:16+00:00\",\"dateModified\":\"2024-05-28T17:40:48+00:00\",\"breadcrumb\":{\"@id\":\"https:\/\/kidtokidonline.pt\/telheiras\/produto\/cama-de-grades-lovely-premium-interbaby\/#breadcrumb\"},\"inLanguage\":\"pt-PT\",\"potentialAction\":[{\"@type\":\"ReadAction\",\"target\":[\"https:\/\/kidtokidonline.pt\/telheiras\/produto\/cama-de-grades-lovely-premium-interbaby\/\"]}]},{\"@type\":\"ImageObject\",\"inLanguage\":\"pt-PT\",\"@id\":\"https:\/\/kidtokidonline.pt\/telheiras\/produto\/cama-de-grades-lovely-premium-interbaby\/#primaryimage\",\"url\":\"https:\/\/kidtokidonline.pt\/telheiras\/wp-content\/uploads\/2021\/05\/cuna-colecho-lovely-interbaby.jpg\",\"contentUrl\":\"https:\/\/kidtokidonline.pt\/telheiras\/wp-content\/uploads\/2021\/05\/cuna-colecho-lovely-interbaby.jpg\",\"width\":539,\"height\":539},{\"@type\":\"BreadcrumbList\",\"@id\":\"https:\/\/kidtokidonline.pt\/telheiras\/produto\/cama-de-grades-lovely-premium-interbaby\/#breadcrumb\",\"itemListElement\":[{\"@type\":\"ListItem\",\"position\":1,\"name\":\"In\u00edcio\",\"item\":\"https:\/\/kidtokidonline.pt\/telheiras\/\"},{\"@type\":\"ListItem\",\"position\":2,\"name\":\"Loja\",\"item\":\"https:\/\/kidtokidonline.pt\/telheiras\/loja\/\"},{\"@type\":\"ListItem\",\"position\":3,\"name\":\"Cama De Grades Lovely Premium Interbaby\"}]},{\"@type\":\"WebSite\",\"@id\":\"https:\/\/kidtokidonline.pt\/telheiras\/#website\",\"url\":\"https:\/\/kidtokidonline.pt\/telheiras\/\",\"name\":\"Kid to Kid Online Telheiras\",\"description\":\"Loja online de artigos de crian\u00e7a\",\"publisher\":{\"@id\":\"https:\/\/kidtokidonline.pt\/telheiras\/#organization\"},\"potentialAction\":[{\"@type\":\"SearchAction\",\"target\":{\"@type\":\"EntryPoint\",\"urlTemplate\":\"https:\/\/kidtokidonline.pt\/telheiras\/?s={search_term_string}\"},\"query-input\":\"required name=search_term_string\"}],\"inLanguage\":\"pt-PT\"},{\"@type\":\"Organization\",\"@id\":\"https:\/\/kidtokidonline.pt\/telheiras\/#organization\",\"name\":\"Kid to Kid Telheiras\",\"url\":\"https:\/\/kidtokidonline.pt\/telheiras\/\",\"logo\":{\"@type\":\"ImageObject\",\"inLanguage\":\"pt-PT\",\"@id\":\"https:\/\/kidtokidonline.pt\/telheiras\/#\/schema\/logo\/image\/\",\"url\":\"\",\"contentUrl\":\"\",\"caption\":\"Kid to Kid Telheiras\"},\"image\":{\"@id\":\"https:\/\/kidtokidonline.pt\/telheiras\/#\/schema\/logo\/image\/\"},\"sameAs\":[\"https:\/\/www.facebook.com\/k2ktelheiras\",\"https:\/\/www.instagram.com\/kidtokid_telheiras\/\"]}]}<\/script>\n<!-- \/ Yoast SEO plugin. -->","yoast_head_json":{"title":"Cama De Grades Lovely Premium Interbaby - Kid to Kid Online Telheiras","robots":{"index":"index","follow":"follow","max-snippet":"max-snippet:-1","max-image-preview":"max-image-preview:large","max-video-preview":"max-video-preview:-1"},"canonical":"https:\/\/kidtokidonline.pt\/telheiras\/produto\/cama-de-grades-lovely-premium-interbaby\/","og_locale":"pt_PT","og_type":"article","og_title":"Cama De Grades Lovely Premium Interbaby - Kid to Kid Online Telheiras","og_description":"Artigo Novo","og_url":"https:\/\/kidtokidonline.pt\/telheiras\/produto\/cama-de-grades-lovely-premium-interbaby\/","og_site_name":"Kid to Kid Online Telheiras","article_publisher":"https:\/\/www.facebook.com\/k2ktelheiras","article_modified_time":"2024-05-28T17:40:48+00:00","og_image":[{"width":539,"height":539,"url":"https:\/\/kidtokidonline.pt\/telheiras\/wp-content\/uploads\/2021\/05\/cuna-colecho-lovely-interbaby.jpg","type":"image\/jpeg"}],"twitter_card":"summary_large_image","twitter_misc":{"Tempo estimado de leitura":"1 minuto"},"schema":{"@context":"https:\/\/schema.org","@graph":[{"@type":"WebPage","@id":"https:\/\/kidtokidonline.pt\/telheiras\/produto\/cama-de-grades-lovely-premium-interbaby\/","url":"https:\/\/kidtokidonline.pt\/telheiras\/produto\/cama-de-grades-lovely-premium-interbaby\/","name":"Cama De Grades Lovely Premium Interbaby - Kid to Kid Online Telheiras","isPartOf":{"@id":"https:\/\/kidtokidonline.pt\/telheiras\/#website"},"primaryImageOfPage":{"@id":"https:\/\/kidtokidonline.pt\/telheiras\/produto\/cama-de-grades-lovely-premium-interbaby\/#primaryimage"},"image":{"@id":"https:\/\/kidtokidonline.pt\/telheiras\/produto\/cama-de-grades-lovely-premium-interbaby\/#primaryimage"},"thumbnailUrl":"https:\/\/kidtokidonline.pt\/telheiras\/wp-content\/uploads\/2021\/05\/cuna-colecho-lovely-interbaby.jpg","datePublished":"2021-05-26T19:41:16+00:00","dateModified":"2024-05-28T17:40:48+00:00","breadcrumb":{"@id":"https:\/\/kidtokidonline.pt\/telheiras\/produto\/cama-de-grades-lovely-premium-interbaby\/#breadcrumb"},"inLanguage":"pt-PT","potentialAction":[{"@type":"ReadAction","target":["https:\/\/kidtokidonline.pt\/telheiras\/produto\/cama-de-grades-lovely-premium-interbaby\/"]}]},{"@type":"ImageObject","inLanguage":"pt-PT","@id":"https:\/\/kidtokidonline.pt\/telheiras\/produto\/cama-de-grades-lovely-premium-interbaby\/#primaryimage","url":"https:\/\/kidtokidonline.pt\/telheiras\/wp-content\/uploads\/2021\/05\/cuna-colecho-lovely-interbaby.jpg","contentUrl":"https:\/\/kidtokidonline.pt\/telheiras\/wp-content\/uploads\/2021\/05\/cuna-colecho-lovely-interbaby.jpg","width":539,"height":539},{"@type":"BreadcrumbList","@id":"https:\/\/kidtokidonline.pt\/telheiras\/produto\/cama-de-grades-lovely-premium-interbaby\/#breadcrumb","itemListElement":[{"@type":"ListItem","position":1,"name":"In\u00edcio","item":"https:\/\/kidtokidonline.pt\/telheiras\/"},{"@type":"ListItem","position":2,"name":"Loja","item":"https:\/\/kidtokidonline.pt\/telheiras\/loja\/"},{"@type":"ListItem","position":3,"name":"Cama De Grades Lovely Premium Interbaby"}]},{"@type":"WebSite","@id":"https:\/\/kidtokidonline.pt\/telheiras\/#website","url":"https:\/\/kidtokidonline.pt\/telheiras\/","name":"Kid to Kid Online Telheiras","description":"Loja online de artigos de crian\u00e7a","publisher":{"@id":"https:\/\/kidtokidonline.pt\/telheiras\/#organization"},"potentialAction":[{"@type":"SearchAction","target":{"@type":"EntryPoint","urlTemplate":"https:\/\/kidtokidonline.pt\/telheiras\/?s={search_term_string}"},"query-input":"required name=search_term_string"}],"inLanguage":"pt-PT"},{"@type":"Organization","@id":"https:\/\/kidtokidonline.pt\/telheiras\/#organization","name":"Kid to Kid Telheiras","url":"https:\/\/kidtokidonline.pt\/telheiras\/","logo":{"@type":"ImageObject","inLanguage":"pt-PT","@id":"https:\/\/kidtokidonline.pt\/telheiras\/#\/schema\/logo\/image\/","url":"","contentUrl":"","caption":"Kid to Kid Telheiras"},"image":{"@id":"https:\/\/kidtokidonline.pt\/telheiras\/#\/schema\/logo\/image\/"},"sameAs":["https:\/\/www.facebook.com\/k2ktelheiras","https:\/\/www.instagram.com\/kidtokid_telheiras\/"]}]}},"_links":{"self":[{"href":"https:\/\/kidtokidonline.pt\/telheiras\/wp-json\/wp\/v2\/product\/70057"}],"collection":[{"href":"https:\/\/kidtokidonline.pt\/telheiras\/wp-json\/wp\/v2\/product"}],"about":[{"href":"https:\/\/kidtokidonline.pt\/telheiras\/wp-json\/wp\/v2\/types\/product"}],"wp:featuredmedia":[{"embeddable":true,"href":"https:\/\/kidtokidonline.pt\/telheiras\/wp-json\/wp\/v2\/media\/70058"}],"wp:attachment":[{"href":"https:\/\/kidtokidonline.pt\/telheiras\/wp-json\/wp\/v2\/media?parent=70057"}],"wp:term":[{"taxonomy":"product_cat","embeddable":true,"href":"https:\/\/kidtokidonline.pt\/telheiras\/wp-json\/wp\/v2\/product_cat?post=70057"},{"taxonomy":"product_tag","embeddable":true,"href":"https:\/\/kidtokidonline.pt\/telheiras\/wp-json\/wp\/v2\/product_tag?post=70057"}],"curies":[{"name":"wp","href":"https:\/\/api.w.org\/{rel}","templated":true}]}}