{"id":54708,"date":"2021-01-22T22:10:25","date_gmt":"2021-01-22T22:10:25","guid":{"rendered":"https:\/\/kidtokidonline.pt\/telheiras\/produto\/duo-convertivel-em-alcofa-darling\/"},"modified":"2025-02-14T11:04:03","modified_gmt":"2025-02-14T11:04:03","slug":"duo-convertivel-em-alcofa-darling","status":"publish","type":"product","link":"https:\/\/kidtokidonline.pt\/telheiras\/produto\/duo-convertivel-em-alcofa-darling\/","title":{"rendered":"Duo Convertivel em Alcofa DARLING"},"content":{"rendered":"<h5>Carateristicas:<\/h5>\n<p><strong>Carrinho de beb\u00e9:<\/strong><\/p>\n<p>\u2013 Adequado desde o nascimento at\u00e9 aos 22 kg;<\/p>\n<p>\u2013 Estrutura de a\u00e7o leve com sistema de dobragem r\u00e1pido e f\u00e1cil;<\/p>\n<p>\u2013 Assento virado para a frente e para tr\u00e1s;<\/p>\n<p>\u2013 A unidade do assento converte-se em alcofa;<\/p>\n<p>\u2013 Pega de empurrar ajust\u00e1vel em pele;<\/p>\n<p>\u2013 Capota com guarda-sol e regula\u00e7\u00e3o;<\/p>\n<p>\u2013 Para-choques amov\u00edvel em pele;<\/p>\n<p>\u2013 Sistema de arn\u00eas de 5 pontos com tiras de ombro e coberturas de fivela inferiores;<\/p>\n<p>\u2013 Rodas dianteiras com rota\u00e7\u00e3o de 360 graus e mecanismo de bloqueio;<\/p>\n<p>\u2013 Bolsos traseiros na unidade do assento;<\/p>\n<p>\u2013 Suspens\u00e3o no chassis e nas rodas dianteiras;<\/p>\n<p>\u2013 Trav\u00e3o traseiro de um toque;<\/p>\n<p>\u2013 Assento reclin\u00e1vel ajust\u00e1vel em 3 posi\u00e7\u00f5es.<\/p>\n<p><strong>Cadeira de autom\u00f3vel:<\/strong><\/p>\n<p>\u2013 Pega de transporte ergon\u00f3mica em v\u00e1rias posi\u00e7\u00f5es;<\/p>\n<p>\u2013 Capota amov\u00edvel;<\/p>\n<p>\u2013 Almofada de assento macia;<\/p>\n<p>\u2013 Capota regul\u00e1vel em 4 posi\u00e7\u00f5es;<\/p>\n<p>\u2013 Sistema de arn\u00eas de 3 pontos com almofadas para os ombros e coberturas inferiores com fivela;<\/p>\n<p>\u2013 i-SIZE (40-87 cm) Regulamento n.\u00ba R129\/03 da ONU.<\/p>\n<p><strong>Acess\u00f3rios inclu\u00eddos:<\/strong>\u00a0protetor de p\u00e9s do assento, adaptadores, saco de m\u00famia, rede mosquiteira, porta-copos.<\/p>\n<p><strong>Dimens\u00f5es:<\/strong><\/p>\n<p>\u2013 Carrinho de beb\u00e9: 110x91x62 cm \/ Dobrado: 40x110x62 cm \/ 13 kg.<\/p>\n<p>\u2013 Cadeira auto: 60x69x38 cm \/ 2,85 kg<\/p>\n<p>\u2013 Caixa: 72x52x52 cm<\/p>\n","protected":false},"excerpt":{"rendered":"<p>Artigo Novo<\/p>\n","protected":false},"featured_media":224068,"template":"","meta":[],"product_cat":[782],"product_tag":[957],"class_list":{"0":"post-54708","1":"product","2":"type-product","3":"status-publish","4":"has-post-thumbnail","6":"product_cat-carrinhos-de-passeio","7":"product_tag-carro-de-passeio-c-cadeira-auto","9":"first","10":"instock","11":"shipping-taxable","12":"purchasable","13":"product-type-simple"},"yoast_head":"<!-- This site is optimized with the Yoast SEO plugin v23.3 - https:\/\/yoast.com\/wordpress\/plugins\/seo\/ -->\n<title>Duo Convertivel em Alcofa DARLING - Kid to Kid Online Telheiras<\/title>\n<meta name=\"robots\" content=\"index, follow, max-snippet:-1, max-image-preview:large, max-video-preview:-1\" \/>\n<link rel=\"canonical\" href=\"https:\/\/kidtokidonline.pt\/telheiras\/produto\/duo-convertivel-em-alcofa-darling\/\" \/>\n<meta property=\"og:locale\" content=\"pt_PT\" \/>\n<meta property=\"og:type\" content=\"article\" \/>\n<meta property=\"og:title\" content=\"Duo Convertivel em Alcofa DARLING - Kid to Kid Online Telheiras\" \/>\n<meta property=\"og:description\" content=\"Artigo Novo\" \/>\n<meta property=\"og:url\" content=\"https:\/\/kidtokidonline.pt\/telheiras\/produto\/duo-convertivel-em-alcofa-darling\/\" \/>\n<meta property=\"og:site_name\" content=\"Kid to Kid Online Telheiras\" \/>\n<meta property=\"article:publisher\" content=\"https:\/\/www.facebook.com\/k2ktelheiras\" \/>\n<meta property=\"article:modified_time\" content=\"2025-02-14T11:04:03+00:00\" \/>\n<meta property=\"og:image\" content=\"https:\/\/kidtokidonline.pt\/telheiras\/wp-content\/uploads\/2021\/01\/Carrinho-de-bebe.jpg\" \/>\n\t<meta property=\"og:image:width\" content=\"900\" \/>\n\t<meta property=\"og:image:height\" content=\"900\" \/>\n\t<meta property=\"og:image:type\" content=\"image\/jpeg\" \/>\n<meta name=\"twitter:card\" content=\"summary_large_image\" \/>\n<meta name=\"twitter:label1\" content=\"Tempo estimado de leitura\" \/>\n\t<meta name=\"twitter:data1\" content=\"2 minutos\" \/>\n<script type=\"application\/ld+json\" class=\"yoast-schema-graph\">{\"@context\":\"https:\/\/schema.org\",\"@graph\":[{\"@type\":\"WebPage\",\"@id\":\"https:\/\/kidtokidonline.pt\/telheiras\/produto\/duo-convertivel-em-alcofa-darling\/\",\"url\":\"https:\/\/kidtokidonline.pt\/telheiras\/produto\/duo-convertivel-em-alcofa-darling\/\",\"name\":\"Duo Convertivel em Alcofa DARLING - Kid to Kid Online Telheiras\",\"isPartOf\":{\"@id\":\"https:\/\/kidtokidonline.pt\/telheiras\/#website\"},\"primaryImageOfPage\":{\"@id\":\"https:\/\/kidtokidonline.pt\/telheiras\/produto\/duo-convertivel-em-alcofa-darling\/#primaryimage\"},\"image\":{\"@id\":\"https:\/\/kidtokidonline.pt\/telheiras\/produto\/duo-convertivel-em-alcofa-darling\/#primaryimage\"},\"thumbnailUrl\":\"https:\/\/kidtokidonline.pt\/telheiras\/wp-content\/uploads\/2021\/01\/Carrinho-de-bebe.jpg\",\"datePublished\":\"2021-01-22T22:10:25+00:00\",\"dateModified\":\"2025-02-14T11:04:03+00:00\",\"breadcrumb\":{\"@id\":\"https:\/\/kidtokidonline.pt\/telheiras\/produto\/duo-convertivel-em-alcofa-darling\/#breadcrumb\"},\"inLanguage\":\"pt-PT\",\"potentialAction\":[{\"@type\":\"ReadAction\",\"target\":[\"https:\/\/kidtokidonline.pt\/telheiras\/produto\/duo-convertivel-em-alcofa-darling\/\"]}]},{\"@type\":\"ImageObject\",\"inLanguage\":\"pt-PT\",\"@id\":\"https:\/\/kidtokidonline.pt\/telheiras\/produto\/duo-convertivel-em-alcofa-darling\/#primaryimage\",\"url\":\"https:\/\/kidtokidonline.pt\/telheiras\/wp-content\/uploads\/2021\/01\/Carrinho-de-bebe.jpg\",\"contentUrl\":\"https:\/\/kidtokidonline.pt\/telheiras\/wp-content\/uploads\/2021\/01\/Carrinho-de-bebe.jpg\",\"width\":900,\"height\":900},{\"@type\":\"BreadcrumbList\",\"@id\":\"https:\/\/kidtokidonline.pt\/telheiras\/produto\/duo-convertivel-em-alcofa-darling\/#breadcrumb\",\"itemListElement\":[{\"@type\":\"ListItem\",\"position\":1,\"name\":\"In\u00edcio\",\"item\":\"https:\/\/kidtokidonline.pt\/telheiras\/\"},{\"@type\":\"ListItem\",\"position\":2,\"name\":\"Loja\",\"item\":\"https:\/\/kidtokidonline.pt\/telheiras\/loja\/\"},{\"@type\":\"ListItem\",\"position\":3,\"name\":\"Duo Convertivel em Alcofa DARLING\"}]},{\"@type\":\"WebSite\",\"@id\":\"https:\/\/kidtokidonline.pt\/telheiras\/#website\",\"url\":\"https:\/\/kidtokidonline.pt\/telheiras\/\",\"name\":\"Kid to Kid Online Telheiras\",\"description\":\"Loja online de artigos de crian\u00e7a\",\"publisher\":{\"@id\":\"https:\/\/kidtokidonline.pt\/telheiras\/#organization\"},\"potentialAction\":[{\"@type\":\"SearchAction\",\"target\":{\"@type\":\"EntryPoint\",\"urlTemplate\":\"https:\/\/kidtokidonline.pt\/telheiras\/?s={search_term_string}\"},\"query-input\":\"required name=search_term_string\"}],\"inLanguage\":\"pt-PT\"},{\"@type\":\"Organization\",\"@id\":\"https:\/\/kidtokidonline.pt\/telheiras\/#organization\",\"name\":\"Kid to Kid Telheiras\",\"url\":\"https:\/\/kidtokidonline.pt\/telheiras\/\",\"logo\":{\"@type\":\"ImageObject\",\"inLanguage\":\"pt-PT\",\"@id\":\"https:\/\/kidtokidonline.pt\/telheiras\/#\/schema\/logo\/image\/\",\"url\":\"\",\"contentUrl\":\"\",\"caption\":\"Kid to Kid Telheiras\"},\"image\":{\"@id\":\"https:\/\/kidtokidonline.pt\/telheiras\/#\/schema\/logo\/image\/\"},\"sameAs\":[\"https:\/\/www.facebook.com\/k2ktelheiras\",\"https:\/\/www.instagram.com\/kidtokid_telheiras\/\"]}]}<\/script>\n<!-- \/ Yoast SEO plugin. -->","yoast_head_json":{"title":"Duo Convertivel em Alcofa DARLING - Kid to Kid Online Telheiras","robots":{"index":"index","follow":"follow","max-snippet":"max-snippet:-1","max-image-preview":"max-image-preview:large","max-video-preview":"max-video-preview:-1"},"canonical":"https:\/\/kidtokidonline.pt\/telheiras\/produto\/duo-convertivel-em-alcofa-darling\/","og_locale":"pt_PT","og_type":"article","og_title":"Duo Convertivel em Alcofa DARLING - Kid to Kid Online Telheiras","og_description":"Artigo Novo","og_url":"https:\/\/kidtokidonline.pt\/telheiras\/produto\/duo-convertivel-em-alcofa-darling\/","og_site_name":"Kid to Kid Online Telheiras","article_publisher":"https:\/\/www.facebook.com\/k2ktelheiras","article_modified_time":"2025-02-14T11:04:03+00:00","og_image":[{"width":900,"height":900,"url":"https:\/\/kidtokidonline.pt\/telheiras\/wp-content\/uploads\/2021\/01\/Carrinho-de-bebe.jpg","type":"image\/jpeg"}],"twitter_card":"summary_large_image","twitter_misc":{"Tempo estimado de leitura":"2 minutos"},"schema":{"@context":"https:\/\/schema.org","@graph":[{"@type":"WebPage","@id":"https:\/\/kidtokidonline.pt\/telheiras\/produto\/duo-convertivel-em-alcofa-darling\/","url":"https:\/\/kidtokidonline.pt\/telheiras\/produto\/duo-convertivel-em-alcofa-darling\/","name":"Duo Convertivel em Alcofa DARLING - Kid to Kid Online Telheiras","isPartOf":{"@id":"https:\/\/kidtokidonline.pt\/telheiras\/#website"},"primaryImageOfPage":{"@id":"https:\/\/kidtokidonline.pt\/telheiras\/produto\/duo-convertivel-em-alcofa-darling\/#primaryimage"},"image":{"@id":"https:\/\/kidtokidonline.pt\/telheiras\/produto\/duo-convertivel-em-alcofa-darling\/#primaryimage"},"thumbnailUrl":"https:\/\/kidtokidonline.pt\/telheiras\/wp-content\/uploads\/2021\/01\/Carrinho-de-bebe.jpg","datePublished":"2021-01-22T22:10:25+00:00","dateModified":"2025-02-14T11:04:03+00:00","breadcrumb":{"@id":"https:\/\/kidtokidonline.pt\/telheiras\/produto\/duo-convertivel-em-alcofa-darling\/#breadcrumb"},"inLanguage":"pt-PT","potentialAction":[{"@type":"ReadAction","target":["https:\/\/kidtokidonline.pt\/telheiras\/produto\/duo-convertivel-em-alcofa-darling\/"]}]},{"@type":"ImageObject","inLanguage":"pt-PT","@id":"https:\/\/kidtokidonline.pt\/telheiras\/produto\/duo-convertivel-em-alcofa-darling\/#primaryimage","url":"https:\/\/kidtokidonline.pt\/telheiras\/wp-content\/uploads\/2021\/01\/Carrinho-de-bebe.jpg","contentUrl":"https:\/\/kidtokidonline.pt\/telheiras\/wp-content\/uploads\/2021\/01\/Carrinho-de-bebe.jpg","width":900,"height":900},{"@type":"BreadcrumbList","@id":"https:\/\/kidtokidonline.pt\/telheiras\/produto\/duo-convertivel-em-alcofa-darling\/#breadcrumb","itemListElement":[{"@type":"ListItem","position":1,"name":"In\u00edcio","item":"https:\/\/kidtokidonline.pt\/telheiras\/"},{"@type":"ListItem","position":2,"name":"Loja","item":"https:\/\/kidtokidonline.pt\/telheiras\/loja\/"},{"@type":"ListItem","position":3,"name":"Duo Convertivel em Alcofa DARLING"}]},{"@type":"WebSite","@id":"https:\/\/kidtokidonline.pt\/telheiras\/#website","url":"https:\/\/kidtokidonline.pt\/telheiras\/","name":"Kid to Kid Online Telheiras","description":"Loja online de artigos de crian\u00e7a","publisher":{"@id":"https:\/\/kidtokidonline.pt\/telheiras\/#organization"},"potentialAction":[{"@type":"SearchAction","target":{"@type":"EntryPoint","urlTemplate":"https:\/\/kidtokidonline.pt\/telheiras\/?s={search_term_string}"},"query-input":"required name=search_term_string"}],"inLanguage":"pt-PT"},{"@type":"Organization","@id":"https:\/\/kidtokidonline.pt\/telheiras\/#organization","name":"Kid to Kid Telheiras","url":"https:\/\/kidtokidonline.pt\/telheiras\/","logo":{"@type":"ImageObject","inLanguage":"pt-PT","@id":"https:\/\/kidtokidonline.pt\/telheiras\/#\/schema\/logo\/image\/","url":"","contentUrl":"","caption":"Kid to Kid Telheiras"},"image":{"@id":"https:\/\/kidtokidonline.pt\/telheiras\/#\/schema\/logo\/image\/"},"sameAs":["https:\/\/www.facebook.com\/k2ktelheiras","https:\/\/www.instagram.com\/kidtokid_telheiras\/"]}]}},"_links":{"self":[{"href":"https:\/\/kidtokidonline.pt\/telheiras\/wp-json\/wp\/v2\/product\/54708"}],"collection":[{"href":"https:\/\/kidtokidonline.pt\/telheiras\/wp-json\/wp\/v2\/product"}],"about":[{"href":"https:\/\/kidtokidonline.pt\/telheiras\/wp-json\/wp\/v2\/types\/product"}],"wp:featuredmedia":[{"embeddable":true,"href":"https:\/\/kidtokidonline.pt\/telheiras\/wp-json\/wp\/v2\/media\/224068"}],"wp:attachment":[{"href":"https:\/\/kidtokidonline.pt\/telheiras\/wp-json\/wp\/v2\/media?parent=54708"}],"wp:term":[{"taxonomy":"product_cat","embeddable":true,"href":"https:\/\/kidtokidonline.pt\/telheiras\/wp-json\/wp\/v2\/product_cat?post=54708"},{"taxonomy":"product_tag","embeddable":true,"href":"https:\/\/kidtokidonline.pt\/telheiras\/wp-json\/wp\/v2\/product_tag?post=54708"}],"curies":[{"name":"wp","href":"https:\/\/api.w.org\/{rel}","templated":true}]}}