{"id":224713,"date":"2026-04-09T13:52:47","date_gmt":"2026-04-09T13:52:47","guid":{"rendered":"https:\/\/kidtokidonline.pt\/telheiras\/?post_type=product&#038;p=224713"},"modified":"2026-04-11T11:17:07","modified_gmt":"2026-04-11T11:17:07","slug":"cadeira-auto-profix-negra","status":"publish","type":"product","link":"https:\/\/kidtokidonline.pt\/telheiras\/produto\/cadeira-auto-profix-negra\/","title":{"rendered":"Cadeira Auto Profix Negra C\/ ISOFIX"},"content":{"rendered":"<p><strong>Asalvo &#8211; Cadeira auto Profix Negra 76-150 cm<\/strong>. Perfeita para viajar com crian\u00e7as com altura entre 76 e 150 cm. Sua instala\u00e7\u00e3o com Isofix e top tether proporciona um n\u00edvel superior de seguran\u00e7a na estrada.<\/p>\n<p>O assento, amplo e confort\u00e1vel, n\u00e3o apenas garante o conforto do seu pequeno, mas tamb\u00e9m \u00e9 dobr\u00e1vel para economizar espa\u00e7o quando n\u00e3o est\u00e1 em uso. A prote\u00e7\u00e3o contra impactos laterais oferece tranquilidade e seguran\u00e7a adicionais. O apoio de cabe\u00e7a, ajust\u00e1vel em altura at\u00e9 23 cm, adapta-se ao crescimento do seu filho.<\/p>\n<p>Al\u00e9m disso, o tecido da cadeira \u00e9 remov\u00edvel e lav\u00e1vel para facilitar a limpeza, e a possibilidade de ajustar simultaneamente o arn\u00eas e o apoio de cabe\u00e7a torna-a ainda mais pr\u00e1tica. Com a Cadeira de Auto Profix I-Size, suas viagens em fam\u00edlia ser\u00e3o confort\u00e1veis, seguras e sem complica\u00e7\u00f5es.<\/p>\n<p>Caracter\u00edsticas:<\/p>\n<ul>\n<li>De 76 a 150 cm.<\/li>\n<li>Instala\u00e7\u00e3o no ve\u00edculo: Isofix + top tether.<\/li>\n<li>Assento amplo e confort\u00e1vel, dobr\u00e1vel para economizar espa\u00e7o.<\/li>\n<li>Prote\u00e7\u00e3o contra impactos laterais.<\/li>\n<li>Apoio de cabe\u00e7a regul\u00e1vel em altura at\u00e9 23 cm.<\/li>\n<li>Tecido remov\u00edvel e lav\u00e1vel.<\/li>\n<li>O arn\u00eas e o apoio de cabe\u00e7a podem ser ajustados simultaneamente.<\/li>\n<\/ul>\n<p>A cadeira auto Profix garantir\u00e1 ao seu filho uma viagem segura e confort\u00e1vel.<\/p>\n<p>&nbsp;<\/p>\n<p>&nbsp;<\/p>\n<p>Avisos de Seguran\u00e7a: Antes de utilizar, leia atentamente todas as etiquetas e advert\u00eancias indicadas na embalagem e instru\u00e7\u00f5es do produto.<\/p>\n","protected":false},"excerpt":{"rendered":"<p>Artigo Novo<\/p>\n","protected":false},"featured_media":224714,"template":"","meta":[],"product_cat":[821],"product_tag":[2133],"class_list":{"0":"post-224713","1":"product","2":"type-product","3":"status-publish","4":"has-post-thumbnail","6":"product_cat-cadeiras-auto","7":"product_tag-cadeira-auto","9":"first","10":"instock","11":"shipping-taxable","12":"purchasable","13":"product-type-simple"},"yoast_head":"<!-- This site is optimized with the Yoast SEO plugin v23.3 - https:\/\/yoast.com\/wordpress\/plugins\/seo\/ -->\n<title>Cadeira Auto Profix Negra C\/ ISOFIX - Kid to Kid Online Telheiras<\/title>\n<meta name=\"robots\" content=\"index, follow, max-snippet:-1, max-image-preview:large, max-video-preview:-1\" \/>\n<link rel=\"canonical\" href=\"https:\/\/kidtokidonline.pt\/telheiras\/produto\/cadeira-auto-profix-negra\/\" \/>\n<meta property=\"og:locale\" content=\"pt_PT\" \/>\n<meta property=\"og:type\" content=\"article\" \/>\n<meta property=\"og:title\" content=\"Cadeira Auto Profix Negra C\/ ISOFIX - Kid to Kid Online Telheiras\" \/>\n<meta property=\"og:description\" content=\"Artigo Novo\" \/>\n<meta property=\"og:url\" content=\"https:\/\/kidtokidonline.pt\/telheiras\/produto\/cadeira-auto-profix-negra\/\" \/>\n<meta property=\"og:site_name\" content=\"Kid to Kid Online Telheiras\" \/>\n<meta property=\"article:publisher\" content=\"https:\/\/www.facebook.com\/k2ktelheiras\" \/>\n<meta property=\"article:modified_time\" content=\"2026-04-11T11:17:07+00:00\" \/>\n<meta property=\"og:image\" content=\"https:\/\/kidtokidonline.pt\/telheiras\/wp-content\/uploads\/2026\/04\/8021716-frente.jpg\" \/>\n\t<meta property=\"og:image:width\" content=\"2000\" \/>\n\t<meta property=\"og:image:height\" content=\"2000\" \/>\n\t<meta property=\"og:image:type\" content=\"image\/jpeg\" \/>\n<meta name=\"twitter:card\" content=\"summary_large_image\" \/>\n<meta name=\"twitter:label1\" content=\"Tempo estimado de leitura\" \/>\n\t<meta name=\"twitter:data1\" content=\"2 minutos\" \/>\n<script type=\"application\/ld+json\" class=\"yoast-schema-graph\">{\"@context\":\"https:\/\/schema.org\",\"@graph\":[{\"@type\":\"WebPage\",\"@id\":\"https:\/\/kidtokidonline.pt\/telheiras\/produto\/cadeira-auto-profix-negra\/\",\"url\":\"https:\/\/kidtokidonline.pt\/telheiras\/produto\/cadeira-auto-profix-negra\/\",\"name\":\"Cadeira Auto Profix Negra C\/ ISOFIX - Kid to Kid Online Telheiras\",\"isPartOf\":{\"@id\":\"https:\/\/kidtokidonline.pt\/telheiras\/#website\"},\"primaryImageOfPage\":{\"@id\":\"https:\/\/kidtokidonline.pt\/telheiras\/produto\/cadeira-auto-profix-negra\/#primaryimage\"},\"image\":{\"@id\":\"https:\/\/kidtokidonline.pt\/telheiras\/produto\/cadeira-auto-profix-negra\/#primaryimage\"},\"thumbnailUrl\":\"https:\/\/kidtokidonline.pt\/telheiras\/wp-content\/uploads\/2026\/04\/8021716-frente.jpg\",\"datePublished\":\"2026-04-09T13:52:47+00:00\",\"dateModified\":\"2026-04-11T11:17:07+00:00\",\"breadcrumb\":{\"@id\":\"https:\/\/kidtokidonline.pt\/telheiras\/produto\/cadeira-auto-profix-negra\/#breadcrumb\"},\"inLanguage\":\"pt-PT\",\"potentialAction\":[{\"@type\":\"ReadAction\",\"target\":[\"https:\/\/kidtokidonline.pt\/telheiras\/produto\/cadeira-auto-profix-negra\/\"]}]},{\"@type\":\"ImageObject\",\"inLanguage\":\"pt-PT\",\"@id\":\"https:\/\/kidtokidonline.pt\/telheiras\/produto\/cadeira-auto-profix-negra\/#primaryimage\",\"url\":\"https:\/\/kidtokidonline.pt\/telheiras\/wp-content\/uploads\/2026\/04\/8021716-frente.jpg\",\"contentUrl\":\"https:\/\/kidtokidonline.pt\/telheiras\/wp-content\/uploads\/2026\/04\/8021716-frente.jpg\",\"width\":2000,\"height\":2000},{\"@type\":\"BreadcrumbList\",\"@id\":\"https:\/\/kidtokidonline.pt\/telheiras\/produto\/cadeira-auto-profix-negra\/#breadcrumb\",\"itemListElement\":[{\"@type\":\"ListItem\",\"position\":1,\"name\":\"In\u00edcio\",\"item\":\"https:\/\/kidtokidonline.pt\/telheiras\/\"},{\"@type\":\"ListItem\",\"position\":2,\"name\":\"Loja\",\"item\":\"https:\/\/kidtokidonline.pt\/telheiras\/loja\/\"},{\"@type\":\"ListItem\",\"position\":3,\"name\":\"Cadeira Auto Profix Negra C\/ ISOFIX\"}]},{\"@type\":\"WebSite\",\"@id\":\"https:\/\/kidtokidonline.pt\/telheiras\/#website\",\"url\":\"https:\/\/kidtokidonline.pt\/telheiras\/\",\"name\":\"Kid to Kid Online Telheiras\",\"description\":\"Loja online de artigos de crian\u00e7a\",\"publisher\":{\"@id\":\"https:\/\/kidtokidonline.pt\/telheiras\/#organization\"},\"potentialAction\":[{\"@type\":\"SearchAction\",\"target\":{\"@type\":\"EntryPoint\",\"urlTemplate\":\"https:\/\/kidtokidonline.pt\/telheiras\/?s={search_term_string}\"},\"query-input\":\"required name=search_term_string\"}],\"inLanguage\":\"pt-PT\"},{\"@type\":\"Organization\",\"@id\":\"https:\/\/kidtokidonline.pt\/telheiras\/#organization\",\"name\":\"Kid to Kid Telheiras\",\"url\":\"https:\/\/kidtokidonline.pt\/telheiras\/\",\"logo\":{\"@type\":\"ImageObject\",\"inLanguage\":\"pt-PT\",\"@id\":\"https:\/\/kidtokidonline.pt\/telheiras\/#\/schema\/logo\/image\/\",\"url\":\"\",\"contentUrl\":\"\",\"caption\":\"Kid to Kid Telheiras\"},\"image\":{\"@id\":\"https:\/\/kidtokidonline.pt\/telheiras\/#\/schema\/logo\/image\/\"},\"sameAs\":[\"https:\/\/www.facebook.com\/k2ktelheiras\",\"https:\/\/www.instagram.com\/kidtokid_telheiras\/\"]}]}<\/script>\n<!-- \/ Yoast SEO plugin. -->","yoast_head_json":{"title":"Cadeira Auto Profix Negra C\/ ISOFIX - Kid to Kid Online Telheiras","robots":{"index":"index","follow":"follow","max-snippet":"max-snippet:-1","max-image-preview":"max-image-preview:large","max-video-preview":"max-video-preview:-1"},"canonical":"https:\/\/kidtokidonline.pt\/telheiras\/produto\/cadeira-auto-profix-negra\/","og_locale":"pt_PT","og_type":"article","og_title":"Cadeira Auto Profix Negra C\/ ISOFIX - Kid to Kid Online Telheiras","og_description":"Artigo Novo","og_url":"https:\/\/kidtokidonline.pt\/telheiras\/produto\/cadeira-auto-profix-negra\/","og_site_name":"Kid to Kid Online Telheiras","article_publisher":"https:\/\/www.facebook.com\/k2ktelheiras","article_modified_time":"2026-04-11T11:17:07+00:00","og_image":[{"width":2000,"height":2000,"url":"https:\/\/kidtokidonline.pt\/telheiras\/wp-content\/uploads\/2026\/04\/8021716-frente.jpg","type":"image\/jpeg"}],"twitter_card":"summary_large_image","twitter_misc":{"Tempo estimado de leitura":"2 minutos"},"schema":{"@context":"https:\/\/schema.org","@graph":[{"@type":"WebPage","@id":"https:\/\/kidtokidonline.pt\/telheiras\/produto\/cadeira-auto-profix-negra\/","url":"https:\/\/kidtokidonline.pt\/telheiras\/produto\/cadeira-auto-profix-negra\/","name":"Cadeira Auto Profix Negra C\/ ISOFIX - Kid to Kid Online Telheiras","isPartOf":{"@id":"https:\/\/kidtokidonline.pt\/telheiras\/#website"},"primaryImageOfPage":{"@id":"https:\/\/kidtokidonline.pt\/telheiras\/produto\/cadeira-auto-profix-negra\/#primaryimage"},"image":{"@id":"https:\/\/kidtokidonline.pt\/telheiras\/produto\/cadeira-auto-profix-negra\/#primaryimage"},"thumbnailUrl":"https:\/\/kidtokidonline.pt\/telheiras\/wp-content\/uploads\/2026\/04\/8021716-frente.jpg","datePublished":"2026-04-09T13:52:47+00:00","dateModified":"2026-04-11T11:17:07+00:00","breadcrumb":{"@id":"https:\/\/kidtokidonline.pt\/telheiras\/produto\/cadeira-auto-profix-negra\/#breadcrumb"},"inLanguage":"pt-PT","potentialAction":[{"@type":"ReadAction","target":["https:\/\/kidtokidonline.pt\/telheiras\/produto\/cadeira-auto-profix-negra\/"]}]},{"@type":"ImageObject","inLanguage":"pt-PT","@id":"https:\/\/kidtokidonline.pt\/telheiras\/produto\/cadeira-auto-profix-negra\/#primaryimage","url":"https:\/\/kidtokidonline.pt\/telheiras\/wp-content\/uploads\/2026\/04\/8021716-frente.jpg","contentUrl":"https:\/\/kidtokidonline.pt\/telheiras\/wp-content\/uploads\/2026\/04\/8021716-frente.jpg","width":2000,"height":2000},{"@type":"BreadcrumbList","@id":"https:\/\/kidtokidonline.pt\/telheiras\/produto\/cadeira-auto-profix-negra\/#breadcrumb","itemListElement":[{"@type":"ListItem","position":1,"name":"In\u00edcio","item":"https:\/\/kidtokidonline.pt\/telheiras\/"},{"@type":"ListItem","position":2,"name":"Loja","item":"https:\/\/kidtokidonline.pt\/telheiras\/loja\/"},{"@type":"ListItem","position":3,"name":"Cadeira Auto Profix Negra C\/ ISOFIX"}]},{"@type":"WebSite","@id":"https:\/\/kidtokidonline.pt\/telheiras\/#website","url":"https:\/\/kidtokidonline.pt\/telheiras\/","name":"Kid to Kid Online Telheiras","description":"Loja online de artigos de crian\u00e7a","publisher":{"@id":"https:\/\/kidtokidonline.pt\/telheiras\/#organization"},"potentialAction":[{"@type":"SearchAction","target":{"@type":"EntryPoint","urlTemplate":"https:\/\/kidtokidonline.pt\/telheiras\/?s={search_term_string}"},"query-input":"required name=search_term_string"}],"inLanguage":"pt-PT"},{"@type":"Organization","@id":"https:\/\/kidtokidonline.pt\/telheiras\/#organization","name":"Kid to Kid Telheiras","url":"https:\/\/kidtokidonline.pt\/telheiras\/","logo":{"@type":"ImageObject","inLanguage":"pt-PT","@id":"https:\/\/kidtokidonline.pt\/telheiras\/#\/schema\/logo\/image\/","url":"","contentUrl":"","caption":"Kid to Kid Telheiras"},"image":{"@id":"https:\/\/kidtokidonline.pt\/telheiras\/#\/schema\/logo\/image\/"},"sameAs":["https:\/\/www.facebook.com\/k2ktelheiras","https:\/\/www.instagram.com\/kidtokid_telheiras\/"]}]}},"_links":{"self":[{"href":"https:\/\/kidtokidonline.pt\/telheiras\/wp-json\/wp\/v2\/product\/224713"}],"collection":[{"href":"https:\/\/kidtokidonline.pt\/telheiras\/wp-json\/wp\/v2\/product"}],"about":[{"href":"https:\/\/kidtokidonline.pt\/telheiras\/wp-json\/wp\/v2\/types\/product"}],"wp:featuredmedia":[{"embeddable":true,"href":"https:\/\/kidtokidonline.pt\/telheiras\/wp-json\/wp\/v2\/media\/224714"}],"wp:attachment":[{"href":"https:\/\/kidtokidonline.pt\/telheiras\/wp-json\/wp\/v2\/media?parent=224713"}],"wp:term":[{"taxonomy":"product_cat","embeddable":true,"href":"https:\/\/kidtokidonline.pt\/telheiras\/wp-json\/wp\/v2\/product_cat?post=224713"},{"taxonomy":"product_tag","embeddable":true,"href":"https:\/\/kidtokidonline.pt\/telheiras\/wp-json\/wp\/v2\/product_tag?post=224713"}],"curies":[{"name":"wp","href":"https:\/\/api.w.org\/{rel}","templated":true}]}}