{"id":224643,"date":"2026-01-17T14:29:26","date_gmt":"2026-01-17T14:29:26","guid":{"rendered":"https:\/\/kidtokidonline.pt\/telheiras\/?post_type=product&#038;p=224643"},"modified":"2026-01-21T11:54:17","modified_gmt":"2026-01-21T11:54:17","slug":"carro-de-passeio-duo-lucca","status":"publish","type":"product","link":"https:\/\/kidtokidonline.pt\/telheiras\/produto\/carro-de-passeio-duo-lucca\/","title":{"rendered":"Carro de Passeio Duo Lucca"},"content":{"rendered":"<p><strong>CARACTER\u00cdSTICAS DO CHASSIS:<br \/>\n<\/strong><br \/>\n\u2022 Estrutura de alum\u00ednio<br \/>\n\u2022 Fecho f\u00e1cil e intuitivo<br \/>\n\u2022 Tamanho compacto<br \/>\n\u2022 Pega luxuosa em couro sint\u00e9tico<br \/>\n\u2022 Pega ajust\u00e1vel em altura<br \/>\n\u2022 Rodas multi-terreno PU \u00e0 prova de furos<br \/>\n\u2022 Suspens\u00e3o de mola vers\u00e1til<br \/>\n\u2022 Trav\u00e3o de p\u00e9 f\u00e1cil de pressionar<br \/>\n\u2022 cesto de grandes dimens\u00f5es com capacidade para at\u00e9 6 kg<\/p>\n<p><strong>CARACTER\u00cdSTICAS DO ASSENTO:<\/strong><\/p>\n<p>\u2022 Estrutura de alum\u00ednio ultraleve<br \/>\n\u2022 Assento espa\u00e7oso com arn\u00eas totalmente ajust\u00e1vel de 5 pontos<br \/>\n\u2022 Fivela de liberta\u00e7\u00e3o r\u00e1pida<br \/>\n\u2022 Al\u00e7as acolchoadas nos ombros e entrepernas<br \/>\n\u2022 Assento revers\u00edvel, voltado para os pais ou voltado para a frente<br \/>\n\u2022 Reclina\u00e7\u00e3o em 3 posi\u00e7\u00f5es, incluindo totalmente deitada<br \/>\n\u2022 Capota remov\u00edvel com janela parental ventilada<br \/>\n\u2022 Prote\u00e7\u00e3o solar UPF50+ e repelente \u00e0 \u00e1gua<br \/>\n\u2022 Capota extens\u00edvel para prote\u00e7\u00e3o contra sol e vento<br \/>\n\u2022 Barra de prote\u00e7\u00e3o luxuosa em couro sint\u00e9tico<br \/>\n\u2022 Barra de prote\u00e7\u00e3o girat\u00f3ria remov\u00edvel<br \/>\n\u2022 Tecidos premium e respir\u00e1veis<\/p>\n<p><strong>CARACTER\u00cdSTICAS DA CADEIRA AUTO:<\/strong><\/p>\n<p>\u2022 Padr\u00e3o europeu: ECE R129<br \/>\n\u2022 \u00c2ngulo do encosto ajust\u00e1vel (reclin\u00e1vel)<br \/>\n\u2022 Tecido macio com prote\u00e7\u00e3o solar<br \/>\n\u2022 Prote\u00e7\u00e3o aprimorada contra impactos laterais<br \/>\n\u2022 Capota de couro preto com melhor efeito de prote\u00e7\u00e3o solar<br \/>\n\u2022 Capota totalmente remov\u00edvel e lav\u00e1vel<br \/>\n\u2022 Cinto de seguran\u00e7a de 3 pontos<\/p>\n","protected":false},"excerpt":{"rendered":"<p>Artigo Novo<\/p>\n","protected":false},"featured_media":224644,"template":"","meta":[],"product_cat":[782],"product_tag":[1691,945],"class_list":{"0":"post-224643","1":"product","2":"type-product","3":"status-publish","4":"has-post-thumbnail","6":"product_cat-carrinhos-de-passeio","7":"product_tag-bengala-carros-leves","8":"product_tag-carros-de-passeio","10":"first","11":"instock","12":"shipping-taxable","13":"purchasable","14":"product-type-simple"},"yoast_head":"<!-- This site is optimized with the Yoast SEO plugin v23.3 - https:\/\/yoast.com\/wordpress\/plugins\/seo\/ -->\n<title>Carro de Passeio Duo Lucca - Kid to Kid Online Telheiras<\/title>\n<meta name=\"robots\" content=\"index, follow, max-snippet:-1, max-image-preview:large, max-video-preview:-1\" \/>\n<link rel=\"canonical\" href=\"https:\/\/kidtokidonline.pt\/telheiras\/produto\/carro-de-passeio-duo-lucca\/\" \/>\n<meta property=\"og:locale\" content=\"pt_PT\" \/>\n<meta property=\"og:type\" content=\"article\" \/>\n<meta property=\"og:title\" content=\"Carro de Passeio Duo Lucca - Kid to Kid Online Telheiras\" \/>\n<meta property=\"og:description\" content=\"Artigo Novo\" \/>\n<meta property=\"og:url\" content=\"https:\/\/kidtokidonline.pt\/telheiras\/produto\/carro-de-passeio-duo-lucca\/\" \/>\n<meta property=\"og:site_name\" content=\"Kid to Kid Online Telheiras\" \/>\n<meta property=\"article:publisher\" content=\"https:\/\/www.facebook.com\/k2ktelheiras\" \/>\n<meta property=\"article:modified_time\" content=\"2026-01-21T11:54:17+00:00\" \/>\n<meta property=\"og:image\" content=\"https:\/\/kidtokidonline.pt\/telheiras\/wp-content\/uploads\/2026\/01\/0017336_maxibaby-sistema-de-transporte-lucca-carrinho-de-passeio-cadeira-auto-0-.jpg\" \/>\n\t<meta property=\"og:image:width\" content=\"1080\" \/>\n\t<meta property=\"og:image:height\" content=\"1080\" \/>\n\t<meta property=\"og:image:type\" content=\"image\/jpeg\" \/>\n<meta name=\"twitter:card\" content=\"summary_large_image\" \/>\n<meta name=\"twitter:label1\" content=\"Tempo estimado de leitura\" \/>\n\t<meta name=\"twitter:data1\" content=\"2 minutos\" \/>\n<script type=\"application\/ld+json\" class=\"yoast-schema-graph\">{\"@context\":\"https:\/\/schema.org\",\"@graph\":[{\"@type\":\"WebPage\",\"@id\":\"https:\/\/kidtokidonline.pt\/telheiras\/produto\/carro-de-passeio-duo-lucca\/\",\"url\":\"https:\/\/kidtokidonline.pt\/telheiras\/produto\/carro-de-passeio-duo-lucca\/\",\"name\":\"Carro de Passeio Duo Lucca - Kid to Kid Online Telheiras\",\"isPartOf\":{\"@id\":\"https:\/\/kidtokidonline.pt\/telheiras\/#website\"},\"primaryImageOfPage\":{\"@id\":\"https:\/\/kidtokidonline.pt\/telheiras\/produto\/carro-de-passeio-duo-lucca\/#primaryimage\"},\"image\":{\"@id\":\"https:\/\/kidtokidonline.pt\/telheiras\/produto\/carro-de-passeio-duo-lucca\/#primaryimage\"},\"thumbnailUrl\":\"https:\/\/kidtokidonline.pt\/telheiras\/wp-content\/uploads\/2026\/01\/0017336_maxibaby-sistema-de-transporte-lucca-carrinho-de-passeio-cadeira-auto-0-.jpg\",\"datePublished\":\"2026-01-17T14:29:26+00:00\",\"dateModified\":\"2026-01-21T11:54:17+00:00\",\"breadcrumb\":{\"@id\":\"https:\/\/kidtokidonline.pt\/telheiras\/produto\/carro-de-passeio-duo-lucca\/#breadcrumb\"},\"inLanguage\":\"pt-PT\",\"potentialAction\":[{\"@type\":\"ReadAction\",\"target\":[\"https:\/\/kidtokidonline.pt\/telheiras\/produto\/carro-de-passeio-duo-lucca\/\"]}]},{\"@type\":\"ImageObject\",\"inLanguage\":\"pt-PT\",\"@id\":\"https:\/\/kidtokidonline.pt\/telheiras\/produto\/carro-de-passeio-duo-lucca\/#primaryimage\",\"url\":\"https:\/\/kidtokidonline.pt\/telheiras\/wp-content\/uploads\/2026\/01\/0017336_maxibaby-sistema-de-transporte-lucca-carrinho-de-passeio-cadeira-auto-0-.jpg\",\"contentUrl\":\"https:\/\/kidtokidonline.pt\/telheiras\/wp-content\/uploads\/2026\/01\/0017336_maxibaby-sistema-de-transporte-lucca-carrinho-de-passeio-cadeira-auto-0-.jpg\",\"width\":1080,\"height\":1080},{\"@type\":\"BreadcrumbList\",\"@id\":\"https:\/\/kidtokidonline.pt\/telheiras\/produto\/carro-de-passeio-duo-lucca\/#breadcrumb\",\"itemListElement\":[{\"@type\":\"ListItem\",\"position\":1,\"name\":\"In\u00edcio\",\"item\":\"https:\/\/kidtokidonline.pt\/telheiras\/\"},{\"@type\":\"ListItem\",\"position\":2,\"name\":\"Loja\",\"item\":\"https:\/\/kidtokidonline.pt\/telheiras\/loja\/\"},{\"@type\":\"ListItem\",\"position\":3,\"name\":\"Carro de Passeio Duo Lucca\"}]},{\"@type\":\"WebSite\",\"@id\":\"https:\/\/kidtokidonline.pt\/telheiras\/#website\",\"url\":\"https:\/\/kidtokidonline.pt\/telheiras\/\",\"name\":\"Kid to Kid Online Telheiras\",\"description\":\"Loja online de artigos de crian\u00e7a\",\"publisher\":{\"@id\":\"https:\/\/kidtokidonline.pt\/telheiras\/#organization\"},\"potentialAction\":[{\"@type\":\"SearchAction\",\"target\":{\"@type\":\"EntryPoint\",\"urlTemplate\":\"https:\/\/kidtokidonline.pt\/telheiras\/?s={search_term_string}\"},\"query-input\":\"required name=search_term_string\"}],\"inLanguage\":\"pt-PT\"},{\"@type\":\"Organization\",\"@id\":\"https:\/\/kidtokidonline.pt\/telheiras\/#organization\",\"name\":\"Kid to Kid Telheiras\",\"url\":\"https:\/\/kidtokidonline.pt\/telheiras\/\",\"logo\":{\"@type\":\"ImageObject\",\"inLanguage\":\"pt-PT\",\"@id\":\"https:\/\/kidtokidonline.pt\/telheiras\/#\/schema\/logo\/image\/\",\"url\":\"\",\"contentUrl\":\"\",\"caption\":\"Kid to Kid Telheiras\"},\"image\":{\"@id\":\"https:\/\/kidtokidonline.pt\/telheiras\/#\/schema\/logo\/image\/\"},\"sameAs\":[\"https:\/\/www.facebook.com\/k2ktelheiras\",\"https:\/\/www.instagram.com\/kidtokid_telheiras\/\"]}]}<\/script>\n<!-- \/ Yoast SEO plugin. -->","yoast_head_json":{"title":"Carro de Passeio Duo Lucca - Kid to Kid Online Telheiras","robots":{"index":"index","follow":"follow","max-snippet":"max-snippet:-1","max-image-preview":"max-image-preview:large","max-video-preview":"max-video-preview:-1"},"canonical":"https:\/\/kidtokidonline.pt\/telheiras\/produto\/carro-de-passeio-duo-lucca\/","og_locale":"pt_PT","og_type":"article","og_title":"Carro de Passeio Duo Lucca - Kid to Kid Online Telheiras","og_description":"Artigo Novo","og_url":"https:\/\/kidtokidonline.pt\/telheiras\/produto\/carro-de-passeio-duo-lucca\/","og_site_name":"Kid to Kid Online Telheiras","article_publisher":"https:\/\/www.facebook.com\/k2ktelheiras","article_modified_time":"2026-01-21T11:54:17+00:00","og_image":[{"width":1080,"height":1080,"url":"https:\/\/kidtokidonline.pt\/telheiras\/wp-content\/uploads\/2026\/01\/0017336_maxibaby-sistema-de-transporte-lucca-carrinho-de-passeio-cadeira-auto-0-.jpg","type":"image\/jpeg"}],"twitter_card":"summary_large_image","twitter_misc":{"Tempo estimado de leitura":"2 minutos"},"schema":{"@context":"https:\/\/schema.org","@graph":[{"@type":"WebPage","@id":"https:\/\/kidtokidonline.pt\/telheiras\/produto\/carro-de-passeio-duo-lucca\/","url":"https:\/\/kidtokidonline.pt\/telheiras\/produto\/carro-de-passeio-duo-lucca\/","name":"Carro de Passeio Duo Lucca - Kid to Kid Online Telheiras","isPartOf":{"@id":"https:\/\/kidtokidonline.pt\/telheiras\/#website"},"primaryImageOfPage":{"@id":"https:\/\/kidtokidonline.pt\/telheiras\/produto\/carro-de-passeio-duo-lucca\/#primaryimage"},"image":{"@id":"https:\/\/kidtokidonline.pt\/telheiras\/produto\/carro-de-passeio-duo-lucca\/#primaryimage"},"thumbnailUrl":"https:\/\/kidtokidonline.pt\/telheiras\/wp-content\/uploads\/2026\/01\/0017336_maxibaby-sistema-de-transporte-lucca-carrinho-de-passeio-cadeira-auto-0-.jpg","datePublished":"2026-01-17T14:29:26+00:00","dateModified":"2026-01-21T11:54:17+00:00","breadcrumb":{"@id":"https:\/\/kidtokidonline.pt\/telheiras\/produto\/carro-de-passeio-duo-lucca\/#breadcrumb"},"inLanguage":"pt-PT","potentialAction":[{"@type":"ReadAction","target":["https:\/\/kidtokidonline.pt\/telheiras\/produto\/carro-de-passeio-duo-lucca\/"]}]},{"@type":"ImageObject","inLanguage":"pt-PT","@id":"https:\/\/kidtokidonline.pt\/telheiras\/produto\/carro-de-passeio-duo-lucca\/#primaryimage","url":"https:\/\/kidtokidonline.pt\/telheiras\/wp-content\/uploads\/2026\/01\/0017336_maxibaby-sistema-de-transporte-lucca-carrinho-de-passeio-cadeira-auto-0-.jpg","contentUrl":"https:\/\/kidtokidonline.pt\/telheiras\/wp-content\/uploads\/2026\/01\/0017336_maxibaby-sistema-de-transporte-lucca-carrinho-de-passeio-cadeira-auto-0-.jpg","width":1080,"height":1080},{"@type":"BreadcrumbList","@id":"https:\/\/kidtokidonline.pt\/telheiras\/produto\/carro-de-passeio-duo-lucca\/#breadcrumb","itemListElement":[{"@type":"ListItem","position":1,"name":"In\u00edcio","item":"https:\/\/kidtokidonline.pt\/telheiras\/"},{"@type":"ListItem","position":2,"name":"Loja","item":"https:\/\/kidtokidonline.pt\/telheiras\/loja\/"},{"@type":"ListItem","position":3,"name":"Carro de Passeio Duo Lucca"}]},{"@type":"WebSite","@id":"https:\/\/kidtokidonline.pt\/telheiras\/#website","url":"https:\/\/kidtokidonline.pt\/telheiras\/","name":"Kid to Kid Online Telheiras","description":"Loja online de artigos de crian\u00e7a","publisher":{"@id":"https:\/\/kidtokidonline.pt\/telheiras\/#organization"},"potentialAction":[{"@type":"SearchAction","target":{"@type":"EntryPoint","urlTemplate":"https:\/\/kidtokidonline.pt\/telheiras\/?s={search_term_string}"},"query-input":"required name=search_term_string"}],"inLanguage":"pt-PT"},{"@type":"Organization","@id":"https:\/\/kidtokidonline.pt\/telheiras\/#organization","name":"Kid to Kid Telheiras","url":"https:\/\/kidtokidonline.pt\/telheiras\/","logo":{"@type":"ImageObject","inLanguage":"pt-PT","@id":"https:\/\/kidtokidonline.pt\/telheiras\/#\/schema\/logo\/image\/","url":"","contentUrl":"","caption":"Kid to Kid Telheiras"},"image":{"@id":"https:\/\/kidtokidonline.pt\/telheiras\/#\/schema\/logo\/image\/"},"sameAs":["https:\/\/www.facebook.com\/k2ktelheiras","https:\/\/www.instagram.com\/kidtokid_telheiras\/"]}]}},"_links":{"self":[{"href":"https:\/\/kidtokidonline.pt\/telheiras\/wp-json\/wp\/v2\/product\/224643"}],"collection":[{"href":"https:\/\/kidtokidonline.pt\/telheiras\/wp-json\/wp\/v2\/product"}],"about":[{"href":"https:\/\/kidtokidonline.pt\/telheiras\/wp-json\/wp\/v2\/types\/product"}],"wp:featuredmedia":[{"embeddable":true,"href":"https:\/\/kidtokidonline.pt\/telheiras\/wp-json\/wp\/v2\/media\/224644"}],"wp:attachment":[{"href":"https:\/\/kidtokidonline.pt\/telheiras\/wp-json\/wp\/v2\/media?parent=224643"}],"wp:term":[{"taxonomy":"product_cat","embeddable":true,"href":"https:\/\/kidtokidonline.pt\/telheiras\/wp-json\/wp\/v2\/product_cat?post=224643"},{"taxonomy":"product_tag","embeddable":true,"href":"https:\/\/kidtokidonline.pt\/telheiras\/wp-json\/wp\/v2\/product_tag?post=224643"}],"curies":[{"name":"wp","href":"https:\/\/api.w.org\/{rel}","templated":true}]}}