{"id":224617,"date":"2025-12-19T18:08:51","date_gmt":"2025-12-19T18:08:51","guid":{"rendered":"https:\/\/kidtokidonline.pt\/telheiras\/?post_type=product&#038;p=224617"},"modified":"2026-02-20T11:17:15","modified_gmt":"2026-02-20T11:17:15","slug":"babyhug-chicco-4-em-1","status":"publish","type":"product","link":"https:\/\/kidtokidonline.pt\/telheiras\/produto\/babyhug-chicco-4-em-1\/","title":{"rendered":"BabyHug Chicco 4 Em 1"},"content":{"rendered":"<div class=\"row d-flex justify-content-center\" data-section=\"body\/details\">\n<div class=\"col-12 col-sm-5 selection-menu\">\n<div class=\"product-details-wrapper\">\n<div class=\"row\">\n<div class=\"col custom_mb20\">\n<ul class=\"list-style description-section\">\n<li>Homologado para rec\u00e9m-nascidos at\u00e9 aos 36 meses (M\u00e1x.15kg)<\/li>\n<li>Transforma-se num ber\u00e7o, numa espregui\u00e7adeira reclin\u00e1vel e elevada, numa cadeira de papa alta e na primeira cadeira do beb\u00e9, para acompanhar todos os momentos do dia.<\/li>\n<li>Arco eletr\u00f3nico com luzes, sons, brinquedos suspensos destac\u00e1veis e v\u00e1rias atividades.<\/li>\n<li>As 4 pr\u00e1ticas rodas com trav\u00e3o permitem mov\u00ea-la facilmente dentro de casa e aproxim\u00e1-la da mesa.<\/li>\n<li>A altura \u00e9 regul\u00e1vel atrav\u00e9s de um c\u00f3modo pedal.<\/li>\n<li>O forro e o redutor macio, podem ser removidos para lavar.<\/li>\n<\/ul>\n<\/div>\n<\/div>\n<div class=\"row\">\n<div class=\"col \">\n<div class=\"product-container-card description-icons-section\"><\/div>\n<\/div>\n<\/div>\n<\/div>\n<\/div>\n<\/div>\n","protected":false},"excerpt":{"rendered":"<p>2\u00aa M\u00e3o<\/p>\n","protected":false},"featured_media":224618,"template":"","meta":[],"product_cat":[940,791],"product_tag":[979],"class_list":{"0":"post-224617","1":"product","2":"type-product","3":"status-publish","4":"has-post-thumbnail","6":"product_cat-bercos-camas-e-alcofas","7":"product_cat-espreguicadeiras-e-baloicos","8":"product_tag-espreguicadeira","10":"first","11":"instock","12":"shipping-taxable","13":"purchasable","14":"product-type-simple"},"yoast_head":"<!-- This site is optimized with the Yoast SEO plugin v23.3 - https:\/\/yoast.com\/wordpress\/plugins\/seo\/ -->\n<title>BabyHug Chicco 4 Em 1 - Kid to Kid Online Telheiras<\/title>\n<meta name=\"robots\" content=\"index, follow, max-snippet:-1, max-image-preview:large, max-video-preview:-1\" \/>\n<link rel=\"canonical\" href=\"https:\/\/kidtokidonline.pt\/telheiras\/produto\/babyhug-chicco-4-em-1\/\" \/>\n<meta property=\"og:locale\" content=\"pt_PT\" \/>\n<meta property=\"og:type\" content=\"article\" \/>\n<meta property=\"og:title\" content=\"BabyHug Chicco 4 Em 1 - Kid to Kid Online Telheiras\" \/>\n<meta property=\"og:description\" content=\"2\u00aa M\u00e3o\" \/>\n<meta property=\"og:url\" content=\"https:\/\/kidtokidonline.pt\/telheiras\/produto\/babyhug-chicco-4-em-1\/\" \/>\n<meta property=\"og:site_name\" content=\"Kid to Kid Online Telheiras\" \/>\n<meta property=\"article:publisher\" content=\"https:\/\/www.facebook.com\/k2ktelheiras\" \/>\n<meta property=\"article:modified_time\" content=\"2026-02-20T11:17:15+00:00\" \/>\n<meta property=\"og:image\" content=\"https:\/\/kidtokidonline.pt\/telheiras\/wp-content\/uploads\/2025\/12\/Photoroom_20251219_123324.jpg\" \/>\n\t<meta property=\"og:image:width\" content=\"1800\" \/>\n\t<meta property=\"og:image:height\" content=\"2400\" \/>\n\t<meta property=\"og:image:type\" content=\"image\/jpeg\" \/>\n<meta name=\"twitter:card\" content=\"summary_large_image\" \/>\n<meta name=\"twitter:label1\" content=\"Tempo estimado de leitura\" \/>\n\t<meta name=\"twitter:data1\" content=\"1 minuto\" \/>\n<script type=\"application\/ld+json\" class=\"yoast-schema-graph\">{\"@context\":\"https:\/\/schema.org\",\"@graph\":[{\"@type\":\"WebPage\",\"@id\":\"https:\/\/kidtokidonline.pt\/telheiras\/produto\/babyhug-chicco-4-em-1\/\",\"url\":\"https:\/\/kidtokidonline.pt\/telheiras\/produto\/babyhug-chicco-4-em-1\/\",\"name\":\"BabyHug Chicco 4 Em 1 - Kid to Kid Online Telheiras\",\"isPartOf\":{\"@id\":\"https:\/\/kidtokidonline.pt\/telheiras\/#website\"},\"primaryImageOfPage\":{\"@id\":\"https:\/\/kidtokidonline.pt\/telheiras\/produto\/babyhug-chicco-4-em-1\/#primaryimage\"},\"image\":{\"@id\":\"https:\/\/kidtokidonline.pt\/telheiras\/produto\/babyhug-chicco-4-em-1\/#primaryimage\"},\"thumbnailUrl\":\"https:\/\/kidtokidonline.pt\/telheiras\/wp-content\/uploads\/2025\/12\/Photoroom_20251219_123324.jpg\",\"datePublished\":\"2025-12-19T18:08:51+00:00\",\"dateModified\":\"2026-02-20T11:17:15+00:00\",\"breadcrumb\":{\"@id\":\"https:\/\/kidtokidonline.pt\/telheiras\/produto\/babyhug-chicco-4-em-1\/#breadcrumb\"},\"inLanguage\":\"pt-PT\",\"potentialAction\":[{\"@type\":\"ReadAction\",\"target\":[\"https:\/\/kidtokidonline.pt\/telheiras\/produto\/babyhug-chicco-4-em-1\/\"]}]},{\"@type\":\"ImageObject\",\"inLanguage\":\"pt-PT\",\"@id\":\"https:\/\/kidtokidonline.pt\/telheiras\/produto\/babyhug-chicco-4-em-1\/#primaryimage\",\"url\":\"https:\/\/kidtokidonline.pt\/telheiras\/wp-content\/uploads\/2025\/12\/Photoroom_20251219_123324.jpg\",\"contentUrl\":\"https:\/\/kidtokidonline.pt\/telheiras\/wp-content\/uploads\/2025\/12\/Photoroom_20251219_123324.jpg\",\"width\":1800,\"height\":2400},{\"@type\":\"BreadcrumbList\",\"@id\":\"https:\/\/kidtokidonline.pt\/telheiras\/produto\/babyhug-chicco-4-em-1\/#breadcrumb\",\"itemListElement\":[{\"@type\":\"ListItem\",\"position\":1,\"name\":\"In\u00edcio\",\"item\":\"https:\/\/kidtokidonline.pt\/telheiras\/\"},{\"@type\":\"ListItem\",\"position\":2,\"name\":\"Loja\",\"item\":\"https:\/\/kidtokidonline.pt\/telheiras\/loja\/\"},{\"@type\":\"ListItem\",\"position\":3,\"name\":\"BabyHug Chicco 4 Em 1\"}]},{\"@type\":\"WebSite\",\"@id\":\"https:\/\/kidtokidonline.pt\/telheiras\/#website\",\"url\":\"https:\/\/kidtokidonline.pt\/telheiras\/\",\"name\":\"Kid to Kid Online Telheiras\",\"description\":\"Loja online de artigos de crian\u00e7a\",\"publisher\":{\"@id\":\"https:\/\/kidtokidonline.pt\/telheiras\/#organization\"},\"potentialAction\":[{\"@type\":\"SearchAction\",\"target\":{\"@type\":\"EntryPoint\",\"urlTemplate\":\"https:\/\/kidtokidonline.pt\/telheiras\/?s={search_term_string}\"},\"query-input\":\"required name=search_term_string\"}],\"inLanguage\":\"pt-PT\"},{\"@type\":\"Organization\",\"@id\":\"https:\/\/kidtokidonline.pt\/telheiras\/#organization\",\"name\":\"Kid to Kid Telheiras\",\"url\":\"https:\/\/kidtokidonline.pt\/telheiras\/\",\"logo\":{\"@type\":\"ImageObject\",\"inLanguage\":\"pt-PT\",\"@id\":\"https:\/\/kidtokidonline.pt\/telheiras\/#\/schema\/logo\/image\/\",\"url\":\"\",\"contentUrl\":\"\",\"caption\":\"Kid to Kid Telheiras\"},\"image\":{\"@id\":\"https:\/\/kidtokidonline.pt\/telheiras\/#\/schema\/logo\/image\/\"},\"sameAs\":[\"https:\/\/www.facebook.com\/k2ktelheiras\",\"https:\/\/www.instagram.com\/kidtokid_telheiras\/\"]}]}<\/script>\n<!-- \/ Yoast SEO plugin. -->","yoast_head_json":{"title":"BabyHug Chicco 4 Em 1 - Kid to Kid Online Telheiras","robots":{"index":"index","follow":"follow","max-snippet":"max-snippet:-1","max-image-preview":"max-image-preview:large","max-video-preview":"max-video-preview:-1"},"canonical":"https:\/\/kidtokidonline.pt\/telheiras\/produto\/babyhug-chicco-4-em-1\/","og_locale":"pt_PT","og_type":"article","og_title":"BabyHug Chicco 4 Em 1 - Kid to Kid Online Telheiras","og_description":"2\u00aa M\u00e3o","og_url":"https:\/\/kidtokidonline.pt\/telheiras\/produto\/babyhug-chicco-4-em-1\/","og_site_name":"Kid to Kid Online Telheiras","article_publisher":"https:\/\/www.facebook.com\/k2ktelheiras","article_modified_time":"2026-02-20T11:17:15+00:00","og_image":[{"width":1800,"height":2400,"url":"https:\/\/kidtokidonline.pt\/telheiras\/wp-content\/uploads\/2025\/12\/Photoroom_20251219_123324.jpg","type":"image\/jpeg"}],"twitter_card":"summary_large_image","twitter_misc":{"Tempo estimado de leitura":"1 minuto"},"schema":{"@context":"https:\/\/schema.org","@graph":[{"@type":"WebPage","@id":"https:\/\/kidtokidonline.pt\/telheiras\/produto\/babyhug-chicco-4-em-1\/","url":"https:\/\/kidtokidonline.pt\/telheiras\/produto\/babyhug-chicco-4-em-1\/","name":"BabyHug Chicco 4 Em 1 - Kid to Kid Online Telheiras","isPartOf":{"@id":"https:\/\/kidtokidonline.pt\/telheiras\/#website"},"primaryImageOfPage":{"@id":"https:\/\/kidtokidonline.pt\/telheiras\/produto\/babyhug-chicco-4-em-1\/#primaryimage"},"image":{"@id":"https:\/\/kidtokidonline.pt\/telheiras\/produto\/babyhug-chicco-4-em-1\/#primaryimage"},"thumbnailUrl":"https:\/\/kidtokidonline.pt\/telheiras\/wp-content\/uploads\/2025\/12\/Photoroom_20251219_123324.jpg","datePublished":"2025-12-19T18:08:51+00:00","dateModified":"2026-02-20T11:17:15+00:00","breadcrumb":{"@id":"https:\/\/kidtokidonline.pt\/telheiras\/produto\/babyhug-chicco-4-em-1\/#breadcrumb"},"inLanguage":"pt-PT","potentialAction":[{"@type":"ReadAction","target":["https:\/\/kidtokidonline.pt\/telheiras\/produto\/babyhug-chicco-4-em-1\/"]}]},{"@type":"ImageObject","inLanguage":"pt-PT","@id":"https:\/\/kidtokidonline.pt\/telheiras\/produto\/babyhug-chicco-4-em-1\/#primaryimage","url":"https:\/\/kidtokidonline.pt\/telheiras\/wp-content\/uploads\/2025\/12\/Photoroom_20251219_123324.jpg","contentUrl":"https:\/\/kidtokidonline.pt\/telheiras\/wp-content\/uploads\/2025\/12\/Photoroom_20251219_123324.jpg","width":1800,"height":2400},{"@type":"BreadcrumbList","@id":"https:\/\/kidtokidonline.pt\/telheiras\/produto\/babyhug-chicco-4-em-1\/#breadcrumb","itemListElement":[{"@type":"ListItem","position":1,"name":"In\u00edcio","item":"https:\/\/kidtokidonline.pt\/telheiras\/"},{"@type":"ListItem","position":2,"name":"Loja","item":"https:\/\/kidtokidonline.pt\/telheiras\/loja\/"},{"@type":"ListItem","position":3,"name":"BabyHug Chicco 4 Em 1"}]},{"@type":"WebSite","@id":"https:\/\/kidtokidonline.pt\/telheiras\/#website","url":"https:\/\/kidtokidonline.pt\/telheiras\/","name":"Kid to Kid Online Telheiras","description":"Loja online de artigos de crian\u00e7a","publisher":{"@id":"https:\/\/kidtokidonline.pt\/telheiras\/#organization"},"potentialAction":[{"@type":"SearchAction","target":{"@type":"EntryPoint","urlTemplate":"https:\/\/kidtokidonline.pt\/telheiras\/?s={search_term_string}"},"query-input":"required name=search_term_string"}],"inLanguage":"pt-PT"},{"@type":"Organization","@id":"https:\/\/kidtokidonline.pt\/telheiras\/#organization","name":"Kid to Kid Telheiras","url":"https:\/\/kidtokidonline.pt\/telheiras\/","logo":{"@type":"ImageObject","inLanguage":"pt-PT","@id":"https:\/\/kidtokidonline.pt\/telheiras\/#\/schema\/logo\/image\/","url":"","contentUrl":"","caption":"Kid to Kid Telheiras"},"image":{"@id":"https:\/\/kidtokidonline.pt\/telheiras\/#\/schema\/logo\/image\/"},"sameAs":["https:\/\/www.facebook.com\/k2ktelheiras","https:\/\/www.instagram.com\/kidtokid_telheiras\/"]}]}},"_links":{"self":[{"href":"https:\/\/kidtokidonline.pt\/telheiras\/wp-json\/wp\/v2\/product\/224617"}],"collection":[{"href":"https:\/\/kidtokidonline.pt\/telheiras\/wp-json\/wp\/v2\/product"}],"about":[{"href":"https:\/\/kidtokidonline.pt\/telheiras\/wp-json\/wp\/v2\/types\/product"}],"wp:featuredmedia":[{"embeddable":true,"href":"https:\/\/kidtokidonline.pt\/telheiras\/wp-json\/wp\/v2\/media\/224618"}],"wp:attachment":[{"href":"https:\/\/kidtokidonline.pt\/telheiras\/wp-json\/wp\/v2\/media?parent=224617"}],"wp:term":[{"taxonomy":"product_cat","embeddable":true,"href":"https:\/\/kidtokidonline.pt\/telheiras\/wp-json\/wp\/v2\/product_cat?post=224617"},{"taxonomy":"product_tag","embeddable":true,"href":"https:\/\/kidtokidonline.pt\/telheiras\/wp-json\/wp\/v2\/product_tag?post=224617"}],"curies":[{"name":"wp","href":"https:\/\/api.w.org\/{rel}","templated":true}]}}