{"id":224579,"date":"2025-12-12T10:17:54","date_gmt":"2025-12-12T10:17:54","guid":{"rendered":"https:\/\/kidtokidonline.pt\/telheiras\/?post_type=product&#038;p=224579"},"modified":"2025-12-12T10:22:09","modified_gmt":"2025-12-12T10:22:09","slug":"duo-maxibaby-prestige-rose-gold","status":"publish","type":"product","link":"https:\/\/kidtokidonline.pt\/telheiras\/produto\/duo-maxibaby-prestige-rose-gold\/","title":{"rendered":"Duo Maxibaby Prestige Rose Gold"},"content":{"rendered":"<p><strong>Duo Convert\u00edvel MaxiBaby Prestige Rose Golden \u2013\u00a0<\/strong>oferece uma solu\u00e7\u00e3o completa e vers\u00e1til para os pais modernos. Desenvolvido em conformidade com a norma I-size, esta cadeira 0+ \u00e9 projetada para garantir o m\u00e1ximo conforto e seguran\u00e7a para os rec\u00e9m-nascidos.<\/p>\n<p><strong>Caracter\u00edsticas do Carrinho:<br \/>\n<\/strong>\u2013 Chassi de alum\u00ednio<br \/>\n\u2013 Homologado at\u00e9 aos 22kg;<br \/>\n\u2013 Pega com posi\u00e7\u00e3o ajust\u00e1vel;<br \/>\n\u2013 Assento revers\u00edvel e dobr\u00e1vel em ambas as dire\u00e7\u00f5es de viagem;<br \/>\n\u2013 Encosto do assento \u00e9 regul\u00e1vel em 3 posi\u00e7\u00f5es;<br \/>\n\u2013 Amortecimento nas rodas traseiras e frontais;<br \/>\n\u2013 Couro na barra frontal e al\u00e7a;<br \/>\n\u2013 Estrutura muito leve e pr\u00e1tica;<br \/>\n\u2013 Barra frontal remov\u00edvel;<br \/>\n\u2013 O peso m\u00e1ximo do cesto \u00e9 de 5kg;<br \/>\n\u2013 Trav\u00e3o junto \u00e0s rodas traseiras;<br \/>\n\u2013 Pousa p\u00e9s com v\u00e1rias posi\u00e7\u00f5es;<br \/>\n\u2013 Rodas dianteiras podem rodar ou estar numa posi\u00e7\u00e3o fixa.<\/p>\n<p><b>Caracter\u00edsticas da Cadeira Auto Grupo 0+ i-Size<\/b><b>:<br \/>\n<\/b>\u2013 \u00c9 adequada para beb\u00e9s dos 0 aos 13 kg;<br \/>\n\u2013 A al\u00e7a da cadeirinha \u00e9 regul\u00e1vel;<br \/>\n\u2013 Encaixa no chassi do carrinho atrav\u00e9s dos adaptadores (inclu\u00eddos);<br \/>\n\u2013 Instala\u00e7\u00e3o por cintos ou base isofix (vendido em separado);<br \/>\n\u2013 Posi\u00e7\u00e3o do arn\u00eas \u00e9 regul\u00e1vel.<\/p>\n<p><strong>Uso do produto:<\/strong>\u00a0Desde 40 at\u00e9 85 cm (\u226413 kg), norma i-Size.<\/p>\n","protected":false},"excerpt":{"rendered":"<p>Artigo Novo<\/p>\n","protected":false},"featured_media":224580,"template":"","meta":[],"product_cat":[782],"product_tag":[957],"class_list":{"0":"post-224579","1":"product","2":"type-product","3":"status-publish","4":"has-post-thumbnail","6":"product_cat-carrinhos-de-passeio","7":"product_tag-carro-de-passeio-c-cadeira-auto","9":"first","10":"instock","11":"shipping-taxable","12":"purchasable","13":"product-type-simple"},"yoast_head":"<!-- This site is optimized with the Yoast SEO plugin v23.3 - https:\/\/yoast.com\/wordpress\/plugins\/seo\/ -->\n<title>Duo Maxibaby Prestige Rose Gold - Kid to Kid Online Telheiras<\/title>\n<meta name=\"robots\" content=\"index, follow, max-snippet:-1, max-image-preview:large, max-video-preview:-1\" \/>\n<link rel=\"canonical\" href=\"https:\/\/kidtokidonline.pt\/telheiras\/produto\/duo-maxibaby-prestige-rose-gold\/\" \/>\n<meta property=\"og:locale\" content=\"pt_PT\" \/>\n<meta property=\"og:type\" content=\"article\" \/>\n<meta property=\"og:title\" content=\"Duo Maxibaby Prestige Rose Gold - Kid to Kid Online Telheiras\" \/>\n<meta property=\"og:description\" content=\"Artigo Novo\" \/>\n<meta property=\"og:url\" content=\"https:\/\/kidtokidonline.pt\/telheiras\/produto\/duo-maxibaby-prestige-rose-gold\/\" \/>\n<meta property=\"og:site_name\" content=\"Kid to Kid Online Telheiras\" \/>\n<meta property=\"article:publisher\" content=\"https:\/\/www.facebook.com\/k2ktelheiras\" \/>\n<meta property=\"article:modified_time\" content=\"2025-12-12T10:22:09+00:00\" \/>\n<meta property=\"og:image\" content=\"https:\/\/kidtokidonline.pt\/telheiras\/wp-content\/uploads\/2025\/12\/duo-maxibaby-prestige-rose-golden.jpg\" \/>\n\t<meta property=\"og:image:width\" content=\"1000\" \/>\n\t<meta property=\"og:image:height\" content=\"1000\" \/>\n\t<meta property=\"og:image:type\" content=\"image\/jpeg\" \/>\n<meta name=\"twitter:card\" content=\"summary_large_image\" \/>\n<meta name=\"twitter:label1\" content=\"Tempo estimado de leitura\" \/>\n\t<meta name=\"twitter:data1\" content=\"2 minutos\" \/>\n<script type=\"application\/ld+json\" class=\"yoast-schema-graph\">{\"@context\":\"https:\/\/schema.org\",\"@graph\":[{\"@type\":\"WebPage\",\"@id\":\"https:\/\/kidtokidonline.pt\/telheiras\/produto\/duo-maxibaby-prestige-rose-gold\/\",\"url\":\"https:\/\/kidtokidonline.pt\/telheiras\/produto\/duo-maxibaby-prestige-rose-gold\/\",\"name\":\"Duo Maxibaby Prestige Rose Gold - Kid to Kid Online Telheiras\",\"isPartOf\":{\"@id\":\"https:\/\/kidtokidonline.pt\/telheiras\/#website\"},\"primaryImageOfPage\":{\"@id\":\"https:\/\/kidtokidonline.pt\/telheiras\/produto\/duo-maxibaby-prestige-rose-gold\/#primaryimage\"},\"image\":{\"@id\":\"https:\/\/kidtokidonline.pt\/telheiras\/produto\/duo-maxibaby-prestige-rose-gold\/#primaryimage\"},\"thumbnailUrl\":\"https:\/\/kidtokidonline.pt\/telheiras\/wp-content\/uploads\/2025\/12\/duo-maxibaby-prestige-rose-golden.jpg\",\"datePublished\":\"2025-12-12T10:17:54+00:00\",\"dateModified\":\"2025-12-12T10:22:09+00:00\",\"breadcrumb\":{\"@id\":\"https:\/\/kidtokidonline.pt\/telheiras\/produto\/duo-maxibaby-prestige-rose-gold\/#breadcrumb\"},\"inLanguage\":\"pt-PT\",\"potentialAction\":[{\"@type\":\"ReadAction\",\"target\":[\"https:\/\/kidtokidonline.pt\/telheiras\/produto\/duo-maxibaby-prestige-rose-gold\/\"]}]},{\"@type\":\"ImageObject\",\"inLanguage\":\"pt-PT\",\"@id\":\"https:\/\/kidtokidonline.pt\/telheiras\/produto\/duo-maxibaby-prestige-rose-gold\/#primaryimage\",\"url\":\"https:\/\/kidtokidonline.pt\/telheiras\/wp-content\/uploads\/2025\/12\/duo-maxibaby-prestige-rose-golden.jpg\",\"contentUrl\":\"https:\/\/kidtokidonline.pt\/telheiras\/wp-content\/uploads\/2025\/12\/duo-maxibaby-prestige-rose-golden.jpg\",\"width\":1000,\"height\":1000},{\"@type\":\"BreadcrumbList\",\"@id\":\"https:\/\/kidtokidonline.pt\/telheiras\/produto\/duo-maxibaby-prestige-rose-gold\/#breadcrumb\",\"itemListElement\":[{\"@type\":\"ListItem\",\"position\":1,\"name\":\"In\u00edcio\",\"item\":\"https:\/\/kidtokidonline.pt\/telheiras\/\"},{\"@type\":\"ListItem\",\"position\":2,\"name\":\"Loja\",\"item\":\"https:\/\/kidtokidonline.pt\/telheiras\/loja\/\"},{\"@type\":\"ListItem\",\"position\":3,\"name\":\"Duo Maxibaby Prestige Rose Gold\"}]},{\"@type\":\"WebSite\",\"@id\":\"https:\/\/kidtokidonline.pt\/telheiras\/#website\",\"url\":\"https:\/\/kidtokidonline.pt\/telheiras\/\",\"name\":\"Kid to Kid Online Telheiras\",\"description\":\"Loja online de artigos de crian\u00e7a\",\"publisher\":{\"@id\":\"https:\/\/kidtokidonline.pt\/telheiras\/#organization\"},\"potentialAction\":[{\"@type\":\"SearchAction\",\"target\":{\"@type\":\"EntryPoint\",\"urlTemplate\":\"https:\/\/kidtokidonline.pt\/telheiras\/?s={search_term_string}\"},\"query-input\":\"required name=search_term_string\"}],\"inLanguage\":\"pt-PT\"},{\"@type\":\"Organization\",\"@id\":\"https:\/\/kidtokidonline.pt\/telheiras\/#organization\",\"name\":\"Kid to Kid Telheiras\",\"url\":\"https:\/\/kidtokidonline.pt\/telheiras\/\",\"logo\":{\"@type\":\"ImageObject\",\"inLanguage\":\"pt-PT\",\"@id\":\"https:\/\/kidtokidonline.pt\/telheiras\/#\/schema\/logo\/image\/\",\"url\":\"\",\"contentUrl\":\"\",\"caption\":\"Kid to Kid Telheiras\"},\"image\":{\"@id\":\"https:\/\/kidtokidonline.pt\/telheiras\/#\/schema\/logo\/image\/\"},\"sameAs\":[\"https:\/\/www.facebook.com\/k2ktelheiras\",\"https:\/\/www.instagram.com\/kidtokid_telheiras\/\"]}]}<\/script>\n<!-- \/ Yoast SEO plugin. -->","yoast_head_json":{"title":"Duo Maxibaby Prestige Rose Gold - Kid to Kid Online Telheiras","robots":{"index":"index","follow":"follow","max-snippet":"max-snippet:-1","max-image-preview":"max-image-preview:large","max-video-preview":"max-video-preview:-1"},"canonical":"https:\/\/kidtokidonline.pt\/telheiras\/produto\/duo-maxibaby-prestige-rose-gold\/","og_locale":"pt_PT","og_type":"article","og_title":"Duo Maxibaby Prestige Rose Gold - Kid to Kid Online Telheiras","og_description":"Artigo Novo","og_url":"https:\/\/kidtokidonline.pt\/telheiras\/produto\/duo-maxibaby-prestige-rose-gold\/","og_site_name":"Kid to Kid Online Telheiras","article_publisher":"https:\/\/www.facebook.com\/k2ktelheiras","article_modified_time":"2025-12-12T10:22:09+00:00","og_image":[{"width":1000,"height":1000,"url":"https:\/\/kidtokidonline.pt\/telheiras\/wp-content\/uploads\/2025\/12\/duo-maxibaby-prestige-rose-golden.jpg","type":"image\/jpeg"}],"twitter_card":"summary_large_image","twitter_misc":{"Tempo estimado de leitura":"2 minutos"},"schema":{"@context":"https:\/\/schema.org","@graph":[{"@type":"WebPage","@id":"https:\/\/kidtokidonline.pt\/telheiras\/produto\/duo-maxibaby-prestige-rose-gold\/","url":"https:\/\/kidtokidonline.pt\/telheiras\/produto\/duo-maxibaby-prestige-rose-gold\/","name":"Duo Maxibaby Prestige Rose Gold - Kid to Kid Online Telheiras","isPartOf":{"@id":"https:\/\/kidtokidonline.pt\/telheiras\/#website"},"primaryImageOfPage":{"@id":"https:\/\/kidtokidonline.pt\/telheiras\/produto\/duo-maxibaby-prestige-rose-gold\/#primaryimage"},"image":{"@id":"https:\/\/kidtokidonline.pt\/telheiras\/produto\/duo-maxibaby-prestige-rose-gold\/#primaryimage"},"thumbnailUrl":"https:\/\/kidtokidonline.pt\/telheiras\/wp-content\/uploads\/2025\/12\/duo-maxibaby-prestige-rose-golden.jpg","datePublished":"2025-12-12T10:17:54+00:00","dateModified":"2025-12-12T10:22:09+00:00","breadcrumb":{"@id":"https:\/\/kidtokidonline.pt\/telheiras\/produto\/duo-maxibaby-prestige-rose-gold\/#breadcrumb"},"inLanguage":"pt-PT","potentialAction":[{"@type":"ReadAction","target":["https:\/\/kidtokidonline.pt\/telheiras\/produto\/duo-maxibaby-prestige-rose-gold\/"]}]},{"@type":"ImageObject","inLanguage":"pt-PT","@id":"https:\/\/kidtokidonline.pt\/telheiras\/produto\/duo-maxibaby-prestige-rose-gold\/#primaryimage","url":"https:\/\/kidtokidonline.pt\/telheiras\/wp-content\/uploads\/2025\/12\/duo-maxibaby-prestige-rose-golden.jpg","contentUrl":"https:\/\/kidtokidonline.pt\/telheiras\/wp-content\/uploads\/2025\/12\/duo-maxibaby-prestige-rose-golden.jpg","width":1000,"height":1000},{"@type":"BreadcrumbList","@id":"https:\/\/kidtokidonline.pt\/telheiras\/produto\/duo-maxibaby-prestige-rose-gold\/#breadcrumb","itemListElement":[{"@type":"ListItem","position":1,"name":"In\u00edcio","item":"https:\/\/kidtokidonline.pt\/telheiras\/"},{"@type":"ListItem","position":2,"name":"Loja","item":"https:\/\/kidtokidonline.pt\/telheiras\/loja\/"},{"@type":"ListItem","position":3,"name":"Duo Maxibaby Prestige Rose Gold"}]},{"@type":"WebSite","@id":"https:\/\/kidtokidonline.pt\/telheiras\/#website","url":"https:\/\/kidtokidonline.pt\/telheiras\/","name":"Kid to Kid Online Telheiras","description":"Loja online de artigos de crian\u00e7a","publisher":{"@id":"https:\/\/kidtokidonline.pt\/telheiras\/#organization"},"potentialAction":[{"@type":"SearchAction","target":{"@type":"EntryPoint","urlTemplate":"https:\/\/kidtokidonline.pt\/telheiras\/?s={search_term_string}"},"query-input":"required name=search_term_string"}],"inLanguage":"pt-PT"},{"@type":"Organization","@id":"https:\/\/kidtokidonline.pt\/telheiras\/#organization","name":"Kid to Kid Telheiras","url":"https:\/\/kidtokidonline.pt\/telheiras\/","logo":{"@type":"ImageObject","inLanguage":"pt-PT","@id":"https:\/\/kidtokidonline.pt\/telheiras\/#\/schema\/logo\/image\/","url":"","contentUrl":"","caption":"Kid to Kid Telheiras"},"image":{"@id":"https:\/\/kidtokidonline.pt\/telheiras\/#\/schema\/logo\/image\/"},"sameAs":["https:\/\/www.facebook.com\/k2ktelheiras","https:\/\/www.instagram.com\/kidtokid_telheiras\/"]}]}},"_links":{"self":[{"href":"https:\/\/kidtokidonline.pt\/telheiras\/wp-json\/wp\/v2\/product\/224579"}],"collection":[{"href":"https:\/\/kidtokidonline.pt\/telheiras\/wp-json\/wp\/v2\/product"}],"about":[{"href":"https:\/\/kidtokidonline.pt\/telheiras\/wp-json\/wp\/v2\/types\/product"}],"wp:featuredmedia":[{"embeddable":true,"href":"https:\/\/kidtokidonline.pt\/telheiras\/wp-json\/wp\/v2\/media\/224580"}],"wp:attachment":[{"href":"https:\/\/kidtokidonline.pt\/telheiras\/wp-json\/wp\/v2\/media?parent=224579"}],"wp:term":[{"taxonomy":"product_cat","embeddable":true,"href":"https:\/\/kidtokidonline.pt\/telheiras\/wp-json\/wp\/v2\/product_cat?post=224579"},{"taxonomy":"product_tag","embeddable":true,"href":"https:\/\/kidtokidonline.pt\/telheiras\/wp-json\/wp\/v2\/product_tag?post=224579"}],"curies":[{"name":"wp","href":"https:\/\/api.w.org\/{rel}","templated":true}]}}