{"id":224518,"date":"2025-10-25T12:22:40","date_gmt":"2025-10-25T12:22:40","guid":{"rendered":"https:\/\/kidtokidonline.pt\/telheiras\/?post_type=product&#038;p=224518"},"modified":"2025-10-25T12:28:21","modified_gmt":"2025-10-25T12:28:21","slug":"berco-junto-ao-leito-nanna-cinza-c-mosquiteiro","status":"publish","type":"product","link":"https:\/\/kidtokidonline.pt\/telheiras\/produto\/berco-junto-ao-leito-nanna-cinza-c-mosquiteiro\/","title":{"rendered":"Ber\u00e7o Junto ao Leito Nanna Cinza c\/ Mosquiteiro"},"content":{"rendered":"<p>O ber\u00e7o multifuncional e estiloso para rec\u00e9m-nascidos Nanna proporciona tranquilidade para os pais e para a crian\u00e7a. A fun\u00e7\u00e3o \u201cfixa\u00e7\u00e3o na cama dos pais\u201d permitir\u00e1 que voc\u00ea durma ao lado de seu filho e, ao mesmo tempo, n\u00e3o perturbe a sensa\u00e7\u00e3o de independ\u00eancia.<\/p>\n","protected":false},"excerpt":{"rendered":"<p>Artigo Novo<\/p>\n<p>&nbsp;<\/p>\n","protected":false},"featured_media":224521,"template":"","meta":[],"product_cat":[940],"product_tag":[1375,1656,1657,1658],"class_list":{"0":"post-224518","1":"product","2":"type-product","3":"status-publish","4":"has-post-thumbnail","6":"product_cat-bercos-camas-e-alcofas","7":"product_tag-berco","8":"product_tag-berco-next-to-me","9":"product_tag-berco-junto-ao-leito","10":"product_tag-mini-berco","12":"first","13":"instock","14":"shipping-taxable","15":"purchasable","16":"product-type-simple"},"yoast_head":"<!-- This site is optimized with the Yoast SEO plugin v23.3 - https:\/\/yoast.com\/wordpress\/plugins\/seo\/ -->\n<title>Ber\u00e7o Junto ao Leito Nanna Cinza c\/ Mosquiteiro - Kid to Kid Online Telheiras<\/title>\n<meta name=\"robots\" content=\"index, follow, max-snippet:-1, max-image-preview:large, max-video-preview:-1\" \/>\n<link rel=\"canonical\" href=\"https:\/\/kidtokidonline.pt\/telheiras\/produto\/berco-junto-ao-leito-nanna-cinza-c-mosquiteiro\/\" \/>\n<meta property=\"og:locale\" content=\"pt_PT\" \/>\n<meta property=\"og:type\" content=\"article\" \/>\n<meta property=\"og:title\" content=\"Ber\u00e7o Junto ao Leito Nanna Cinza c\/ Mosquiteiro - Kid to Kid Online Telheiras\" \/>\n<meta property=\"og:description\" content=\"Artigo Novo  &nbsp;\" \/>\n<meta property=\"og:url\" content=\"https:\/\/kidtokidonline.pt\/telheiras\/produto\/berco-junto-ao-leito-nanna-cinza-c-mosquiteiro\/\" \/>\n<meta property=\"og:site_name\" content=\"Kid to Kid Online Telheiras\" \/>\n<meta property=\"article:publisher\" content=\"https:\/\/www.facebook.com\/k2ktelheiras\" \/>\n<meta property=\"article:modified_time\" content=\"2025-10-25T12:28:21+00:00\" \/>\n<meta name=\"twitter:card\" content=\"summary_large_image\" \/>\n<meta name=\"twitter:label1\" content=\"Tempo estimado de leitura\" \/>\n\t<meta name=\"twitter:data1\" content=\"1 minuto\" \/>\n<script type=\"application\/ld+json\" class=\"yoast-schema-graph\">{\"@context\":\"https:\/\/schema.org\",\"@graph\":[{\"@type\":\"WebPage\",\"@id\":\"https:\/\/kidtokidonline.pt\/telheiras\/produto\/berco-junto-ao-leito-nanna-cinza-c-mosquiteiro\/\",\"url\":\"https:\/\/kidtokidonline.pt\/telheiras\/produto\/berco-junto-ao-leito-nanna-cinza-c-mosquiteiro\/\",\"name\":\"Ber\u00e7o Junto ao Leito Nanna Cinza c\/ Mosquiteiro - Kid to Kid Online Telheiras\",\"isPartOf\":{\"@id\":\"https:\/\/kidtokidonline.pt\/telheiras\/#website\"},\"primaryImageOfPage\":{\"@id\":\"https:\/\/kidtokidonline.pt\/telheiras\/produto\/berco-junto-ao-leito-nanna-cinza-c-mosquiteiro\/#primaryimage\"},\"image\":{\"@id\":\"https:\/\/kidtokidonline.pt\/telheiras\/produto\/berco-junto-ao-leito-nanna-cinza-c-mosquiteiro\/#primaryimage\"},\"thumbnailUrl\":\"https:\/\/kidtokidonline.pt\/telheiras\/wp-content\/uploads\/2025\/10\/01988401-28de-712a-9cc2-227010ee378a_2880.avif\",\"datePublished\":\"2025-10-25T12:22:40+00:00\",\"dateModified\":\"2025-10-25T12:28:21+00:00\",\"breadcrumb\":{\"@id\":\"https:\/\/kidtokidonline.pt\/telheiras\/produto\/berco-junto-ao-leito-nanna-cinza-c-mosquiteiro\/#breadcrumb\"},\"inLanguage\":\"pt-PT\",\"potentialAction\":[{\"@type\":\"ReadAction\",\"target\":[\"https:\/\/kidtokidonline.pt\/telheiras\/produto\/berco-junto-ao-leito-nanna-cinza-c-mosquiteiro\/\"]}]},{\"@type\":\"ImageObject\",\"inLanguage\":\"pt-PT\",\"@id\":\"https:\/\/kidtokidonline.pt\/telheiras\/produto\/berco-junto-ao-leito-nanna-cinza-c-mosquiteiro\/#primaryimage\",\"url\":\"https:\/\/kidtokidonline.pt\/telheiras\/wp-content\/uploads\/2025\/10\/01988401-28de-712a-9cc2-227010ee378a_2880.avif\",\"contentUrl\":\"https:\/\/kidtokidonline.pt\/telheiras\/wp-content\/uploads\/2025\/10\/01988401-28de-712a-9cc2-227010ee378a_2880.avif\",\"width\":928,\"height\":1092},{\"@type\":\"BreadcrumbList\",\"@id\":\"https:\/\/kidtokidonline.pt\/telheiras\/produto\/berco-junto-ao-leito-nanna-cinza-c-mosquiteiro\/#breadcrumb\",\"itemListElement\":[{\"@type\":\"ListItem\",\"position\":1,\"name\":\"In\u00edcio\",\"item\":\"https:\/\/kidtokidonline.pt\/telheiras\/\"},{\"@type\":\"ListItem\",\"position\":2,\"name\":\"Loja\",\"item\":\"https:\/\/kidtokidonline.pt\/telheiras\/loja\/\"},{\"@type\":\"ListItem\",\"position\":3,\"name\":\"Ber\u00e7o Junto ao Leito Nanna Cinza c\/ Mosquiteiro\"}]},{\"@type\":\"WebSite\",\"@id\":\"https:\/\/kidtokidonline.pt\/telheiras\/#website\",\"url\":\"https:\/\/kidtokidonline.pt\/telheiras\/\",\"name\":\"Kid to Kid Online Telheiras\",\"description\":\"Loja online de artigos de crian\u00e7a\",\"publisher\":{\"@id\":\"https:\/\/kidtokidonline.pt\/telheiras\/#organization\"},\"potentialAction\":[{\"@type\":\"SearchAction\",\"target\":{\"@type\":\"EntryPoint\",\"urlTemplate\":\"https:\/\/kidtokidonline.pt\/telheiras\/?s={search_term_string}\"},\"query-input\":\"required name=search_term_string\"}],\"inLanguage\":\"pt-PT\"},{\"@type\":\"Organization\",\"@id\":\"https:\/\/kidtokidonline.pt\/telheiras\/#organization\",\"name\":\"Kid to Kid Telheiras\",\"url\":\"https:\/\/kidtokidonline.pt\/telheiras\/\",\"logo\":{\"@type\":\"ImageObject\",\"inLanguage\":\"pt-PT\",\"@id\":\"https:\/\/kidtokidonline.pt\/telheiras\/#\/schema\/logo\/image\/\",\"url\":\"\",\"contentUrl\":\"\",\"caption\":\"Kid to Kid Telheiras\"},\"image\":{\"@id\":\"https:\/\/kidtokidonline.pt\/telheiras\/#\/schema\/logo\/image\/\"},\"sameAs\":[\"https:\/\/www.facebook.com\/k2ktelheiras\",\"https:\/\/www.instagram.com\/kidtokid_telheiras\/\"]}]}<\/script>\n<!-- \/ Yoast SEO plugin. -->","yoast_head_json":{"title":"Ber\u00e7o Junto ao Leito Nanna Cinza c\/ Mosquiteiro - Kid to Kid Online Telheiras","robots":{"index":"index","follow":"follow","max-snippet":"max-snippet:-1","max-image-preview":"max-image-preview:large","max-video-preview":"max-video-preview:-1"},"canonical":"https:\/\/kidtokidonline.pt\/telheiras\/produto\/berco-junto-ao-leito-nanna-cinza-c-mosquiteiro\/","og_locale":"pt_PT","og_type":"article","og_title":"Ber\u00e7o Junto ao Leito Nanna Cinza c\/ Mosquiteiro - Kid to Kid Online Telheiras","og_description":"Artigo Novo  &nbsp;","og_url":"https:\/\/kidtokidonline.pt\/telheiras\/produto\/berco-junto-ao-leito-nanna-cinza-c-mosquiteiro\/","og_site_name":"Kid to Kid Online Telheiras","article_publisher":"https:\/\/www.facebook.com\/k2ktelheiras","article_modified_time":"2025-10-25T12:28:21+00:00","twitter_card":"summary_large_image","twitter_misc":{"Tempo estimado de leitura":"1 minuto"},"schema":{"@context":"https:\/\/schema.org","@graph":[{"@type":"WebPage","@id":"https:\/\/kidtokidonline.pt\/telheiras\/produto\/berco-junto-ao-leito-nanna-cinza-c-mosquiteiro\/","url":"https:\/\/kidtokidonline.pt\/telheiras\/produto\/berco-junto-ao-leito-nanna-cinza-c-mosquiteiro\/","name":"Ber\u00e7o Junto ao Leito Nanna Cinza c\/ Mosquiteiro - Kid to Kid Online Telheiras","isPartOf":{"@id":"https:\/\/kidtokidonline.pt\/telheiras\/#website"},"primaryImageOfPage":{"@id":"https:\/\/kidtokidonline.pt\/telheiras\/produto\/berco-junto-ao-leito-nanna-cinza-c-mosquiteiro\/#primaryimage"},"image":{"@id":"https:\/\/kidtokidonline.pt\/telheiras\/produto\/berco-junto-ao-leito-nanna-cinza-c-mosquiteiro\/#primaryimage"},"thumbnailUrl":"https:\/\/kidtokidonline.pt\/telheiras\/wp-content\/uploads\/2025\/10\/01988401-28de-712a-9cc2-227010ee378a_2880.avif","datePublished":"2025-10-25T12:22:40+00:00","dateModified":"2025-10-25T12:28:21+00:00","breadcrumb":{"@id":"https:\/\/kidtokidonline.pt\/telheiras\/produto\/berco-junto-ao-leito-nanna-cinza-c-mosquiteiro\/#breadcrumb"},"inLanguage":"pt-PT","potentialAction":[{"@type":"ReadAction","target":["https:\/\/kidtokidonline.pt\/telheiras\/produto\/berco-junto-ao-leito-nanna-cinza-c-mosquiteiro\/"]}]},{"@type":"ImageObject","inLanguage":"pt-PT","@id":"https:\/\/kidtokidonline.pt\/telheiras\/produto\/berco-junto-ao-leito-nanna-cinza-c-mosquiteiro\/#primaryimage","url":"https:\/\/kidtokidonline.pt\/telheiras\/wp-content\/uploads\/2025\/10\/01988401-28de-712a-9cc2-227010ee378a_2880.avif","contentUrl":"https:\/\/kidtokidonline.pt\/telheiras\/wp-content\/uploads\/2025\/10\/01988401-28de-712a-9cc2-227010ee378a_2880.avif","width":928,"height":1092},{"@type":"BreadcrumbList","@id":"https:\/\/kidtokidonline.pt\/telheiras\/produto\/berco-junto-ao-leito-nanna-cinza-c-mosquiteiro\/#breadcrumb","itemListElement":[{"@type":"ListItem","position":1,"name":"In\u00edcio","item":"https:\/\/kidtokidonline.pt\/telheiras\/"},{"@type":"ListItem","position":2,"name":"Loja","item":"https:\/\/kidtokidonline.pt\/telheiras\/loja\/"},{"@type":"ListItem","position":3,"name":"Ber\u00e7o Junto ao Leito Nanna Cinza c\/ Mosquiteiro"}]},{"@type":"WebSite","@id":"https:\/\/kidtokidonline.pt\/telheiras\/#website","url":"https:\/\/kidtokidonline.pt\/telheiras\/","name":"Kid to Kid Online Telheiras","description":"Loja online de artigos de crian\u00e7a","publisher":{"@id":"https:\/\/kidtokidonline.pt\/telheiras\/#organization"},"potentialAction":[{"@type":"SearchAction","target":{"@type":"EntryPoint","urlTemplate":"https:\/\/kidtokidonline.pt\/telheiras\/?s={search_term_string}"},"query-input":"required name=search_term_string"}],"inLanguage":"pt-PT"},{"@type":"Organization","@id":"https:\/\/kidtokidonline.pt\/telheiras\/#organization","name":"Kid to Kid Telheiras","url":"https:\/\/kidtokidonline.pt\/telheiras\/","logo":{"@type":"ImageObject","inLanguage":"pt-PT","@id":"https:\/\/kidtokidonline.pt\/telheiras\/#\/schema\/logo\/image\/","url":"","contentUrl":"","caption":"Kid to Kid Telheiras"},"image":{"@id":"https:\/\/kidtokidonline.pt\/telheiras\/#\/schema\/logo\/image\/"},"sameAs":["https:\/\/www.facebook.com\/k2ktelheiras","https:\/\/www.instagram.com\/kidtokid_telheiras\/"]}]}},"_links":{"self":[{"href":"https:\/\/kidtokidonline.pt\/telheiras\/wp-json\/wp\/v2\/product\/224518"}],"collection":[{"href":"https:\/\/kidtokidonline.pt\/telheiras\/wp-json\/wp\/v2\/product"}],"about":[{"href":"https:\/\/kidtokidonline.pt\/telheiras\/wp-json\/wp\/v2\/types\/product"}],"wp:featuredmedia":[{"embeddable":true,"href":"https:\/\/kidtokidonline.pt\/telheiras\/wp-json\/wp\/v2\/media\/224521"}],"wp:attachment":[{"href":"https:\/\/kidtokidonline.pt\/telheiras\/wp-json\/wp\/v2\/media?parent=224518"}],"wp:term":[{"taxonomy":"product_cat","embeddable":true,"href":"https:\/\/kidtokidonline.pt\/telheiras\/wp-json\/wp\/v2\/product_cat?post=224518"},{"taxonomy":"product_tag","embeddable":true,"href":"https:\/\/kidtokidonline.pt\/telheiras\/wp-json\/wp\/v2\/product_tag?post=224518"}],"curies":[{"name":"wp","href":"https:\/\/api.w.org\/{rel}","templated":true}]}}