{"id":224288,"date":"2025-06-10T14:44:21","date_gmt":"2025-06-10T14:44:21","guid":{"rendered":"https:\/\/kidtokidonline.pt\/telheiras\/?post_type=product&#038;p=224288"},"modified":"2025-06-10T14:48:34","modified_gmt":"2025-06-10T14:48:34","slug":"bomba-de-leite-eletrica-nessa","status":"publish","type":"product","link":"https:\/\/kidtokidonline.pt\/telheiras\/produto\/bomba-de-leite-eletrica-nessa\/","title":{"rendered":"Bomba De Leite El\u00e9trica Nessa"},"content":{"rendered":"<h2><span>Principais Caracter\u00edsticas<\/span><\/h2>\n<ul>\n<li><strong><span>Tr\u00eas modos inovadores:<\/span><\/strong><span>\u00a0massagem, extra\u00e7\u00e3o e bi\u00f4nico, com 9 n\u00edveis de ajuste de for\u00e7a de suc\u00e7\u00e3o, permitem uma experi\u00eancia de amamenta\u00e7\u00e3o completamente personalizada.<\/span><\/li>\n<li><strong><span>Fun\u00e7\u00e3o de mem\u00f3ria:<\/span><\/strong><span>\u00a0facilita o uso mais r\u00e1pido e f\u00e1cil, lembrando suas configura\u00e7\u00f5es preferidas em cada sess\u00e3o.<\/span><\/li>\n<li><strong><span>Zero Backflow:<\/span><\/strong><span>\u00a0protege a unidade principal contra danos causados \u200b\u200bpor derramamentos de leite, evitando que o leite entre na m\u00e1quina se a garrafa for derrubada.<\/span><\/li>\n<li><strong><span>Tela sens\u00edvel ao toque LED:<\/span><\/strong><span>\u00a0Oferece manuseio intuitivo e confort\u00e1vel do dispositivo.<\/span><\/li>\n<\/ul>\n","protected":false},"excerpt":{"rendered":"<p>Principais Caracter\u00edsticas Tr\u00eas modos inovadores:\u00a0massagem, extra\u00e7\u00e3o e bi\u00f4nico, com 9 n\u00edveis de ajuste de for\u00e7a de suc\u00e7\u00e3o, permitem uma experi\u00eancia de amamenta\u00e7\u00e3o completamente personalizada. Fun\u00e7\u00e3o de mem\u00f3ria:\u00a0facilita o uso mais r\u00e1pido e f\u00e1cil, lembrando suas configura\u00e7\u00f5es preferidas em cada sess\u00e3o. Zero Backflow:\u00a0protege a unidade principal contra danos causados \u200b\u200bpor derramamentos de leite, evitando que o &hellip;<\/p>\n<p class=\"read-more\"> <a class=\"\" href=\"https:\/\/kidtokidonline.pt\/telheiras\/produto\/bomba-de-leite-eletrica-nessa\/\"> <span class=\"screen-reader-text\">Bomba De Leite El\u00e9trica Nessa<\/span> Read More &raquo;<\/a><\/p>\n","protected":false},"featured_media":224289,"template":"","meta":[],"product_cat":[66],"product_tag":[1889],"class_list":{"0":"post-224288","1":"product","2":"type-product","3":"status-publish","4":"has-post-thumbnail","6":"product_cat-ama","7":"product_tag-bomba-de-leite-eletrica","9":"first","10":"instock","11":"shipping-taxable","12":"purchasable","13":"product-type-simple"},"yoast_head":"<!-- This site is optimized with the Yoast SEO plugin v23.3 - https:\/\/yoast.com\/wordpress\/plugins\/seo\/ -->\n<title>Bomba De Leite El\u00e9trica Nessa - Kid to Kid Online Telheiras<\/title>\n<meta name=\"robots\" content=\"index, follow, max-snippet:-1, max-image-preview:large, max-video-preview:-1\" \/>\n<link rel=\"canonical\" href=\"https:\/\/kidtokidonline.pt\/telheiras\/produto\/bomba-de-leite-eletrica-nessa\/\" \/>\n<meta property=\"og:locale\" content=\"pt_PT\" \/>\n<meta property=\"og:type\" content=\"article\" \/>\n<meta property=\"og:title\" content=\"Bomba De Leite El\u00e9trica Nessa - Kid to Kid Online Telheiras\" \/>\n<meta property=\"og:description\" content=\"Principais Caracter\u00edsticas Tr\u00eas modos inovadores:\u00a0massagem, extra\u00e7\u00e3o e bi\u00f4nico, com 9 n\u00edveis de ajuste de for\u00e7a de suc\u00e7\u00e3o, permitem uma experi\u00eancia de amamenta\u00e7\u00e3o completamente personalizada. Fun\u00e7\u00e3o de mem\u00f3ria:\u00a0facilita o uso mais r\u00e1pido e f\u00e1cil, lembrando suas configura\u00e7\u00f5es preferidas em cada sess\u00e3o. Zero Backflow:\u00a0protege a unidade principal contra danos causados \u200b\u200bpor derramamentos de leite, evitando que o &hellip; Bomba De Leite El\u00e9trica Nessa Read More &raquo;\" \/>\n<meta property=\"og:url\" content=\"https:\/\/kidtokidonline.pt\/telheiras\/produto\/bomba-de-leite-eletrica-nessa\/\" \/>\n<meta property=\"og:site_name\" content=\"Kid to Kid Online Telheiras\" \/>\n<meta property=\"article:publisher\" content=\"https:\/\/www.facebook.com\/k2ktelheiras\" \/>\n<meta property=\"article:modified_time\" content=\"2025-06-10T14:48:34+00:00\" \/>\n<meta property=\"og:image\" content=\"https:\/\/kidtokidonline.pt\/telheiras\/wp-content\/uploads\/2025\/06\/Sem-Titulo2.jpg\" \/>\n\t<meta property=\"og:image:width\" content=\"959\" \/>\n\t<meta property=\"og:image:height\" content=\"901\" \/>\n\t<meta property=\"og:image:type\" content=\"image\/jpeg\" \/>\n<meta name=\"twitter:card\" content=\"summary_large_image\" \/>\n<meta name=\"twitter:label1\" content=\"Tempo estimado de leitura\" \/>\n\t<meta name=\"twitter:data1\" content=\"1 minuto\" \/>\n<script type=\"application\/ld+json\" class=\"yoast-schema-graph\">{\"@context\":\"https:\/\/schema.org\",\"@graph\":[{\"@type\":\"WebPage\",\"@id\":\"https:\/\/kidtokidonline.pt\/telheiras\/produto\/bomba-de-leite-eletrica-nessa\/\",\"url\":\"https:\/\/kidtokidonline.pt\/telheiras\/produto\/bomba-de-leite-eletrica-nessa\/\",\"name\":\"Bomba De Leite El\u00e9trica Nessa - Kid to Kid Online Telheiras\",\"isPartOf\":{\"@id\":\"https:\/\/kidtokidonline.pt\/telheiras\/#website\"},\"primaryImageOfPage\":{\"@id\":\"https:\/\/kidtokidonline.pt\/telheiras\/produto\/bomba-de-leite-eletrica-nessa\/#primaryimage\"},\"image\":{\"@id\":\"https:\/\/kidtokidonline.pt\/telheiras\/produto\/bomba-de-leite-eletrica-nessa\/#primaryimage\"},\"thumbnailUrl\":\"https:\/\/kidtokidonline.pt\/telheiras\/wp-content\/uploads\/2025\/06\/Sem-Titulo2.jpg\",\"datePublished\":\"2025-06-10T14:44:21+00:00\",\"dateModified\":\"2025-06-10T14:48:34+00:00\",\"breadcrumb\":{\"@id\":\"https:\/\/kidtokidonline.pt\/telheiras\/produto\/bomba-de-leite-eletrica-nessa\/#breadcrumb\"},\"inLanguage\":\"pt-PT\",\"potentialAction\":[{\"@type\":\"ReadAction\",\"target\":[\"https:\/\/kidtokidonline.pt\/telheiras\/produto\/bomba-de-leite-eletrica-nessa\/\"]}]},{\"@type\":\"ImageObject\",\"inLanguage\":\"pt-PT\",\"@id\":\"https:\/\/kidtokidonline.pt\/telheiras\/produto\/bomba-de-leite-eletrica-nessa\/#primaryimage\",\"url\":\"https:\/\/kidtokidonline.pt\/telheiras\/wp-content\/uploads\/2025\/06\/Sem-Titulo2.jpg\",\"contentUrl\":\"https:\/\/kidtokidonline.pt\/telheiras\/wp-content\/uploads\/2025\/06\/Sem-Titulo2.jpg\",\"width\":959,\"height\":901},{\"@type\":\"BreadcrumbList\",\"@id\":\"https:\/\/kidtokidonline.pt\/telheiras\/produto\/bomba-de-leite-eletrica-nessa\/#breadcrumb\",\"itemListElement\":[{\"@type\":\"ListItem\",\"position\":1,\"name\":\"In\u00edcio\",\"item\":\"https:\/\/kidtokidonline.pt\/telheiras\/\"},{\"@type\":\"ListItem\",\"position\":2,\"name\":\"Loja\",\"item\":\"https:\/\/kidtokidonline.pt\/telheiras\/loja\/\"},{\"@type\":\"ListItem\",\"position\":3,\"name\":\"Bomba De Leite El\u00e9trica Nessa\"}]},{\"@type\":\"WebSite\",\"@id\":\"https:\/\/kidtokidonline.pt\/telheiras\/#website\",\"url\":\"https:\/\/kidtokidonline.pt\/telheiras\/\",\"name\":\"Kid to Kid Online Telheiras\",\"description\":\"Loja online de artigos de crian\u00e7a\",\"publisher\":{\"@id\":\"https:\/\/kidtokidonline.pt\/telheiras\/#organization\"},\"potentialAction\":[{\"@type\":\"SearchAction\",\"target\":{\"@type\":\"EntryPoint\",\"urlTemplate\":\"https:\/\/kidtokidonline.pt\/telheiras\/?s={search_term_string}\"},\"query-input\":\"required name=search_term_string\"}],\"inLanguage\":\"pt-PT\"},{\"@type\":\"Organization\",\"@id\":\"https:\/\/kidtokidonline.pt\/telheiras\/#organization\",\"name\":\"Kid to Kid Telheiras\",\"url\":\"https:\/\/kidtokidonline.pt\/telheiras\/\",\"logo\":{\"@type\":\"ImageObject\",\"inLanguage\":\"pt-PT\",\"@id\":\"https:\/\/kidtokidonline.pt\/telheiras\/#\/schema\/logo\/image\/\",\"url\":\"\",\"contentUrl\":\"\",\"caption\":\"Kid to Kid Telheiras\"},\"image\":{\"@id\":\"https:\/\/kidtokidonline.pt\/telheiras\/#\/schema\/logo\/image\/\"},\"sameAs\":[\"https:\/\/www.facebook.com\/k2ktelheiras\",\"https:\/\/www.instagram.com\/kidtokid_telheiras\/\"]}]}<\/script>\n<!-- \/ Yoast SEO plugin. -->","yoast_head_json":{"title":"Bomba De Leite El\u00e9trica Nessa - Kid to Kid Online Telheiras","robots":{"index":"index","follow":"follow","max-snippet":"max-snippet:-1","max-image-preview":"max-image-preview:large","max-video-preview":"max-video-preview:-1"},"canonical":"https:\/\/kidtokidonline.pt\/telheiras\/produto\/bomba-de-leite-eletrica-nessa\/","og_locale":"pt_PT","og_type":"article","og_title":"Bomba De Leite El\u00e9trica Nessa - Kid to Kid Online Telheiras","og_description":"Principais Caracter\u00edsticas Tr\u00eas modos inovadores:\u00a0massagem, extra\u00e7\u00e3o e bi\u00f4nico, com 9 n\u00edveis de ajuste de for\u00e7a de suc\u00e7\u00e3o, permitem uma experi\u00eancia de amamenta\u00e7\u00e3o completamente personalizada. Fun\u00e7\u00e3o de mem\u00f3ria:\u00a0facilita o uso mais r\u00e1pido e f\u00e1cil, lembrando suas configura\u00e7\u00f5es preferidas em cada sess\u00e3o. Zero Backflow:\u00a0protege a unidade principal contra danos causados \u200b\u200bpor derramamentos de leite, evitando que o &hellip; Bomba De Leite El\u00e9trica Nessa Read More &raquo;","og_url":"https:\/\/kidtokidonline.pt\/telheiras\/produto\/bomba-de-leite-eletrica-nessa\/","og_site_name":"Kid to Kid Online Telheiras","article_publisher":"https:\/\/www.facebook.com\/k2ktelheiras","article_modified_time":"2025-06-10T14:48:34+00:00","og_image":[{"width":959,"height":901,"url":"https:\/\/kidtokidonline.pt\/telheiras\/wp-content\/uploads\/2025\/06\/Sem-Titulo2.jpg","type":"image\/jpeg"}],"twitter_card":"summary_large_image","twitter_misc":{"Tempo estimado de leitura":"1 minuto"},"schema":{"@context":"https:\/\/schema.org","@graph":[{"@type":"WebPage","@id":"https:\/\/kidtokidonline.pt\/telheiras\/produto\/bomba-de-leite-eletrica-nessa\/","url":"https:\/\/kidtokidonline.pt\/telheiras\/produto\/bomba-de-leite-eletrica-nessa\/","name":"Bomba De Leite El\u00e9trica Nessa - Kid to Kid Online Telheiras","isPartOf":{"@id":"https:\/\/kidtokidonline.pt\/telheiras\/#website"},"primaryImageOfPage":{"@id":"https:\/\/kidtokidonline.pt\/telheiras\/produto\/bomba-de-leite-eletrica-nessa\/#primaryimage"},"image":{"@id":"https:\/\/kidtokidonline.pt\/telheiras\/produto\/bomba-de-leite-eletrica-nessa\/#primaryimage"},"thumbnailUrl":"https:\/\/kidtokidonline.pt\/telheiras\/wp-content\/uploads\/2025\/06\/Sem-Titulo2.jpg","datePublished":"2025-06-10T14:44:21+00:00","dateModified":"2025-06-10T14:48:34+00:00","breadcrumb":{"@id":"https:\/\/kidtokidonline.pt\/telheiras\/produto\/bomba-de-leite-eletrica-nessa\/#breadcrumb"},"inLanguage":"pt-PT","potentialAction":[{"@type":"ReadAction","target":["https:\/\/kidtokidonline.pt\/telheiras\/produto\/bomba-de-leite-eletrica-nessa\/"]}]},{"@type":"ImageObject","inLanguage":"pt-PT","@id":"https:\/\/kidtokidonline.pt\/telheiras\/produto\/bomba-de-leite-eletrica-nessa\/#primaryimage","url":"https:\/\/kidtokidonline.pt\/telheiras\/wp-content\/uploads\/2025\/06\/Sem-Titulo2.jpg","contentUrl":"https:\/\/kidtokidonline.pt\/telheiras\/wp-content\/uploads\/2025\/06\/Sem-Titulo2.jpg","width":959,"height":901},{"@type":"BreadcrumbList","@id":"https:\/\/kidtokidonline.pt\/telheiras\/produto\/bomba-de-leite-eletrica-nessa\/#breadcrumb","itemListElement":[{"@type":"ListItem","position":1,"name":"In\u00edcio","item":"https:\/\/kidtokidonline.pt\/telheiras\/"},{"@type":"ListItem","position":2,"name":"Loja","item":"https:\/\/kidtokidonline.pt\/telheiras\/loja\/"},{"@type":"ListItem","position":3,"name":"Bomba De Leite El\u00e9trica Nessa"}]},{"@type":"WebSite","@id":"https:\/\/kidtokidonline.pt\/telheiras\/#website","url":"https:\/\/kidtokidonline.pt\/telheiras\/","name":"Kid to Kid Online Telheiras","description":"Loja online de artigos de crian\u00e7a","publisher":{"@id":"https:\/\/kidtokidonline.pt\/telheiras\/#organization"},"potentialAction":[{"@type":"SearchAction","target":{"@type":"EntryPoint","urlTemplate":"https:\/\/kidtokidonline.pt\/telheiras\/?s={search_term_string}"},"query-input":"required name=search_term_string"}],"inLanguage":"pt-PT"},{"@type":"Organization","@id":"https:\/\/kidtokidonline.pt\/telheiras\/#organization","name":"Kid to Kid Telheiras","url":"https:\/\/kidtokidonline.pt\/telheiras\/","logo":{"@type":"ImageObject","inLanguage":"pt-PT","@id":"https:\/\/kidtokidonline.pt\/telheiras\/#\/schema\/logo\/image\/","url":"","contentUrl":"","caption":"Kid to Kid Telheiras"},"image":{"@id":"https:\/\/kidtokidonline.pt\/telheiras\/#\/schema\/logo\/image\/"},"sameAs":["https:\/\/www.facebook.com\/k2ktelheiras","https:\/\/www.instagram.com\/kidtokid_telheiras\/"]}]}},"_links":{"self":[{"href":"https:\/\/kidtokidonline.pt\/telheiras\/wp-json\/wp\/v2\/product\/224288"}],"collection":[{"href":"https:\/\/kidtokidonline.pt\/telheiras\/wp-json\/wp\/v2\/product"}],"about":[{"href":"https:\/\/kidtokidonline.pt\/telheiras\/wp-json\/wp\/v2\/types\/product"}],"wp:featuredmedia":[{"embeddable":true,"href":"https:\/\/kidtokidonline.pt\/telheiras\/wp-json\/wp\/v2\/media\/224289"}],"wp:attachment":[{"href":"https:\/\/kidtokidonline.pt\/telheiras\/wp-json\/wp\/v2\/media?parent=224288"}],"wp:term":[{"taxonomy":"product_cat","embeddable":true,"href":"https:\/\/kidtokidonline.pt\/telheiras\/wp-json\/wp\/v2\/product_cat?post=224288"},{"taxonomy":"product_tag","embeddable":true,"href":"https:\/\/kidtokidonline.pt\/telheiras\/wp-json\/wp\/v2\/product_tag?post=224288"}],"curies":[{"name":"wp","href":"https:\/\/api.w.org\/{rel}","templated":true}]}}