{"id":224278,"date":"2025-06-10T11:30:49","date_gmt":"2025-06-10T11:30:49","guid":{"rendered":"https:\/\/kidtokidonline.pt\/telheiras\/?post_type=product&#038;p=224278"},"modified":"2025-06-10T14:21:05","modified_gmt":"2025-06-10T14:21:05","slug":"bomba-de-leite-electrica-portatil-winnie","status":"publish","type":"product","link":"https:\/\/kidtokidonline.pt\/telheiras\/produto\/bomba-de-leite-electrica-portatil-winnie\/","title":{"rendered":"Bomba de Leite El\u00e9ctrica Port\u00e1til Winnie"},"content":{"rendered":"<p>Este extrator de leite de \u00faltima gera\u00e7\u00e3o foi desenvolvido para proporcionar conforto e praticidade \u00e0s m\u00e3es modernas. Com quatro modos de opera\u00e7\u00e3o \u2013 Estimula\u00e7\u00e3o, Bombeamento, Bombeamento e Bi\u00f4nico \u2013 e nove n\u00edveis de for\u00e7a de suc\u00e7\u00e3o ajust\u00e1veis, adapta-se \u00e0s necessidades de cada utilizadora. O design m\u00e3os-livres permite uma utiliza\u00e7\u00e3o discreta e eficiente em qualquer lugar, enquanto a fun\u00e7\u00e3o de mem\u00f3ria e a prote\u00e7\u00e3o contra refluxo garantem uma experi\u00eancia segura e personalizada. Compacto, silencioso e leve, inclui uma bateria de l\u00edtio dur\u00e1vel, f\u00e1cil de carregar e uma estrutura robusta em materiais como Tritan e silicone.<\/p>\n<p>&nbsp;<\/p>\n<p>\u2022 Quatro modos: Estimula\u00e7\u00e3o, Bombeamento, Bombeamento e Bi\u00f4nico com 9 n\u00edveis regulando a for\u00e7a de suc\u00e7\u00e3o<\/p>\n<p>\u2022 Design inovador de m\u00e3os livres, sem cabos ou tubos externos;<\/p>\n<p>\u2022 Projetar para usar e bombear em qualquer lugar;<\/p>\n<p>\u2022 Fun\u00e7\u00e3o de mem\u00f3ria;<\/p>\n<p>\u2022 Prote\u00e7\u00e3o contra refluxo;<\/p>\n<p>\u2022 Port\u00e1til e f\u00e1cil de limpar;<\/p>\n<p>\u2022 Leve e silencioso;<\/p>\n<p>\u2022 Bateria de l\u00edtio grande de 1500mAh;<\/p>\n<p>\u2022 Recipiente pl\u00e1stico para leite Tritan \u2013 capacidade de 140ml;<\/p>\n<p>\u2022 Tempo de trabalho \u2013 aproximadamente 2 horas;<\/p>\n<p>\u2022 Tempo de carregamento \u2013 aproximadamente 3 horas;<\/p>\n<p>\u2022 Prote\u00e7\u00e3o contra Choque El\u00e9trico: Classe II;<\/p>\n<p>\u2022 Entrada de energia: 5V 1A, 110-240V 50-60Hz;<\/p>\n<p>\u2022 Entrada do adaptador: 110-240V 50~60Hz, sa\u00edda: 5V 1A 3.0W;<\/p>\n<p>\u2022 Fabricado em Tritan, silicone, ABS;<\/p>\n","protected":false},"excerpt":{"rendered":"<p>Artigo Novo<\/p>\n","protected":false},"featured_media":224281,"template":"","meta":[],"product_cat":[66],"product_tag":[1912,4079,4080,4081,4082],"class_list":{"0":"post-224278","1":"product","2":"type-product","3":"status-publish","4":"has-post-thumbnail","6":"product_cat-ama","7":"product_tag-extractor-electrico","8":"product_tag-bomba-leite","9":"product_tag-bomba","10":"product_tag-extractor-de-leite","11":"product_tag-saca-leite","13":"first","14":"instock","15":"shipping-taxable","16":"purchasable","17":"product-type-simple"},"yoast_head":"<!-- This site is optimized with the Yoast SEO plugin v23.3 - https:\/\/yoast.com\/wordpress\/plugins\/seo\/ -->\n<title>Bomba de Leite El\u00e9ctrica Port\u00e1til Winnie - Kid to Kid Online Telheiras<\/title>\n<meta name=\"robots\" content=\"index, follow, max-snippet:-1, max-image-preview:large, max-video-preview:-1\" \/>\n<link rel=\"canonical\" href=\"https:\/\/kidtokidonline.pt\/telheiras\/produto\/bomba-de-leite-electrica-portatil-winnie\/\" \/>\n<meta property=\"og:locale\" content=\"pt_PT\" \/>\n<meta property=\"og:type\" content=\"article\" \/>\n<meta property=\"og:title\" content=\"Bomba de Leite El\u00e9ctrica Port\u00e1til Winnie - Kid to Kid Online Telheiras\" \/>\n<meta property=\"og:description\" content=\"Artigo Novo\" \/>\n<meta property=\"og:url\" content=\"https:\/\/kidtokidonline.pt\/telheiras\/produto\/bomba-de-leite-electrica-portatil-winnie\/\" \/>\n<meta property=\"og:site_name\" content=\"Kid to Kid Online Telheiras\" \/>\n<meta property=\"article:publisher\" content=\"https:\/\/www.facebook.com\/k2ktelheiras\" \/>\n<meta property=\"article:modified_time\" content=\"2025-06-10T14:21:05+00:00\" \/>\n<meta property=\"og:image\" content=\"https:\/\/kidtokidonline.pt\/telheiras\/wp-content\/uploads\/2025\/06\/electrical-pump-winnie-benefits-1.jpg\" \/>\n\t<meta property=\"og:image:width\" content=\"710\" \/>\n\t<meta property=\"og:image:height\" content=\"900\" \/>\n\t<meta property=\"og:image:type\" content=\"image\/jpeg\" \/>\n<meta name=\"twitter:card\" content=\"summary_large_image\" \/>\n<meta name=\"twitter:label1\" content=\"Tempo estimado de leitura\" \/>\n\t<meta name=\"twitter:data1\" content=\"2 minutos\" \/>\n<script type=\"application\/ld+json\" class=\"yoast-schema-graph\">{\"@context\":\"https:\/\/schema.org\",\"@graph\":[{\"@type\":\"WebPage\",\"@id\":\"https:\/\/kidtokidonline.pt\/telheiras\/produto\/bomba-de-leite-electrica-portatil-winnie\/\",\"url\":\"https:\/\/kidtokidonline.pt\/telheiras\/produto\/bomba-de-leite-electrica-portatil-winnie\/\",\"name\":\"Bomba de Leite El\u00e9ctrica Port\u00e1til Winnie - Kid to Kid Online Telheiras\",\"isPartOf\":{\"@id\":\"https:\/\/kidtokidonline.pt\/telheiras\/#website\"},\"primaryImageOfPage\":{\"@id\":\"https:\/\/kidtokidonline.pt\/telheiras\/produto\/bomba-de-leite-electrica-portatil-winnie\/#primaryimage\"},\"image\":{\"@id\":\"https:\/\/kidtokidonline.pt\/telheiras\/produto\/bomba-de-leite-electrica-portatil-winnie\/#primaryimage\"},\"thumbnailUrl\":\"https:\/\/kidtokidonline.pt\/telheiras\/wp-content\/uploads\/2025\/06\/electrical-pump-winnie-benefits-1.jpg\",\"datePublished\":\"2025-06-10T11:30:49+00:00\",\"dateModified\":\"2025-06-10T14:21:05+00:00\",\"breadcrumb\":{\"@id\":\"https:\/\/kidtokidonline.pt\/telheiras\/produto\/bomba-de-leite-electrica-portatil-winnie\/#breadcrumb\"},\"inLanguage\":\"pt-PT\",\"potentialAction\":[{\"@type\":\"ReadAction\",\"target\":[\"https:\/\/kidtokidonline.pt\/telheiras\/produto\/bomba-de-leite-electrica-portatil-winnie\/\"]}]},{\"@type\":\"ImageObject\",\"inLanguage\":\"pt-PT\",\"@id\":\"https:\/\/kidtokidonline.pt\/telheiras\/produto\/bomba-de-leite-electrica-portatil-winnie\/#primaryimage\",\"url\":\"https:\/\/kidtokidonline.pt\/telheiras\/wp-content\/uploads\/2025\/06\/electrical-pump-winnie-benefits-1.jpg\",\"contentUrl\":\"https:\/\/kidtokidonline.pt\/telheiras\/wp-content\/uploads\/2025\/06\/electrical-pump-winnie-benefits-1.jpg\",\"width\":710,\"height\":900},{\"@type\":\"BreadcrumbList\",\"@id\":\"https:\/\/kidtokidonline.pt\/telheiras\/produto\/bomba-de-leite-electrica-portatil-winnie\/#breadcrumb\",\"itemListElement\":[{\"@type\":\"ListItem\",\"position\":1,\"name\":\"In\u00edcio\",\"item\":\"https:\/\/kidtokidonline.pt\/telheiras\/\"},{\"@type\":\"ListItem\",\"position\":2,\"name\":\"Loja\",\"item\":\"https:\/\/kidtokidonline.pt\/telheiras\/loja\/\"},{\"@type\":\"ListItem\",\"position\":3,\"name\":\"Bomba de Leite El\u00e9ctrica Port\u00e1til Winnie\"}]},{\"@type\":\"WebSite\",\"@id\":\"https:\/\/kidtokidonline.pt\/telheiras\/#website\",\"url\":\"https:\/\/kidtokidonline.pt\/telheiras\/\",\"name\":\"Kid to Kid Online Telheiras\",\"description\":\"Loja online de artigos de crian\u00e7a\",\"publisher\":{\"@id\":\"https:\/\/kidtokidonline.pt\/telheiras\/#organization\"},\"potentialAction\":[{\"@type\":\"SearchAction\",\"target\":{\"@type\":\"EntryPoint\",\"urlTemplate\":\"https:\/\/kidtokidonline.pt\/telheiras\/?s={search_term_string}\"},\"query-input\":\"required name=search_term_string\"}],\"inLanguage\":\"pt-PT\"},{\"@type\":\"Organization\",\"@id\":\"https:\/\/kidtokidonline.pt\/telheiras\/#organization\",\"name\":\"Kid to Kid Telheiras\",\"url\":\"https:\/\/kidtokidonline.pt\/telheiras\/\",\"logo\":{\"@type\":\"ImageObject\",\"inLanguage\":\"pt-PT\",\"@id\":\"https:\/\/kidtokidonline.pt\/telheiras\/#\/schema\/logo\/image\/\",\"url\":\"\",\"contentUrl\":\"\",\"caption\":\"Kid to Kid Telheiras\"},\"image\":{\"@id\":\"https:\/\/kidtokidonline.pt\/telheiras\/#\/schema\/logo\/image\/\"},\"sameAs\":[\"https:\/\/www.facebook.com\/k2ktelheiras\",\"https:\/\/www.instagram.com\/kidtokid_telheiras\/\"]}]}<\/script>\n<!-- \/ Yoast SEO plugin. -->","yoast_head_json":{"title":"Bomba de Leite El\u00e9ctrica Port\u00e1til Winnie - Kid to Kid Online Telheiras","robots":{"index":"index","follow":"follow","max-snippet":"max-snippet:-1","max-image-preview":"max-image-preview:large","max-video-preview":"max-video-preview:-1"},"canonical":"https:\/\/kidtokidonline.pt\/telheiras\/produto\/bomba-de-leite-electrica-portatil-winnie\/","og_locale":"pt_PT","og_type":"article","og_title":"Bomba de Leite El\u00e9ctrica Port\u00e1til Winnie - Kid to Kid Online Telheiras","og_description":"Artigo Novo","og_url":"https:\/\/kidtokidonline.pt\/telheiras\/produto\/bomba-de-leite-electrica-portatil-winnie\/","og_site_name":"Kid to Kid Online Telheiras","article_publisher":"https:\/\/www.facebook.com\/k2ktelheiras","article_modified_time":"2025-06-10T14:21:05+00:00","og_image":[{"width":710,"height":900,"url":"https:\/\/kidtokidonline.pt\/telheiras\/wp-content\/uploads\/2025\/06\/electrical-pump-winnie-benefits-1.jpg","type":"image\/jpeg"}],"twitter_card":"summary_large_image","twitter_misc":{"Tempo estimado de leitura":"2 minutos"},"schema":{"@context":"https:\/\/schema.org","@graph":[{"@type":"WebPage","@id":"https:\/\/kidtokidonline.pt\/telheiras\/produto\/bomba-de-leite-electrica-portatil-winnie\/","url":"https:\/\/kidtokidonline.pt\/telheiras\/produto\/bomba-de-leite-electrica-portatil-winnie\/","name":"Bomba de Leite El\u00e9ctrica Port\u00e1til Winnie - Kid to Kid Online Telheiras","isPartOf":{"@id":"https:\/\/kidtokidonline.pt\/telheiras\/#website"},"primaryImageOfPage":{"@id":"https:\/\/kidtokidonline.pt\/telheiras\/produto\/bomba-de-leite-electrica-portatil-winnie\/#primaryimage"},"image":{"@id":"https:\/\/kidtokidonline.pt\/telheiras\/produto\/bomba-de-leite-electrica-portatil-winnie\/#primaryimage"},"thumbnailUrl":"https:\/\/kidtokidonline.pt\/telheiras\/wp-content\/uploads\/2025\/06\/electrical-pump-winnie-benefits-1.jpg","datePublished":"2025-06-10T11:30:49+00:00","dateModified":"2025-06-10T14:21:05+00:00","breadcrumb":{"@id":"https:\/\/kidtokidonline.pt\/telheiras\/produto\/bomba-de-leite-electrica-portatil-winnie\/#breadcrumb"},"inLanguage":"pt-PT","potentialAction":[{"@type":"ReadAction","target":["https:\/\/kidtokidonline.pt\/telheiras\/produto\/bomba-de-leite-electrica-portatil-winnie\/"]}]},{"@type":"ImageObject","inLanguage":"pt-PT","@id":"https:\/\/kidtokidonline.pt\/telheiras\/produto\/bomba-de-leite-electrica-portatil-winnie\/#primaryimage","url":"https:\/\/kidtokidonline.pt\/telheiras\/wp-content\/uploads\/2025\/06\/electrical-pump-winnie-benefits-1.jpg","contentUrl":"https:\/\/kidtokidonline.pt\/telheiras\/wp-content\/uploads\/2025\/06\/electrical-pump-winnie-benefits-1.jpg","width":710,"height":900},{"@type":"BreadcrumbList","@id":"https:\/\/kidtokidonline.pt\/telheiras\/produto\/bomba-de-leite-electrica-portatil-winnie\/#breadcrumb","itemListElement":[{"@type":"ListItem","position":1,"name":"In\u00edcio","item":"https:\/\/kidtokidonline.pt\/telheiras\/"},{"@type":"ListItem","position":2,"name":"Loja","item":"https:\/\/kidtokidonline.pt\/telheiras\/loja\/"},{"@type":"ListItem","position":3,"name":"Bomba de Leite El\u00e9ctrica Port\u00e1til Winnie"}]},{"@type":"WebSite","@id":"https:\/\/kidtokidonline.pt\/telheiras\/#website","url":"https:\/\/kidtokidonline.pt\/telheiras\/","name":"Kid to Kid Online Telheiras","description":"Loja online de artigos de crian\u00e7a","publisher":{"@id":"https:\/\/kidtokidonline.pt\/telheiras\/#organization"},"potentialAction":[{"@type":"SearchAction","target":{"@type":"EntryPoint","urlTemplate":"https:\/\/kidtokidonline.pt\/telheiras\/?s={search_term_string}"},"query-input":"required name=search_term_string"}],"inLanguage":"pt-PT"},{"@type":"Organization","@id":"https:\/\/kidtokidonline.pt\/telheiras\/#organization","name":"Kid to Kid Telheiras","url":"https:\/\/kidtokidonline.pt\/telheiras\/","logo":{"@type":"ImageObject","inLanguage":"pt-PT","@id":"https:\/\/kidtokidonline.pt\/telheiras\/#\/schema\/logo\/image\/","url":"","contentUrl":"","caption":"Kid to Kid Telheiras"},"image":{"@id":"https:\/\/kidtokidonline.pt\/telheiras\/#\/schema\/logo\/image\/"},"sameAs":["https:\/\/www.facebook.com\/k2ktelheiras","https:\/\/www.instagram.com\/kidtokid_telheiras\/"]}]}},"_links":{"self":[{"href":"https:\/\/kidtokidonline.pt\/telheiras\/wp-json\/wp\/v2\/product\/224278"}],"collection":[{"href":"https:\/\/kidtokidonline.pt\/telheiras\/wp-json\/wp\/v2\/product"}],"about":[{"href":"https:\/\/kidtokidonline.pt\/telheiras\/wp-json\/wp\/v2\/types\/product"}],"wp:featuredmedia":[{"embeddable":true,"href":"https:\/\/kidtokidonline.pt\/telheiras\/wp-json\/wp\/v2\/media\/224281"}],"wp:attachment":[{"href":"https:\/\/kidtokidonline.pt\/telheiras\/wp-json\/wp\/v2\/media?parent=224278"}],"wp:term":[{"taxonomy":"product_cat","embeddable":true,"href":"https:\/\/kidtokidonline.pt\/telheiras\/wp-json\/wp\/v2\/product_cat?post=224278"},{"taxonomy":"product_tag","embeddable":true,"href":"https:\/\/kidtokidonline.pt\/telheiras\/wp-json\/wp\/v2\/product_tag?post=224278"}],"curies":[{"name":"wp","href":"https:\/\/api.w.org\/{rel}","templated":true}]}}