{"id":223815,"date":"2024-10-19T13:20:02","date_gmt":"2024-10-19T13:20:02","guid":{"rendered":"https:\/\/kidtokidonline.pt\/telheiras\/?post_type=product&#038;p=223815"},"modified":"2025-07-10T15:17:01","modified_gmt":"2025-07-10T15:17:01","slug":"cadeira-auto-supreme-preto","status":"publish","type":"product","link":"https:\/\/kidtokidonline.pt\/telheiras\/produto\/cadeira-auto-supreme-preto\/","title":{"rendered":"Cadeira Auto Supreme PRETO"},"content":{"rendered":"<div class=\"gmail_default\">A cadeira auto \u00e9 adequada para rec\u00e9m-nascidos e crian\u00e7as com altura<br \/>\nentre 40 e 150 cm, idades entre 0 e 12 anos, aprox. peso 0-36 kg;<br \/>\nFixa\u00e7\u00f5es ISOFIX em ve\u00edculos para crian\u00e7as com altura de 40 a 150 cm,<br \/>\nidades de 0 a 12 anos, aprox. peso 0-36 kg;<br \/>\nTop Tether para crian\u00e7as com altura entre 40 e 105 cm, idades entre 0 e<br \/>\n4 anos, aprox. peso 0-18 kg;<br \/>\nA cadeira auto pode ser usada &#8220;VIRADO PARA TR\u00c1S&#8221; para crian\u00e7as com<br \/>\naltura entre 40 e 105 cm, idades entre 0 e 4 anos, aprox. peso 0-18kg;<br \/>\nPossibilidade de fixa\u00e7\u00e3o da cadeira auto ao ve\u00edculo com cintos de<br \/>\nseguran\u00e7a para crian\u00e7as com altura 100-150 cm;<br \/>\nA cadeirinha do carro pode girar 360 graus em sua base de pl\u00e1stico;<br \/>\nGarante excelente prote\u00e7\u00e3o e conforto durante viagens;<br \/>\nExcelente prote\u00e7\u00e3o contra impactos laterais &#8211; sistema SPS especial;<br \/>\nArn\u00eas de seguran\u00e7a de 5 pontos com ombreiras macias;<br \/>\nO arn\u00eas de seguran\u00e7a tem comprimento ajust\u00e1vel;<br \/>\nAlmofadas macias adicionais para apoiar a cabe\u00e7a e o corpo da crian\u00e7a;<br \/>\nAlmofada 3D adicional incorporada, que reduz a press\u00e3o na cintura e nas<br \/>\ncostas do beb\u00e9;<br \/>\n5 posi\u00e7\u00f5es de reclina\u00e7\u00e3o do encosto;<br \/>\nAjuste de altura do encosto de cabe\u00e7a;<br \/>\nO estofamento \u00e9 remov\u00edvel e lav\u00e1vel;<br \/>\nR 129 (UN\/ECE) aprovado e certificado<\/div>\n<div class=\"gmail_default\"><\/div>\n","protected":false},"excerpt":{"rendered":"<p>A cadeira auto \u00e9 adequada para rec\u00e9m-nascidos e crian\u00e7as com altura entre 40 e 150 cm, idades entre 0 e 12 anos, aprox. peso 0-36 kg; Fixa\u00e7\u00f5es ISOFIX em ve\u00edculos para crian\u00e7as com altura de 40 a 150 cm, idades de 0 a 12 anos, aprox. peso 0-36 kg; Top Tether para crian\u00e7as com altura &hellip;<\/p>\n<p class=\"read-more\"> <a class=\"\" href=\"https:\/\/kidtokidonline.pt\/telheiras\/produto\/cadeira-auto-supreme-preto\/\"> <span class=\"screen-reader-text\">Cadeira Auto Supreme PRETO<\/span> Read More &raquo;<\/a><\/p>\n","protected":false},"featured_media":223820,"template":"","meta":[],"product_cat":[821],"product_tag":[2133],"class_list":{"0":"post-223815","1":"product","2":"type-product","3":"status-publish","4":"has-post-thumbnail","6":"product_cat-cadeiras-auto","7":"product_tag-cadeira-auto","9":"first","10":"instock","11":"shipping-taxable","12":"purchasable","13":"product-type-simple"},"yoast_head":"<!-- This site is optimized with the Yoast SEO plugin v23.3 - https:\/\/yoast.com\/wordpress\/plugins\/seo\/ -->\n<title>Cadeira Auto Supreme PRETO - Kid to Kid Online Telheiras<\/title>\n<meta name=\"robots\" content=\"index, follow, max-snippet:-1, max-image-preview:large, max-video-preview:-1\" \/>\n<link rel=\"canonical\" href=\"https:\/\/kidtokidonline.pt\/telheiras\/produto\/cadeira-auto-supreme-preto\/\" \/>\n<meta property=\"og:locale\" content=\"pt_PT\" \/>\n<meta property=\"og:type\" content=\"article\" \/>\n<meta property=\"og:title\" content=\"Cadeira Auto Supreme PRETO - Kid to Kid Online Telheiras\" \/>\n<meta property=\"og:description\" content=\"A cadeira auto \u00e9 adequada para rec\u00e9m-nascidos e crian\u00e7as com altura entre 40 e 150 cm, idades entre 0 e 12 anos, aprox. peso 0-36 kg; Fixa\u00e7\u00f5es ISOFIX em ve\u00edculos para crian\u00e7as com altura de 40 a 150 cm, idades de 0 a 12 anos, aprox. peso 0-36 kg; Top Tether para crian\u00e7as com altura &hellip; Cadeira Auto Supreme PRETO Read More &raquo;\" \/>\n<meta property=\"og:url\" content=\"https:\/\/kidtokidonline.pt\/telheiras\/produto\/cadeira-auto-supreme-preto\/\" \/>\n<meta property=\"og:site_name\" content=\"Kid to Kid Online Telheiras\" \/>\n<meta property=\"article:publisher\" content=\"https:\/\/www.facebook.com\/k2ktelheiras\" \/>\n<meta property=\"article:modified_time\" content=\"2025-07-10T15:17:01+00:00\" \/>\n<meta property=\"og:image\" content=\"https:\/\/kidtokidonline.pt\/telheiras\/wp-content\/uploads\/2024\/10\/big_stksu02401ob.jpg\" \/>\n\t<meta property=\"og:image:width\" content=\"800\" \/>\n\t<meta property=\"og:image:height\" content=\"800\" \/>\n\t<meta property=\"og:image:type\" content=\"image\/jpeg\" \/>\n<meta name=\"twitter:card\" content=\"summary_large_image\" \/>\n<meta name=\"twitter:label1\" content=\"Tempo estimado de leitura\" \/>\n\t<meta name=\"twitter:data1\" content=\"1 minuto\" \/>\n<script type=\"application\/ld+json\" class=\"yoast-schema-graph\">{\"@context\":\"https:\/\/schema.org\",\"@graph\":[{\"@type\":\"WebPage\",\"@id\":\"https:\/\/kidtokidonline.pt\/telheiras\/produto\/cadeira-auto-supreme-preto\/\",\"url\":\"https:\/\/kidtokidonline.pt\/telheiras\/produto\/cadeira-auto-supreme-preto\/\",\"name\":\"Cadeira Auto Supreme PRETO - Kid to Kid Online Telheiras\",\"isPartOf\":{\"@id\":\"https:\/\/kidtokidonline.pt\/telheiras\/#website\"},\"primaryImageOfPage\":{\"@id\":\"https:\/\/kidtokidonline.pt\/telheiras\/produto\/cadeira-auto-supreme-preto\/#primaryimage\"},\"image\":{\"@id\":\"https:\/\/kidtokidonline.pt\/telheiras\/produto\/cadeira-auto-supreme-preto\/#primaryimage\"},\"thumbnailUrl\":\"https:\/\/kidtokidonline.pt\/telheiras\/wp-content\/uploads\/2024\/10\/big_stksu02401ob.jpg\",\"datePublished\":\"2024-10-19T13:20:02+00:00\",\"dateModified\":\"2025-07-10T15:17:01+00:00\",\"breadcrumb\":{\"@id\":\"https:\/\/kidtokidonline.pt\/telheiras\/produto\/cadeira-auto-supreme-preto\/#breadcrumb\"},\"inLanguage\":\"pt-PT\",\"potentialAction\":[{\"@type\":\"ReadAction\",\"target\":[\"https:\/\/kidtokidonline.pt\/telheiras\/produto\/cadeira-auto-supreme-preto\/\"]}]},{\"@type\":\"ImageObject\",\"inLanguage\":\"pt-PT\",\"@id\":\"https:\/\/kidtokidonline.pt\/telheiras\/produto\/cadeira-auto-supreme-preto\/#primaryimage\",\"url\":\"https:\/\/kidtokidonline.pt\/telheiras\/wp-content\/uploads\/2024\/10\/big_stksu02401ob.jpg\",\"contentUrl\":\"https:\/\/kidtokidonline.pt\/telheiras\/wp-content\/uploads\/2024\/10\/big_stksu02401ob.jpg\",\"width\":800,\"height\":800},{\"@type\":\"BreadcrumbList\",\"@id\":\"https:\/\/kidtokidonline.pt\/telheiras\/produto\/cadeira-auto-supreme-preto\/#breadcrumb\",\"itemListElement\":[{\"@type\":\"ListItem\",\"position\":1,\"name\":\"In\u00edcio\",\"item\":\"https:\/\/kidtokidonline.pt\/telheiras\/\"},{\"@type\":\"ListItem\",\"position\":2,\"name\":\"Loja\",\"item\":\"https:\/\/kidtokidonline.pt\/telheiras\/loja\/\"},{\"@type\":\"ListItem\",\"position\":3,\"name\":\"Cadeira Auto Supreme PRETO\"}]},{\"@type\":\"WebSite\",\"@id\":\"https:\/\/kidtokidonline.pt\/telheiras\/#website\",\"url\":\"https:\/\/kidtokidonline.pt\/telheiras\/\",\"name\":\"Kid to Kid Online Telheiras\",\"description\":\"Loja online de artigos de crian\u00e7a\",\"publisher\":{\"@id\":\"https:\/\/kidtokidonline.pt\/telheiras\/#organization\"},\"potentialAction\":[{\"@type\":\"SearchAction\",\"target\":{\"@type\":\"EntryPoint\",\"urlTemplate\":\"https:\/\/kidtokidonline.pt\/telheiras\/?s={search_term_string}\"},\"query-input\":\"required name=search_term_string\"}],\"inLanguage\":\"pt-PT\"},{\"@type\":\"Organization\",\"@id\":\"https:\/\/kidtokidonline.pt\/telheiras\/#organization\",\"name\":\"Kid to Kid Telheiras\",\"url\":\"https:\/\/kidtokidonline.pt\/telheiras\/\",\"logo\":{\"@type\":\"ImageObject\",\"inLanguage\":\"pt-PT\",\"@id\":\"https:\/\/kidtokidonline.pt\/telheiras\/#\/schema\/logo\/image\/\",\"url\":\"\",\"contentUrl\":\"\",\"caption\":\"Kid to Kid Telheiras\"},\"image\":{\"@id\":\"https:\/\/kidtokidonline.pt\/telheiras\/#\/schema\/logo\/image\/\"},\"sameAs\":[\"https:\/\/www.facebook.com\/k2ktelheiras\",\"https:\/\/www.instagram.com\/kidtokid_telheiras\/\"]}]}<\/script>\n<!-- \/ Yoast SEO plugin. -->","yoast_head_json":{"title":"Cadeira Auto Supreme PRETO - Kid to Kid Online Telheiras","robots":{"index":"index","follow":"follow","max-snippet":"max-snippet:-1","max-image-preview":"max-image-preview:large","max-video-preview":"max-video-preview:-1"},"canonical":"https:\/\/kidtokidonline.pt\/telheiras\/produto\/cadeira-auto-supreme-preto\/","og_locale":"pt_PT","og_type":"article","og_title":"Cadeira Auto Supreme PRETO - Kid to Kid Online Telheiras","og_description":"A cadeira auto \u00e9 adequada para rec\u00e9m-nascidos e crian\u00e7as com altura entre 40 e 150 cm, idades entre 0 e 12 anos, aprox. peso 0-36 kg; Fixa\u00e7\u00f5es ISOFIX em ve\u00edculos para crian\u00e7as com altura de 40 a 150 cm, idades de 0 a 12 anos, aprox. peso 0-36 kg; Top Tether para crian\u00e7as com altura &hellip; Cadeira Auto Supreme PRETO Read More &raquo;","og_url":"https:\/\/kidtokidonline.pt\/telheiras\/produto\/cadeira-auto-supreme-preto\/","og_site_name":"Kid to Kid Online Telheiras","article_publisher":"https:\/\/www.facebook.com\/k2ktelheiras","article_modified_time":"2025-07-10T15:17:01+00:00","og_image":[{"width":800,"height":800,"url":"https:\/\/kidtokidonline.pt\/telheiras\/wp-content\/uploads\/2024\/10\/big_stksu02401ob.jpg","type":"image\/jpeg"}],"twitter_card":"summary_large_image","twitter_misc":{"Tempo estimado de leitura":"1 minuto"},"schema":{"@context":"https:\/\/schema.org","@graph":[{"@type":"WebPage","@id":"https:\/\/kidtokidonline.pt\/telheiras\/produto\/cadeira-auto-supreme-preto\/","url":"https:\/\/kidtokidonline.pt\/telheiras\/produto\/cadeira-auto-supreme-preto\/","name":"Cadeira Auto Supreme PRETO - Kid to Kid Online Telheiras","isPartOf":{"@id":"https:\/\/kidtokidonline.pt\/telheiras\/#website"},"primaryImageOfPage":{"@id":"https:\/\/kidtokidonline.pt\/telheiras\/produto\/cadeira-auto-supreme-preto\/#primaryimage"},"image":{"@id":"https:\/\/kidtokidonline.pt\/telheiras\/produto\/cadeira-auto-supreme-preto\/#primaryimage"},"thumbnailUrl":"https:\/\/kidtokidonline.pt\/telheiras\/wp-content\/uploads\/2024\/10\/big_stksu02401ob.jpg","datePublished":"2024-10-19T13:20:02+00:00","dateModified":"2025-07-10T15:17:01+00:00","breadcrumb":{"@id":"https:\/\/kidtokidonline.pt\/telheiras\/produto\/cadeira-auto-supreme-preto\/#breadcrumb"},"inLanguage":"pt-PT","potentialAction":[{"@type":"ReadAction","target":["https:\/\/kidtokidonline.pt\/telheiras\/produto\/cadeira-auto-supreme-preto\/"]}]},{"@type":"ImageObject","inLanguage":"pt-PT","@id":"https:\/\/kidtokidonline.pt\/telheiras\/produto\/cadeira-auto-supreme-preto\/#primaryimage","url":"https:\/\/kidtokidonline.pt\/telheiras\/wp-content\/uploads\/2024\/10\/big_stksu02401ob.jpg","contentUrl":"https:\/\/kidtokidonline.pt\/telheiras\/wp-content\/uploads\/2024\/10\/big_stksu02401ob.jpg","width":800,"height":800},{"@type":"BreadcrumbList","@id":"https:\/\/kidtokidonline.pt\/telheiras\/produto\/cadeira-auto-supreme-preto\/#breadcrumb","itemListElement":[{"@type":"ListItem","position":1,"name":"In\u00edcio","item":"https:\/\/kidtokidonline.pt\/telheiras\/"},{"@type":"ListItem","position":2,"name":"Loja","item":"https:\/\/kidtokidonline.pt\/telheiras\/loja\/"},{"@type":"ListItem","position":3,"name":"Cadeira Auto Supreme PRETO"}]},{"@type":"WebSite","@id":"https:\/\/kidtokidonline.pt\/telheiras\/#website","url":"https:\/\/kidtokidonline.pt\/telheiras\/","name":"Kid to Kid Online Telheiras","description":"Loja online de artigos de crian\u00e7a","publisher":{"@id":"https:\/\/kidtokidonline.pt\/telheiras\/#organization"},"potentialAction":[{"@type":"SearchAction","target":{"@type":"EntryPoint","urlTemplate":"https:\/\/kidtokidonline.pt\/telheiras\/?s={search_term_string}"},"query-input":"required name=search_term_string"}],"inLanguage":"pt-PT"},{"@type":"Organization","@id":"https:\/\/kidtokidonline.pt\/telheiras\/#organization","name":"Kid to Kid Telheiras","url":"https:\/\/kidtokidonline.pt\/telheiras\/","logo":{"@type":"ImageObject","inLanguage":"pt-PT","@id":"https:\/\/kidtokidonline.pt\/telheiras\/#\/schema\/logo\/image\/","url":"","contentUrl":"","caption":"Kid to Kid Telheiras"},"image":{"@id":"https:\/\/kidtokidonline.pt\/telheiras\/#\/schema\/logo\/image\/"},"sameAs":["https:\/\/www.facebook.com\/k2ktelheiras","https:\/\/www.instagram.com\/kidtokid_telheiras\/"]}]}},"_links":{"self":[{"href":"https:\/\/kidtokidonline.pt\/telheiras\/wp-json\/wp\/v2\/product\/223815"}],"collection":[{"href":"https:\/\/kidtokidonline.pt\/telheiras\/wp-json\/wp\/v2\/product"}],"about":[{"href":"https:\/\/kidtokidonline.pt\/telheiras\/wp-json\/wp\/v2\/types\/product"}],"wp:featuredmedia":[{"embeddable":true,"href":"https:\/\/kidtokidonline.pt\/telheiras\/wp-json\/wp\/v2\/media\/223820"}],"wp:attachment":[{"href":"https:\/\/kidtokidonline.pt\/telheiras\/wp-json\/wp\/v2\/media?parent=223815"}],"wp:term":[{"taxonomy":"product_cat","embeddable":true,"href":"https:\/\/kidtokidonline.pt\/telheiras\/wp-json\/wp\/v2\/product_cat?post=223815"},{"taxonomy":"product_tag","embeddable":true,"href":"https:\/\/kidtokidonline.pt\/telheiras\/wp-json\/wp\/v2\/product_tag?post=223815"}],"curies":[{"name":"wp","href":"https:\/\/api.w.org\/{rel}","templated":true}]}}