{"id":223442,"date":"2024-06-29T15:41:24","date_gmt":"2024-06-29T15:41:24","guid":{"rendered":"https:\/\/kidtokidonline.pt\/telheiras\/?post_type=product&#038;p=223442"},"modified":"2026-03-23T10:10:07","modified_gmt":"2026-03-23T10:10:07","slug":"espreguicadeira-winks-bege-kikkaboo","status":"publish","type":"product","link":"https:\/\/kidtokidonline.pt\/telheiras\/produto\/espreguicadeira-winks-bege-kikkaboo\/","title":{"rendered":"Espregui\u00e7adeira Winks Bege Kikkaboo"},"content":{"rendered":"<p>Adequado desde o nascimento at\u00e9 9kg;<\/p>\n<p>O movimento de balan\u00e7o completamente silencioso faz com que o beb\u00ea adorme\u00e7a facilmente;<\/p>\n<p>Movimento lateral;<\/p>\n<p>toldo 3 em 1 com rede mosquiteira e peluches;<\/p>\n<p>Regulagem do encosto;<\/p>\n<p>Painel de m\u00fasica com 15 melodias com controle de volume ajust\u00e1vel;<\/p>\n<p>Timer com 15, 30 e 45 minutos;<\/p>\n<p>Sistema de arn\u00eas de 5 pontos com tampa de fivela inferior;<\/p>\n<p>2 posi\u00e7\u00f5es de altura do sistema de arn\u00eas;<\/p>\n<p>Pe\u00e7as em mesh para melhor ventila\u00e7\u00e3o;<\/p>\n<p>P\u00e9s antiderrapantes;<\/p>\n<p>Almofada de cabe\u00e7a remov\u00edvel;<\/p>\n<p>Almofada de assento macia;<\/p>\n<p>bot\u00e3o de bloqueio;<\/p>\n<p>Conectividade Bluetooth para smartphones;<\/p>\n<p>Mem\u00f3ria USB;<\/p>\n<p>Controle remoto;<\/p>\n<p>Pode ser convertido em um assento de crian\u00e7a.<\/p>\n<p>&nbsp;<\/p>\n<p>Dimens\u00f5es: 82x67x83 cm<\/p>\n<p>Peso: 5kg<\/p>\n","protected":false},"excerpt":{"rendered":"<p>Artigo Novo<\/p>\n","protected":false},"featured_media":223444,"template":"","meta":[],"product_cat":[791],"product_tag":[979,2788],"class_list":{"0":"post-223442","1":"product","2":"type-product","3":"status-publish","4":"has-post-thumbnail","6":"product_cat-espreguicadeiras-e-baloicos","7":"product_tag-espreguicadeira","8":"product_tag-baloico","10":"first","11":"outofstock","12":"shipping-taxable","13":"purchasable","14":"product-type-simple"},"yoast_head":"<!-- This site is optimized with the Yoast SEO plugin v23.3 - https:\/\/yoast.com\/wordpress\/plugins\/seo\/ -->\n<title>Espregui\u00e7adeira Winks Bege Kikkaboo - Kid to Kid Online Telheiras<\/title>\n<meta name=\"robots\" content=\"index, follow, max-snippet:-1, max-image-preview:large, max-video-preview:-1\" \/>\n<link rel=\"canonical\" href=\"https:\/\/kidtokidonline.pt\/telheiras\/produto\/espreguicadeira-winks-bege-kikkaboo\/\" \/>\n<meta property=\"og:locale\" content=\"pt_PT\" \/>\n<meta property=\"og:type\" content=\"article\" \/>\n<meta property=\"og:title\" content=\"Espregui\u00e7adeira Winks Bege Kikkaboo - Kid to Kid Online Telheiras\" \/>\n<meta property=\"og:description\" content=\"Artigo Novo\" \/>\n<meta property=\"og:url\" content=\"https:\/\/kidtokidonline.pt\/telheiras\/produto\/espreguicadeira-winks-bege-kikkaboo\/\" \/>\n<meta property=\"og:site_name\" content=\"Kid to Kid Online Telheiras\" \/>\n<meta property=\"article:publisher\" content=\"https:\/\/www.facebook.com\/k2ktelheiras\" \/>\n<meta property=\"article:modified_time\" content=\"2026-03-23T10:10:07+00:00\" \/>\n<meta property=\"og:image\" content=\"https:\/\/kidtokidonline.pt\/telheiras\/wp-content\/uploads\/2024\/06\/SWINGS-BOUNCERS_WINKS_PINK_1_31005010068.jpg\" \/>\n\t<meta property=\"og:image:width\" content=\"1200\" \/>\n\t<meta property=\"og:image:height\" content=\"1500\" \/>\n\t<meta property=\"og:image:type\" content=\"image\/jpeg\" \/>\n<meta name=\"twitter:card\" content=\"summary_large_image\" \/>\n<meta name=\"twitter:label1\" content=\"Tempo estimado de leitura\" \/>\n\t<meta name=\"twitter:data1\" content=\"1 minuto\" \/>\n<script type=\"application\/ld+json\" class=\"yoast-schema-graph\">{\"@context\":\"https:\/\/schema.org\",\"@graph\":[{\"@type\":\"WebPage\",\"@id\":\"https:\/\/kidtokidonline.pt\/telheiras\/produto\/espreguicadeira-winks-bege-kikkaboo\/\",\"url\":\"https:\/\/kidtokidonline.pt\/telheiras\/produto\/espreguicadeira-winks-bege-kikkaboo\/\",\"name\":\"Espregui\u00e7adeira Winks Bege Kikkaboo - Kid to Kid Online Telheiras\",\"isPartOf\":{\"@id\":\"https:\/\/kidtokidonline.pt\/telheiras\/#website\"},\"primaryImageOfPage\":{\"@id\":\"https:\/\/kidtokidonline.pt\/telheiras\/produto\/espreguicadeira-winks-bege-kikkaboo\/#primaryimage\"},\"image\":{\"@id\":\"https:\/\/kidtokidonline.pt\/telheiras\/produto\/espreguicadeira-winks-bege-kikkaboo\/#primaryimage\"},\"thumbnailUrl\":\"https:\/\/kidtokidonline.pt\/telheiras\/wp-content\/uploads\/2024\/06\/SWINGS-BOUNCERS_WINKS_PINK_1_31005010068.jpg\",\"datePublished\":\"2024-06-29T15:41:24+00:00\",\"dateModified\":\"2026-03-23T10:10:07+00:00\",\"breadcrumb\":{\"@id\":\"https:\/\/kidtokidonline.pt\/telheiras\/produto\/espreguicadeira-winks-bege-kikkaboo\/#breadcrumb\"},\"inLanguage\":\"pt-PT\",\"potentialAction\":[{\"@type\":\"ReadAction\",\"target\":[\"https:\/\/kidtokidonline.pt\/telheiras\/produto\/espreguicadeira-winks-bege-kikkaboo\/\"]}]},{\"@type\":\"ImageObject\",\"inLanguage\":\"pt-PT\",\"@id\":\"https:\/\/kidtokidonline.pt\/telheiras\/produto\/espreguicadeira-winks-bege-kikkaboo\/#primaryimage\",\"url\":\"https:\/\/kidtokidonline.pt\/telheiras\/wp-content\/uploads\/2024\/06\/SWINGS-BOUNCERS_WINKS_PINK_1_31005010068.jpg\",\"contentUrl\":\"https:\/\/kidtokidonline.pt\/telheiras\/wp-content\/uploads\/2024\/06\/SWINGS-BOUNCERS_WINKS_PINK_1_31005010068.jpg\",\"width\":1200,\"height\":1500},{\"@type\":\"BreadcrumbList\",\"@id\":\"https:\/\/kidtokidonline.pt\/telheiras\/produto\/espreguicadeira-winks-bege-kikkaboo\/#breadcrumb\",\"itemListElement\":[{\"@type\":\"ListItem\",\"position\":1,\"name\":\"In\u00edcio\",\"item\":\"https:\/\/kidtokidonline.pt\/telheiras\/\"},{\"@type\":\"ListItem\",\"position\":2,\"name\":\"Loja\",\"item\":\"https:\/\/kidtokidonline.pt\/telheiras\/loja\/\"},{\"@type\":\"ListItem\",\"position\":3,\"name\":\"Espregui\u00e7adeira Winks Bege Kikkaboo\"}]},{\"@type\":\"WebSite\",\"@id\":\"https:\/\/kidtokidonline.pt\/telheiras\/#website\",\"url\":\"https:\/\/kidtokidonline.pt\/telheiras\/\",\"name\":\"Kid to Kid Online Telheiras\",\"description\":\"Loja online de artigos de crian\u00e7a\",\"publisher\":{\"@id\":\"https:\/\/kidtokidonline.pt\/telheiras\/#organization\"},\"potentialAction\":[{\"@type\":\"SearchAction\",\"target\":{\"@type\":\"EntryPoint\",\"urlTemplate\":\"https:\/\/kidtokidonline.pt\/telheiras\/?s={search_term_string}\"},\"query-input\":\"required name=search_term_string\"}],\"inLanguage\":\"pt-PT\"},{\"@type\":\"Organization\",\"@id\":\"https:\/\/kidtokidonline.pt\/telheiras\/#organization\",\"name\":\"Kid to Kid Telheiras\",\"url\":\"https:\/\/kidtokidonline.pt\/telheiras\/\",\"logo\":{\"@type\":\"ImageObject\",\"inLanguage\":\"pt-PT\",\"@id\":\"https:\/\/kidtokidonline.pt\/telheiras\/#\/schema\/logo\/image\/\",\"url\":\"\",\"contentUrl\":\"\",\"caption\":\"Kid to Kid Telheiras\"},\"image\":{\"@id\":\"https:\/\/kidtokidonline.pt\/telheiras\/#\/schema\/logo\/image\/\"},\"sameAs\":[\"https:\/\/www.facebook.com\/k2ktelheiras\",\"https:\/\/www.instagram.com\/kidtokid_telheiras\/\"]}]}<\/script>\n<!-- \/ Yoast SEO plugin. -->","yoast_head_json":{"title":"Espregui\u00e7adeira Winks Bege Kikkaboo - Kid to Kid Online Telheiras","robots":{"index":"index","follow":"follow","max-snippet":"max-snippet:-1","max-image-preview":"max-image-preview:large","max-video-preview":"max-video-preview:-1"},"canonical":"https:\/\/kidtokidonline.pt\/telheiras\/produto\/espreguicadeira-winks-bege-kikkaboo\/","og_locale":"pt_PT","og_type":"article","og_title":"Espregui\u00e7adeira Winks Bege Kikkaboo - Kid to Kid Online Telheiras","og_description":"Artigo Novo","og_url":"https:\/\/kidtokidonline.pt\/telheiras\/produto\/espreguicadeira-winks-bege-kikkaboo\/","og_site_name":"Kid to Kid Online Telheiras","article_publisher":"https:\/\/www.facebook.com\/k2ktelheiras","article_modified_time":"2026-03-23T10:10:07+00:00","og_image":[{"width":1200,"height":1500,"url":"https:\/\/kidtokidonline.pt\/telheiras\/wp-content\/uploads\/2024\/06\/SWINGS-BOUNCERS_WINKS_PINK_1_31005010068.jpg","type":"image\/jpeg"}],"twitter_card":"summary_large_image","twitter_misc":{"Tempo estimado de leitura":"1 minuto"},"schema":{"@context":"https:\/\/schema.org","@graph":[{"@type":"WebPage","@id":"https:\/\/kidtokidonline.pt\/telheiras\/produto\/espreguicadeira-winks-bege-kikkaboo\/","url":"https:\/\/kidtokidonline.pt\/telheiras\/produto\/espreguicadeira-winks-bege-kikkaboo\/","name":"Espregui\u00e7adeira Winks Bege Kikkaboo - Kid to Kid Online Telheiras","isPartOf":{"@id":"https:\/\/kidtokidonline.pt\/telheiras\/#website"},"primaryImageOfPage":{"@id":"https:\/\/kidtokidonline.pt\/telheiras\/produto\/espreguicadeira-winks-bege-kikkaboo\/#primaryimage"},"image":{"@id":"https:\/\/kidtokidonline.pt\/telheiras\/produto\/espreguicadeira-winks-bege-kikkaboo\/#primaryimage"},"thumbnailUrl":"https:\/\/kidtokidonline.pt\/telheiras\/wp-content\/uploads\/2024\/06\/SWINGS-BOUNCERS_WINKS_PINK_1_31005010068.jpg","datePublished":"2024-06-29T15:41:24+00:00","dateModified":"2026-03-23T10:10:07+00:00","breadcrumb":{"@id":"https:\/\/kidtokidonline.pt\/telheiras\/produto\/espreguicadeira-winks-bege-kikkaboo\/#breadcrumb"},"inLanguage":"pt-PT","potentialAction":[{"@type":"ReadAction","target":["https:\/\/kidtokidonline.pt\/telheiras\/produto\/espreguicadeira-winks-bege-kikkaboo\/"]}]},{"@type":"ImageObject","inLanguage":"pt-PT","@id":"https:\/\/kidtokidonline.pt\/telheiras\/produto\/espreguicadeira-winks-bege-kikkaboo\/#primaryimage","url":"https:\/\/kidtokidonline.pt\/telheiras\/wp-content\/uploads\/2024\/06\/SWINGS-BOUNCERS_WINKS_PINK_1_31005010068.jpg","contentUrl":"https:\/\/kidtokidonline.pt\/telheiras\/wp-content\/uploads\/2024\/06\/SWINGS-BOUNCERS_WINKS_PINK_1_31005010068.jpg","width":1200,"height":1500},{"@type":"BreadcrumbList","@id":"https:\/\/kidtokidonline.pt\/telheiras\/produto\/espreguicadeira-winks-bege-kikkaboo\/#breadcrumb","itemListElement":[{"@type":"ListItem","position":1,"name":"In\u00edcio","item":"https:\/\/kidtokidonline.pt\/telheiras\/"},{"@type":"ListItem","position":2,"name":"Loja","item":"https:\/\/kidtokidonline.pt\/telheiras\/loja\/"},{"@type":"ListItem","position":3,"name":"Espregui\u00e7adeira Winks Bege Kikkaboo"}]},{"@type":"WebSite","@id":"https:\/\/kidtokidonline.pt\/telheiras\/#website","url":"https:\/\/kidtokidonline.pt\/telheiras\/","name":"Kid to Kid Online Telheiras","description":"Loja online de artigos de crian\u00e7a","publisher":{"@id":"https:\/\/kidtokidonline.pt\/telheiras\/#organization"},"potentialAction":[{"@type":"SearchAction","target":{"@type":"EntryPoint","urlTemplate":"https:\/\/kidtokidonline.pt\/telheiras\/?s={search_term_string}"},"query-input":"required name=search_term_string"}],"inLanguage":"pt-PT"},{"@type":"Organization","@id":"https:\/\/kidtokidonline.pt\/telheiras\/#organization","name":"Kid to Kid Telheiras","url":"https:\/\/kidtokidonline.pt\/telheiras\/","logo":{"@type":"ImageObject","inLanguage":"pt-PT","@id":"https:\/\/kidtokidonline.pt\/telheiras\/#\/schema\/logo\/image\/","url":"","contentUrl":"","caption":"Kid to Kid Telheiras"},"image":{"@id":"https:\/\/kidtokidonline.pt\/telheiras\/#\/schema\/logo\/image\/"},"sameAs":["https:\/\/www.facebook.com\/k2ktelheiras","https:\/\/www.instagram.com\/kidtokid_telheiras\/"]}]}},"_links":{"self":[{"href":"https:\/\/kidtokidonline.pt\/telheiras\/wp-json\/wp\/v2\/product\/223442"}],"collection":[{"href":"https:\/\/kidtokidonline.pt\/telheiras\/wp-json\/wp\/v2\/product"}],"about":[{"href":"https:\/\/kidtokidonline.pt\/telheiras\/wp-json\/wp\/v2\/types\/product"}],"wp:featuredmedia":[{"embeddable":true,"href":"https:\/\/kidtokidonline.pt\/telheiras\/wp-json\/wp\/v2\/media\/223444"}],"wp:attachment":[{"href":"https:\/\/kidtokidonline.pt\/telheiras\/wp-json\/wp\/v2\/media?parent=223442"}],"wp:term":[{"taxonomy":"product_cat","embeddable":true,"href":"https:\/\/kidtokidonline.pt\/telheiras\/wp-json\/wp\/v2\/product_cat?post=223442"},{"taxonomy":"product_tag","embeddable":true,"href":"https:\/\/kidtokidonline.pt\/telheiras\/wp-json\/wp\/v2\/product_tag?post=223442"}],"curies":[{"name":"wp","href":"https:\/\/api.w.org\/{rel}","templated":true}]}}