{"id":223367,"date":"2024-06-15T11:23:21","date_gmt":"2024-06-15T11:23:21","guid":{"rendered":"https:\/\/kidtokidonline.pt\/telheiras\/?post_type=product&#038;p=223367"},"modified":"2025-04-01T11:30:08","modified_gmt":"2025-04-01T11:30:08","slug":"cadeira-auto-kikkaboo-i-felix-i-size","status":"publish","type":"product","link":"https:\/\/kidtokidonline.pt\/telheiras\/produto\/cadeira-auto-kikkaboo-i-felix-i-size\/","title":{"rendered":"Cadeira Auto Kikkaboo i-Felix i-Size"},"content":{"rendered":"<p>Principais caracter\u00edsticas<\/p>\n<p>\u2022 i-SIZE (40-150 cm);<\/p>\n<p>\u2022 Adequado para usar no sentido contra marcha de 40 a 105 cm;<\/p>\n<p>\u2022 Adequado para utilizar no sentido de deslocamento de 76 a 150 cm;<\/p>\n<p>\u2022 5 posi\u00e7\u00f5es de reclina\u00e7\u00e3o do assento voltadas para frente e 3 posi\u00e7\u00f5es de reclina\u00e7\u00e3o voltadas para tr\u00e1s;<\/p>\n<p>\u2022 Assento girat\u00f3rio 360 graus;<\/p>\n<p>\u2022 Sistema ISOFIX para maior seguran\u00e7a e facilidade de instala\u00e7\u00e3o da cadeirinha;<\/p>\n<p>\u2022 Al\u00e7a superior para maior seguran\u00e7a;<\/p>\n<p>\u2022 SPS \u2013 sistema de prote\u00e7\u00e3o lateral que proporciona seguran\u00e7a adicional;<\/p>\n<p>\u2022 Encosto de cabe\u00e7a ajust\u00e1vel em 11 posi\u00e7\u00f5es;<\/p>\n<p>\u2022 Sistema de arn\u00eas de 5 pontos com ombreiras e fivelas inferiores;<\/p>\n<p>\u2022 Ajuste do arn\u00eas de seguran\u00e7a com uma s\u00f3 m\u00e3o. Testado de acordo com o Regulamento N\u00ba R129\/03 da ONU pela T\u00dcV S\u00dcD. Dimens\u00f5es:59,5 x 52 x 48 cm.<\/p>\n","protected":false},"excerpt":{"rendered":"<p>Artigo Novo<\/p>\n","protected":false},"featured_media":223368,"template":"","meta":[],"product_cat":[821],"product_tag":[2133],"class_list":{"0":"post-223367","1":"product","2":"type-product","3":"status-publish","4":"has-post-thumbnail","6":"product_cat-cadeiras-auto","7":"product_tag-cadeira-auto","9":"first","10":"instock","11":"shipping-taxable","12":"purchasable","13":"product-type-simple"},"yoast_head":"<!-- This site is optimized with the Yoast SEO plugin v23.3 - https:\/\/yoast.com\/wordpress\/plugins\/seo\/ -->\n<title>Cadeira Auto Kikkaboo i-Felix i-Size - Kid to Kid Online Telheiras<\/title>\n<meta name=\"robots\" content=\"index, follow, max-snippet:-1, max-image-preview:large, max-video-preview:-1\" \/>\n<link rel=\"canonical\" href=\"https:\/\/kidtokidonline.pt\/telheiras\/produto\/cadeira-auto-kikkaboo-i-felix-i-size\/\" \/>\n<meta property=\"og:locale\" content=\"pt_PT\" \/>\n<meta property=\"og:type\" content=\"article\" \/>\n<meta property=\"og:title\" content=\"Cadeira Auto Kikkaboo i-Felix i-Size - Kid to Kid Online Telheiras\" \/>\n<meta property=\"og:description\" content=\"Artigo Novo\" \/>\n<meta property=\"og:url\" content=\"https:\/\/kidtokidonline.pt\/telheiras\/produto\/cadeira-auto-kikkaboo-i-felix-i-size\/\" \/>\n<meta property=\"og:site_name\" content=\"Kid to Kid Online Telheiras\" \/>\n<meta property=\"article:publisher\" content=\"https:\/\/www.facebook.com\/k2ktelheiras\" \/>\n<meta property=\"article:modified_time\" content=\"2025-04-01T11:30:08+00:00\" \/>\n<meta property=\"og:image\" content=\"https:\/\/kidtokidonline.pt\/telheiras\/wp-content\/uploads\/2024\/06\/I-FELIX_DARK_GRAY_31002100036_1.jpg\" \/>\n\t<meta property=\"og:image:width\" content=\"1200\" \/>\n\t<meta property=\"og:image:height\" content=\"1500\" \/>\n\t<meta property=\"og:image:type\" content=\"image\/jpeg\" \/>\n<meta name=\"twitter:card\" content=\"summary_large_image\" \/>\n<meta name=\"twitter:label1\" content=\"Tempo estimado de leitura\" \/>\n\t<meta name=\"twitter:data1\" content=\"1 minuto\" \/>\n<script type=\"application\/ld+json\" class=\"yoast-schema-graph\">{\"@context\":\"https:\/\/schema.org\",\"@graph\":[{\"@type\":\"WebPage\",\"@id\":\"https:\/\/kidtokidonline.pt\/telheiras\/produto\/cadeira-auto-kikkaboo-i-felix-i-size\/\",\"url\":\"https:\/\/kidtokidonline.pt\/telheiras\/produto\/cadeira-auto-kikkaboo-i-felix-i-size\/\",\"name\":\"Cadeira Auto Kikkaboo i-Felix i-Size - Kid to Kid Online Telheiras\",\"isPartOf\":{\"@id\":\"https:\/\/kidtokidonline.pt\/telheiras\/#website\"},\"primaryImageOfPage\":{\"@id\":\"https:\/\/kidtokidonline.pt\/telheiras\/produto\/cadeira-auto-kikkaboo-i-felix-i-size\/#primaryimage\"},\"image\":{\"@id\":\"https:\/\/kidtokidonline.pt\/telheiras\/produto\/cadeira-auto-kikkaboo-i-felix-i-size\/#primaryimage\"},\"thumbnailUrl\":\"https:\/\/kidtokidonline.pt\/telheiras\/wp-content\/uploads\/2024\/06\/I-FELIX_DARK_GRAY_31002100036_1.jpg\",\"datePublished\":\"2024-06-15T11:23:21+00:00\",\"dateModified\":\"2025-04-01T11:30:08+00:00\",\"breadcrumb\":{\"@id\":\"https:\/\/kidtokidonline.pt\/telheiras\/produto\/cadeira-auto-kikkaboo-i-felix-i-size\/#breadcrumb\"},\"inLanguage\":\"pt-PT\",\"potentialAction\":[{\"@type\":\"ReadAction\",\"target\":[\"https:\/\/kidtokidonline.pt\/telheiras\/produto\/cadeira-auto-kikkaboo-i-felix-i-size\/\"]}]},{\"@type\":\"ImageObject\",\"inLanguage\":\"pt-PT\",\"@id\":\"https:\/\/kidtokidonline.pt\/telheiras\/produto\/cadeira-auto-kikkaboo-i-felix-i-size\/#primaryimage\",\"url\":\"https:\/\/kidtokidonline.pt\/telheiras\/wp-content\/uploads\/2024\/06\/I-FELIX_DARK_GRAY_31002100036_1.jpg\",\"contentUrl\":\"https:\/\/kidtokidonline.pt\/telheiras\/wp-content\/uploads\/2024\/06\/I-FELIX_DARK_GRAY_31002100036_1.jpg\",\"width\":1200,\"height\":1500},{\"@type\":\"BreadcrumbList\",\"@id\":\"https:\/\/kidtokidonline.pt\/telheiras\/produto\/cadeira-auto-kikkaboo-i-felix-i-size\/#breadcrumb\",\"itemListElement\":[{\"@type\":\"ListItem\",\"position\":1,\"name\":\"In\u00edcio\",\"item\":\"https:\/\/kidtokidonline.pt\/telheiras\/\"},{\"@type\":\"ListItem\",\"position\":2,\"name\":\"Loja\",\"item\":\"https:\/\/kidtokidonline.pt\/telheiras\/loja\/\"},{\"@type\":\"ListItem\",\"position\":3,\"name\":\"Cadeira Auto Kikkaboo i-Felix i-Size\"}]},{\"@type\":\"WebSite\",\"@id\":\"https:\/\/kidtokidonline.pt\/telheiras\/#website\",\"url\":\"https:\/\/kidtokidonline.pt\/telheiras\/\",\"name\":\"Kid to Kid Online Telheiras\",\"description\":\"Loja online de artigos de crian\u00e7a\",\"publisher\":{\"@id\":\"https:\/\/kidtokidonline.pt\/telheiras\/#organization\"},\"potentialAction\":[{\"@type\":\"SearchAction\",\"target\":{\"@type\":\"EntryPoint\",\"urlTemplate\":\"https:\/\/kidtokidonline.pt\/telheiras\/?s={search_term_string}\"},\"query-input\":\"required name=search_term_string\"}],\"inLanguage\":\"pt-PT\"},{\"@type\":\"Organization\",\"@id\":\"https:\/\/kidtokidonline.pt\/telheiras\/#organization\",\"name\":\"Kid to Kid Telheiras\",\"url\":\"https:\/\/kidtokidonline.pt\/telheiras\/\",\"logo\":{\"@type\":\"ImageObject\",\"inLanguage\":\"pt-PT\",\"@id\":\"https:\/\/kidtokidonline.pt\/telheiras\/#\/schema\/logo\/image\/\",\"url\":\"\",\"contentUrl\":\"\",\"caption\":\"Kid to Kid Telheiras\"},\"image\":{\"@id\":\"https:\/\/kidtokidonline.pt\/telheiras\/#\/schema\/logo\/image\/\"},\"sameAs\":[\"https:\/\/www.facebook.com\/k2ktelheiras\",\"https:\/\/www.instagram.com\/kidtokid_telheiras\/\"]}]}<\/script>\n<!-- \/ Yoast SEO plugin. -->","yoast_head_json":{"title":"Cadeira Auto Kikkaboo i-Felix i-Size - Kid to Kid Online Telheiras","robots":{"index":"index","follow":"follow","max-snippet":"max-snippet:-1","max-image-preview":"max-image-preview:large","max-video-preview":"max-video-preview:-1"},"canonical":"https:\/\/kidtokidonline.pt\/telheiras\/produto\/cadeira-auto-kikkaboo-i-felix-i-size\/","og_locale":"pt_PT","og_type":"article","og_title":"Cadeira Auto Kikkaboo i-Felix i-Size - Kid to Kid Online Telheiras","og_description":"Artigo Novo","og_url":"https:\/\/kidtokidonline.pt\/telheiras\/produto\/cadeira-auto-kikkaboo-i-felix-i-size\/","og_site_name":"Kid to Kid Online Telheiras","article_publisher":"https:\/\/www.facebook.com\/k2ktelheiras","article_modified_time":"2025-04-01T11:30:08+00:00","og_image":[{"width":1200,"height":1500,"url":"https:\/\/kidtokidonline.pt\/telheiras\/wp-content\/uploads\/2024\/06\/I-FELIX_DARK_GRAY_31002100036_1.jpg","type":"image\/jpeg"}],"twitter_card":"summary_large_image","twitter_misc":{"Tempo estimado de leitura":"1 minuto"},"schema":{"@context":"https:\/\/schema.org","@graph":[{"@type":"WebPage","@id":"https:\/\/kidtokidonline.pt\/telheiras\/produto\/cadeira-auto-kikkaboo-i-felix-i-size\/","url":"https:\/\/kidtokidonline.pt\/telheiras\/produto\/cadeira-auto-kikkaboo-i-felix-i-size\/","name":"Cadeira Auto Kikkaboo i-Felix i-Size - Kid to Kid Online Telheiras","isPartOf":{"@id":"https:\/\/kidtokidonline.pt\/telheiras\/#website"},"primaryImageOfPage":{"@id":"https:\/\/kidtokidonline.pt\/telheiras\/produto\/cadeira-auto-kikkaboo-i-felix-i-size\/#primaryimage"},"image":{"@id":"https:\/\/kidtokidonline.pt\/telheiras\/produto\/cadeira-auto-kikkaboo-i-felix-i-size\/#primaryimage"},"thumbnailUrl":"https:\/\/kidtokidonline.pt\/telheiras\/wp-content\/uploads\/2024\/06\/I-FELIX_DARK_GRAY_31002100036_1.jpg","datePublished":"2024-06-15T11:23:21+00:00","dateModified":"2025-04-01T11:30:08+00:00","breadcrumb":{"@id":"https:\/\/kidtokidonline.pt\/telheiras\/produto\/cadeira-auto-kikkaboo-i-felix-i-size\/#breadcrumb"},"inLanguage":"pt-PT","potentialAction":[{"@type":"ReadAction","target":["https:\/\/kidtokidonline.pt\/telheiras\/produto\/cadeira-auto-kikkaboo-i-felix-i-size\/"]}]},{"@type":"ImageObject","inLanguage":"pt-PT","@id":"https:\/\/kidtokidonline.pt\/telheiras\/produto\/cadeira-auto-kikkaboo-i-felix-i-size\/#primaryimage","url":"https:\/\/kidtokidonline.pt\/telheiras\/wp-content\/uploads\/2024\/06\/I-FELIX_DARK_GRAY_31002100036_1.jpg","contentUrl":"https:\/\/kidtokidonline.pt\/telheiras\/wp-content\/uploads\/2024\/06\/I-FELIX_DARK_GRAY_31002100036_1.jpg","width":1200,"height":1500},{"@type":"BreadcrumbList","@id":"https:\/\/kidtokidonline.pt\/telheiras\/produto\/cadeira-auto-kikkaboo-i-felix-i-size\/#breadcrumb","itemListElement":[{"@type":"ListItem","position":1,"name":"In\u00edcio","item":"https:\/\/kidtokidonline.pt\/telheiras\/"},{"@type":"ListItem","position":2,"name":"Loja","item":"https:\/\/kidtokidonline.pt\/telheiras\/loja\/"},{"@type":"ListItem","position":3,"name":"Cadeira Auto Kikkaboo i-Felix i-Size"}]},{"@type":"WebSite","@id":"https:\/\/kidtokidonline.pt\/telheiras\/#website","url":"https:\/\/kidtokidonline.pt\/telheiras\/","name":"Kid to Kid Online Telheiras","description":"Loja online de artigos de crian\u00e7a","publisher":{"@id":"https:\/\/kidtokidonline.pt\/telheiras\/#organization"},"potentialAction":[{"@type":"SearchAction","target":{"@type":"EntryPoint","urlTemplate":"https:\/\/kidtokidonline.pt\/telheiras\/?s={search_term_string}"},"query-input":"required name=search_term_string"}],"inLanguage":"pt-PT"},{"@type":"Organization","@id":"https:\/\/kidtokidonline.pt\/telheiras\/#organization","name":"Kid to Kid Telheiras","url":"https:\/\/kidtokidonline.pt\/telheiras\/","logo":{"@type":"ImageObject","inLanguage":"pt-PT","@id":"https:\/\/kidtokidonline.pt\/telheiras\/#\/schema\/logo\/image\/","url":"","contentUrl":"","caption":"Kid to Kid Telheiras"},"image":{"@id":"https:\/\/kidtokidonline.pt\/telheiras\/#\/schema\/logo\/image\/"},"sameAs":["https:\/\/www.facebook.com\/k2ktelheiras","https:\/\/www.instagram.com\/kidtokid_telheiras\/"]}]}},"_links":{"self":[{"href":"https:\/\/kidtokidonline.pt\/telheiras\/wp-json\/wp\/v2\/product\/223367"}],"collection":[{"href":"https:\/\/kidtokidonline.pt\/telheiras\/wp-json\/wp\/v2\/product"}],"about":[{"href":"https:\/\/kidtokidonline.pt\/telheiras\/wp-json\/wp\/v2\/types\/product"}],"wp:featuredmedia":[{"embeddable":true,"href":"https:\/\/kidtokidonline.pt\/telheiras\/wp-json\/wp\/v2\/media\/223368"}],"wp:attachment":[{"href":"https:\/\/kidtokidonline.pt\/telheiras\/wp-json\/wp\/v2\/media?parent=223367"}],"wp:term":[{"taxonomy":"product_cat","embeddable":true,"href":"https:\/\/kidtokidonline.pt\/telheiras\/wp-json\/wp\/v2\/product_cat?post=223367"},{"taxonomy":"product_tag","embeddable":true,"href":"https:\/\/kidtokidonline.pt\/telheiras\/wp-json\/wp\/v2\/product_tag?post=223367"}],"curies":[{"name":"wp","href":"https:\/\/api.w.org\/{rel}","templated":true}]}}