{"id":221475,"date":"2024-02-21T18:38:44","date_gmt":"2024-02-21T18:38:44","guid":{"rendered":"https:\/\/kidtokidonline.pt\/telheiras\/?post_type=product&#038;p=221475"},"modified":"2024-02-21T18:45:23","modified_gmt":"2024-02-21T18:45:23","slug":"ninho-3-em-1-em-espuma-cinza-kikkaboo-2","status":"publish","type":"product","link":"https:\/\/kidtokidonline.pt\/telheiras\/produto\/ninho-3-em-1-em-espuma-cinza-kikkaboo-2\/","title":{"rendered":"Ninho 3 em 1 em Espuma Cinza Kikkaboo"},"content":{"rendered":"<ul>\n<li>Ber\u00e7o aconchegante para um sono seguro e confort\u00e1vel<\/li>\n<li>Ninho viscoel\u00e1stico, que se adaptando ao formato do corpo do beb\u00ea<\/li>\n<li>Almofada de amamenta\u00e7\u00e3o para momentos especiais de conex\u00e3o.<\/li>\n<li>Design vers\u00e1til: O fecho permite separar o colch\u00e3o e os protetores, obtendo uma almofada de amamenta\u00e7\u00e3o e um ninho individual.<\/li>\n<li>F\u00e1cil de lavar: Capa remov\u00edvel com fecho para f\u00e1cil lavagem<\/li>\n<li>Com uma bolsa resistente ao para mant\u00ea-lo sempre protegido<\/li>\n<li>Medidas: 65x100x17 cm, perfeito para beb\u00eas de at\u00e9 6 meses.<\/li>\n<\/ul>\n","protected":false},"excerpt":{"rendered":"<p>Artigo Novo<\/p>\n","protected":false},"featured_media":221476,"template":"","meta":[],"product_cat":[1325],"product_tag":[1490,1881,252],"class_list":{"0":"post-221475","1":"product","2":"type-product","3":"status-publish","4":"has-post-thumbnail","6":"product_cat-alcofas-e-ninhos","7":"product_tag-alcofa","8":"product_tag-kikkaboo","9":"product_tag-ninho","11":"first","12":"instock","13":"shipping-taxable","14":"purchasable","15":"product-type-simple"},"yoast_head":"<!-- This site is optimized with the Yoast SEO plugin v23.3 - https:\/\/yoast.com\/wordpress\/plugins\/seo\/ -->\n<title>Ninho 3 em 1 em Espuma Cinza Kikkaboo - Kid to Kid Online Telheiras<\/title>\n<meta name=\"robots\" content=\"index, follow, max-snippet:-1, max-image-preview:large, max-video-preview:-1\" \/>\n<link rel=\"canonical\" href=\"https:\/\/kidtokidonline.pt\/telheiras\/produto\/ninho-3-em-1-em-espuma-cinza-kikkaboo-2\/\" \/>\n<meta property=\"og:locale\" content=\"pt_PT\" \/>\n<meta property=\"og:type\" content=\"article\" \/>\n<meta property=\"og:title\" content=\"Ninho 3 em 1 em Espuma Cinza Kikkaboo - Kid to Kid Online Telheiras\" \/>\n<meta property=\"og:description\" content=\"Artigo Novo\" \/>\n<meta property=\"og:url\" content=\"https:\/\/kidtokidonline.pt\/telheiras\/produto\/ninho-3-em-1-em-espuma-cinza-kikkaboo-2\/\" \/>\n<meta property=\"og:site_name\" content=\"Kid to Kid Online Telheiras\" \/>\n<meta property=\"article:publisher\" content=\"https:\/\/www.facebook.com\/k2ktelheiras\" \/>\n<meta property=\"article:modified_time\" content=\"2024-02-21T18:45:23+00:00\" \/>\n<meta property=\"og:image\" content=\"https:\/\/kidtokidonline.pt\/telheiras\/wp-content\/uploads\/2024\/02\/cama-nido-kikka-boo-3en1-dots-beige-2.jpg\" \/>\n\t<meta property=\"og:image:width\" content=\"593\" \/>\n\t<meta property=\"og:image:height\" content=\"617\" \/>\n\t<meta property=\"og:image:type\" content=\"image\/jpeg\" \/>\n<meta name=\"twitter:card\" content=\"summary_large_image\" \/>\n<script type=\"application\/ld+json\" class=\"yoast-schema-graph\">{\"@context\":\"https:\/\/schema.org\",\"@graph\":[{\"@type\":\"WebPage\",\"@id\":\"https:\/\/kidtokidonline.pt\/telheiras\/produto\/ninho-3-em-1-em-espuma-cinza-kikkaboo-2\/\",\"url\":\"https:\/\/kidtokidonline.pt\/telheiras\/produto\/ninho-3-em-1-em-espuma-cinza-kikkaboo-2\/\",\"name\":\"Ninho 3 em 1 em Espuma Cinza Kikkaboo - Kid to Kid Online Telheiras\",\"isPartOf\":{\"@id\":\"https:\/\/kidtokidonline.pt\/telheiras\/#website\"},\"primaryImageOfPage\":{\"@id\":\"https:\/\/kidtokidonline.pt\/telheiras\/produto\/ninho-3-em-1-em-espuma-cinza-kikkaboo-2\/#primaryimage\"},\"image\":{\"@id\":\"https:\/\/kidtokidonline.pt\/telheiras\/produto\/ninho-3-em-1-em-espuma-cinza-kikkaboo-2\/#primaryimage\"},\"thumbnailUrl\":\"https:\/\/kidtokidonline.pt\/telheiras\/wp-content\/uploads\/2024\/02\/cama-nido-kikka-boo-3en1-dots-beige-2.jpg\",\"datePublished\":\"2024-02-21T18:38:44+00:00\",\"dateModified\":\"2024-02-21T18:45:23+00:00\",\"breadcrumb\":{\"@id\":\"https:\/\/kidtokidonline.pt\/telheiras\/produto\/ninho-3-em-1-em-espuma-cinza-kikkaboo-2\/#breadcrumb\"},\"inLanguage\":\"pt-PT\",\"potentialAction\":[{\"@type\":\"ReadAction\",\"target\":[\"https:\/\/kidtokidonline.pt\/telheiras\/produto\/ninho-3-em-1-em-espuma-cinza-kikkaboo-2\/\"]}]},{\"@type\":\"ImageObject\",\"inLanguage\":\"pt-PT\",\"@id\":\"https:\/\/kidtokidonline.pt\/telheiras\/produto\/ninho-3-em-1-em-espuma-cinza-kikkaboo-2\/#primaryimage\",\"url\":\"https:\/\/kidtokidonline.pt\/telheiras\/wp-content\/uploads\/2024\/02\/cama-nido-kikka-boo-3en1-dots-beige-2.jpg\",\"contentUrl\":\"https:\/\/kidtokidonline.pt\/telheiras\/wp-content\/uploads\/2024\/02\/cama-nido-kikka-boo-3en1-dots-beige-2.jpg\",\"width\":593,\"height\":617},{\"@type\":\"BreadcrumbList\",\"@id\":\"https:\/\/kidtokidonline.pt\/telheiras\/produto\/ninho-3-em-1-em-espuma-cinza-kikkaboo-2\/#breadcrumb\",\"itemListElement\":[{\"@type\":\"ListItem\",\"position\":1,\"name\":\"In\u00edcio\",\"item\":\"https:\/\/kidtokidonline.pt\/telheiras\/\"},{\"@type\":\"ListItem\",\"position\":2,\"name\":\"Loja\",\"item\":\"https:\/\/kidtokidonline.pt\/telheiras\/loja\/\"},{\"@type\":\"ListItem\",\"position\":3,\"name\":\"Ninho 3 em 1 em Espuma Cinza Kikkaboo\"}]},{\"@type\":\"WebSite\",\"@id\":\"https:\/\/kidtokidonline.pt\/telheiras\/#website\",\"url\":\"https:\/\/kidtokidonline.pt\/telheiras\/\",\"name\":\"Kid to Kid Online Telheiras\",\"description\":\"Loja online de artigos de crian\u00e7a\",\"publisher\":{\"@id\":\"https:\/\/kidtokidonline.pt\/telheiras\/#organization\"},\"potentialAction\":[{\"@type\":\"SearchAction\",\"target\":{\"@type\":\"EntryPoint\",\"urlTemplate\":\"https:\/\/kidtokidonline.pt\/telheiras\/?s={search_term_string}\"},\"query-input\":\"required name=search_term_string\"}],\"inLanguage\":\"pt-PT\"},{\"@type\":\"Organization\",\"@id\":\"https:\/\/kidtokidonline.pt\/telheiras\/#organization\",\"name\":\"Kid to Kid Telheiras\",\"url\":\"https:\/\/kidtokidonline.pt\/telheiras\/\",\"logo\":{\"@type\":\"ImageObject\",\"inLanguage\":\"pt-PT\",\"@id\":\"https:\/\/kidtokidonline.pt\/telheiras\/#\/schema\/logo\/image\/\",\"url\":\"\",\"contentUrl\":\"\",\"caption\":\"Kid to Kid Telheiras\"},\"image\":{\"@id\":\"https:\/\/kidtokidonline.pt\/telheiras\/#\/schema\/logo\/image\/\"},\"sameAs\":[\"https:\/\/www.facebook.com\/k2ktelheiras\",\"https:\/\/www.instagram.com\/kidtokid_telheiras\/\"]}]}<\/script>\n<!-- \/ Yoast SEO plugin. -->","yoast_head_json":{"title":"Ninho 3 em 1 em Espuma Cinza Kikkaboo - Kid to Kid Online Telheiras","robots":{"index":"index","follow":"follow","max-snippet":"max-snippet:-1","max-image-preview":"max-image-preview:large","max-video-preview":"max-video-preview:-1"},"canonical":"https:\/\/kidtokidonline.pt\/telheiras\/produto\/ninho-3-em-1-em-espuma-cinza-kikkaboo-2\/","og_locale":"pt_PT","og_type":"article","og_title":"Ninho 3 em 1 em Espuma Cinza Kikkaboo - Kid to Kid Online Telheiras","og_description":"Artigo Novo","og_url":"https:\/\/kidtokidonline.pt\/telheiras\/produto\/ninho-3-em-1-em-espuma-cinza-kikkaboo-2\/","og_site_name":"Kid to Kid Online Telheiras","article_publisher":"https:\/\/www.facebook.com\/k2ktelheiras","article_modified_time":"2024-02-21T18:45:23+00:00","og_image":[{"width":593,"height":617,"url":"https:\/\/kidtokidonline.pt\/telheiras\/wp-content\/uploads\/2024\/02\/cama-nido-kikka-boo-3en1-dots-beige-2.jpg","type":"image\/jpeg"}],"twitter_card":"summary_large_image","schema":{"@context":"https:\/\/schema.org","@graph":[{"@type":"WebPage","@id":"https:\/\/kidtokidonline.pt\/telheiras\/produto\/ninho-3-em-1-em-espuma-cinza-kikkaboo-2\/","url":"https:\/\/kidtokidonline.pt\/telheiras\/produto\/ninho-3-em-1-em-espuma-cinza-kikkaboo-2\/","name":"Ninho 3 em 1 em Espuma Cinza Kikkaboo - Kid to Kid Online Telheiras","isPartOf":{"@id":"https:\/\/kidtokidonline.pt\/telheiras\/#website"},"primaryImageOfPage":{"@id":"https:\/\/kidtokidonline.pt\/telheiras\/produto\/ninho-3-em-1-em-espuma-cinza-kikkaboo-2\/#primaryimage"},"image":{"@id":"https:\/\/kidtokidonline.pt\/telheiras\/produto\/ninho-3-em-1-em-espuma-cinza-kikkaboo-2\/#primaryimage"},"thumbnailUrl":"https:\/\/kidtokidonline.pt\/telheiras\/wp-content\/uploads\/2024\/02\/cama-nido-kikka-boo-3en1-dots-beige-2.jpg","datePublished":"2024-02-21T18:38:44+00:00","dateModified":"2024-02-21T18:45:23+00:00","breadcrumb":{"@id":"https:\/\/kidtokidonline.pt\/telheiras\/produto\/ninho-3-em-1-em-espuma-cinza-kikkaboo-2\/#breadcrumb"},"inLanguage":"pt-PT","potentialAction":[{"@type":"ReadAction","target":["https:\/\/kidtokidonline.pt\/telheiras\/produto\/ninho-3-em-1-em-espuma-cinza-kikkaboo-2\/"]}]},{"@type":"ImageObject","inLanguage":"pt-PT","@id":"https:\/\/kidtokidonline.pt\/telheiras\/produto\/ninho-3-em-1-em-espuma-cinza-kikkaboo-2\/#primaryimage","url":"https:\/\/kidtokidonline.pt\/telheiras\/wp-content\/uploads\/2024\/02\/cama-nido-kikka-boo-3en1-dots-beige-2.jpg","contentUrl":"https:\/\/kidtokidonline.pt\/telheiras\/wp-content\/uploads\/2024\/02\/cama-nido-kikka-boo-3en1-dots-beige-2.jpg","width":593,"height":617},{"@type":"BreadcrumbList","@id":"https:\/\/kidtokidonline.pt\/telheiras\/produto\/ninho-3-em-1-em-espuma-cinza-kikkaboo-2\/#breadcrumb","itemListElement":[{"@type":"ListItem","position":1,"name":"In\u00edcio","item":"https:\/\/kidtokidonline.pt\/telheiras\/"},{"@type":"ListItem","position":2,"name":"Loja","item":"https:\/\/kidtokidonline.pt\/telheiras\/loja\/"},{"@type":"ListItem","position":3,"name":"Ninho 3 em 1 em Espuma Cinza Kikkaboo"}]},{"@type":"WebSite","@id":"https:\/\/kidtokidonline.pt\/telheiras\/#website","url":"https:\/\/kidtokidonline.pt\/telheiras\/","name":"Kid to Kid Online Telheiras","description":"Loja online de artigos de crian\u00e7a","publisher":{"@id":"https:\/\/kidtokidonline.pt\/telheiras\/#organization"},"potentialAction":[{"@type":"SearchAction","target":{"@type":"EntryPoint","urlTemplate":"https:\/\/kidtokidonline.pt\/telheiras\/?s={search_term_string}"},"query-input":"required name=search_term_string"}],"inLanguage":"pt-PT"},{"@type":"Organization","@id":"https:\/\/kidtokidonline.pt\/telheiras\/#organization","name":"Kid to Kid Telheiras","url":"https:\/\/kidtokidonline.pt\/telheiras\/","logo":{"@type":"ImageObject","inLanguage":"pt-PT","@id":"https:\/\/kidtokidonline.pt\/telheiras\/#\/schema\/logo\/image\/","url":"","contentUrl":"","caption":"Kid to Kid Telheiras"},"image":{"@id":"https:\/\/kidtokidonline.pt\/telheiras\/#\/schema\/logo\/image\/"},"sameAs":["https:\/\/www.facebook.com\/k2ktelheiras","https:\/\/www.instagram.com\/kidtokid_telheiras\/"]}]}},"_links":{"self":[{"href":"https:\/\/kidtokidonline.pt\/telheiras\/wp-json\/wp\/v2\/product\/221475"}],"collection":[{"href":"https:\/\/kidtokidonline.pt\/telheiras\/wp-json\/wp\/v2\/product"}],"about":[{"href":"https:\/\/kidtokidonline.pt\/telheiras\/wp-json\/wp\/v2\/types\/product"}],"wp:featuredmedia":[{"embeddable":true,"href":"https:\/\/kidtokidonline.pt\/telheiras\/wp-json\/wp\/v2\/media\/221476"}],"wp:attachment":[{"href":"https:\/\/kidtokidonline.pt\/telheiras\/wp-json\/wp\/v2\/media?parent=221475"}],"wp:term":[{"taxonomy":"product_cat","embeddable":true,"href":"https:\/\/kidtokidonline.pt\/telheiras\/wp-json\/wp\/v2\/product_cat?post=221475"},{"taxonomy":"product_tag","embeddable":true,"href":"https:\/\/kidtokidonline.pt\/telheiras\/wp-json\/wp\/v2\/product_tag?post=221475"}],"curies":[{"name":"wp","href":"https:\/\/api.w.org\/{rel}","templated":true}]}}