{"id":160838,"date":"2023-01-28T09:11:41","date_gmt":"2023-01-28T09:11:41","guid":{"rendered":"https:\/\/kidtokidonline.pt\/telheiras\/?post_type=product&#038;p=160838"},"modified":"2024-01-08T10:47:31","modified_gmt":"2024-01-08T10:47:31","slug":"cadeira-de-papa-enock-branca-kindercraf","status":"publish","type":"product","link":"https:\/\/kidtokidonline.pt\/telheiras\/produto\/cadeira-de-papa-enock-branca-kindercraf\/","title":{"rendered":"Cadeira De Papa Enock Branca Kindercraf"},"content":{"rendered":"<p>ENOCK \u00e9 ajust\u00e1vel \u00e0 idade e \u00e0 altura da crian\u00e7a. Pode ser usada por uma crian\u00e7a que pese at\u00e9 35 kg.<\/p>\n<p>Os cintos de seguran\u00e7a de 3 pontos para crian\u00e7as mais novas podem ser ajustados.<\/p>\n<p>Um assento largo e profundo: a crian\u00e7a poder\u00e1 sentar-se confortavelmente independentemente das configura\u00e7\u00f5es do assento.<\/p>\n<p>A bandeja pode ser facilmente removida e limpa. Basta limpar a superf\u00edcie com um pano \u00famido e depois secar.<\/p>\n<p>A cadeira alta tem 3 n\u00edveis de ajuste do apoio para os p\u00e9s. Na vers\u00e3o ENOCK para crian\u00e7as mais velhas \u00e9 poss\u00edvel ajustar o apoio para os p\u00e9s em 4 n\u00edveis ou remov\u00ea-lo completamente.<\/p>\n<section id=\"wrapper\">\n<div class=\"container\">\n<div id=\"columns_inner\">\n<div id=\"content-wrapper\">\n<section id=\"main\">\n<section class=\"product-tabcontent\">\n<div class=\"tabs\">\n<div id=\"tab-content\" class=\"tab-content\">\n<div id=\"description\" class=\"tab-pane fade in active\" role=\"tabpanel\">\n<div class=\"product-description\">\n<p>A cadeira de papa multifuncional ENOCK pesa apenas 6 kg.<\/p>\n<p>Combina perfeitamente com todos os tipos de decora\u00e7\u00e3o.<\/p>\n<p>Cadeira de papa: desde os 6 meses aos 36 m<\/p>\n<p>Cadeira baixa: dos 36 meses aos 10 anos (Maximo 35 kg)<\/p>\n<\/div>\n<\/div>\n<\/div>\n<\/div>\n<\/section>\n<footer class=\"page-footer\"><\/footer>\n<\/section>\n<\/div>\n<\/div>\n<\/div>\n<\/section>\n<footer id=\"footer\">\n<div class=\"footer-before parallax-bg header\" data-bgurl=\"https:\/\/www.babyprendas.com\/themes\/PRSADD279_05\/assets\/img\/megnor\/Parallax.jpg\">\n<div class=\"block_newsletter block col-lg-12 col-md-12 col-sm-12\">\n<div class=\"container\">\n<div id=\"block_email_toggle\" class=\"col-md-12 col-xs-12 block_content collapse\"><\/div>\n<\/div>\n<\/div>\n<\/div>\n<\/footer>\n","protected":false},"excerpt":{"rendered":"<p>Artigo Novo<\/p>\n","protected":false},"featured_media":160839,"template":"","meta":[],"product_cat":[248],"product_tag":[3027,3028,3029,1910],"class_list":{"0":"post-160838","1":"product","2":"type-product","3":"status-publish","4":"has-post-thumbnail","6":"product_cat-cadeiras-de-papa","7":"product_tag-yummy","8":"product_tag-kindercraft","9":"product_tag-polly","10":"product_tag-cadeira-de-papa","12":"first","13":"instock","14":"shipping-taxable","15":"purchasable","16":"product-type-simple"},"yoast_head":"<!-- This site is optimized with the Yoast SEO plugin v23.3 - https:\/\/yoast.com\/wordpress\/plugins\/seo\/ -->\n<title>Cadeira De Papa Enock Branca Kindercraf - Kid to Kid Online Telheiras<\/title>\n<meta name=\"robots\" content=\"index, follow, max-snippet:-1, max-image-preview:large, max-video-preview:-1\" \/>\n<link rel=\"canonical\" href=\"https:\/\/kidtokidonline.pt\/telheiras\/produto\/cadeira-de-papa-enock-branca-kindercraf\/\" \/>\n<meta property=\"og:locale\" content=\"pt_PT\" \/>\n<meta property=\"og:type\" content=\"article\" \/>\n<meta property=\"og:title\" content=\"Cadeira De Papa Enock Branca Kindercraf - Kid to Kid Online Telheiras\" \/>\n<meta property=\"og:description\" content=\"Artigo Novo\" \/>\n<meta property=\"og:url\" content=\"https:\/\/kidtokidonline.pt\/telheiras\/produto\/cadeira-de-papa-enock-branca-kindercraf\/\" \/>\n<meta property=\"og:site_name\" content=\"Kid to Kid Online Telheiras\" \/>\n<meta property=\"article:publisher\" content=\"https:\/\/www.facebook.com\/k2ktelheiras\" \/>\n<meta property=\"article:modified_time\" content=\"2024-01-08T10:47:31+00:00\" \/>\n<meta property=\"og:image\" content=\"https:\/\/kidtokidonline.pt\/telheiras\/wp-content\/uploads\/2023\/01\/cad-papa-branca.jpeg\" \/>\n\t<meta property=\"og:image:width\" content=\"800\" \/>\n\t<meta property=\"og:image:height\" content=\"600\" \/>\n\t<meta property=\"og:image:type\" content=\"image\/jpeg\" \/>\n<meta name=\"twitter:card\" content=\"summary_large_image\" \/>\n<meta name=\"twitter:label1\" content=\"Tempo estimado de leitura\" \/>\n\t<meta name=\"twitter:data1\" content=\"1 minuto\" \/>\n<script type=\"application\/ld+json\" class=\"yoast-schema-graph\">{\"@context\":\"https:\/\/schema.org\",\"@graph\":[{\"@type\":\"WebPage\",\"@id\":\"https:\/\/kidtokidonline.pt\/telheiras\/produto\/cadeira-de-papa-enock-branca-kindercraf\/\",\"url\":\"https:\/\/kidtokidonline.pt\/telheiras\/produto\/cadeira-de-papa-enock-branca-kindercraf\/\",\"name\":\"Cadeira De Papa Enock Branca Kindercraf - Kid to Kid Online Telheiras\",\"isPartOf\":{\"@id\":\"https:\/\/kidtokidonline.pt\/telheiras\/#website\"},\"primaryImageOfPage\":{\"@id\":\"https:\/\/kidtokidonline.pt\/telheiras\/produto\/cadeira-de-papa-enock-branca-kindercraf\/#primaryimage\"},\"image\":{\"@id\":\"https:\/\/kidtokidonline.pt\/telheiras\/produto\/cadeira-de-papa-enock-branca-kindercraf\/#primaryimage\"},\"thumbnailUrl\":\"https:\/\/kidtokidonline.pt\/telheiras\/wp-content\/uploads\/2023\/01\/cad-papa-branca.jpeg\",\"datePublished\":\"2023-01-28T09:11:41+00:00\",\"dateModified\":\"2024-01-08T10:47:31+00:00\",\"breadcrumb\":{\"@id\":\"https:\/\/kidtokidonline.pt\/telheiras\/produto\/cadeira-de-papa-enock-branca-kindercraf\/#breadcrumb\"},\"inLanguage\":\"pt-PT\",\"potentialAction\":[{\"@type\":\"ReadAction\",\"target\":[\"https:\/\/kidtokidonline.pt\/telheiras\/produto\/cadeira-de-papa-enock-branca-kindercraf\/\"]}]},{\"@type\":\"ImageObject\",\"inLanguage\":\"pt-PT\",\"@id\":\"https:\/\/kidtokidonline.pt\/telheiras\/produto\/cadeira-de-papa-enock-branca-kindercraf\/#primaryimage\",\"url\":\"https:\/\/kidtokidonline.pt\/telheiras\/wp-content\/uploads\/2023\/01\/cad-papa-branca.jpeg\",\"contentUrl\":\"https:\/\/kidtokidonline.pt\/telheiras\/wp-content\/uploads\/2023\/01\/cad-papa-branca.jpeg\",\"width\":800,\"height\":600},{\"@type\":\"BreadcrumbList\",\"@id\":\"https:\/\/kidtokidonline.pt\/telheiras\/produto\/cadeira-de-papa-enock-branca-kindercraf\/#breadcrumb\",\"itemListElement\":[{\"@type\":\"ListItem\",\"position\":1,\"name\":\"In\u00edcio\",\"item\":\"https:\/\/kidtokidonline.pt\/telheiras\/\"},{\"@type\":\"ListItem\",\"position\":2,\"name\":\"Loja\",\"item\":\"https:\/\/kidtokidonline.pt\/telheiras\/loja\/\"},{\"@type\":\"ListItem\",\"position\":3,\"name\":\"Cadeira De Papa Enock Branca Kindercraf\"}]},{\"@type\":\"WebSite\",\"@id\":\"https:\/\/kidtokidonline.pt\/telheiras\/#website\",\"url\":\"https:\/\/kidtokidonline.pt\/telheiras\/\",\"name\":\"Kid to Kid Online Telheiras\",\"description\":\"Loja online de artigos de crian\u00e7a\",\"publisher\":{\"@id\":\"https:\/\/kidtokidonline.pt\/telheiras\/#organization\"},\"potentialAction\":[{\"@type\":\"SearchAction\",\"target\":{\"@type\":\"EntryPoint\",\"urlTemplate\":\"https:\/\/kidtokidonline.pt\/telheiras\/?s={search_term_string}\"},\"query-input\":\"required name=search_term_string\"}],\"inLanguage\":\"pt-PT\"},{\"@type\":\"Organization\",\"@id\":\"https:\/\/kidtokidonline.pt\/telheiras\/#organization\",\"name\":\"Kid to Kid Telheiras\",\"url\":\"https:\/\/kidtokidonline.pt\/telheiras\/\",\"logo\":{\"@type\":\"ImageObject\",\"inLanguage\":\"pt-PT\",\"@id\":\"https:\/\/kidtokidonline.pt\/telheiras\/#\/schema\/logo\/image\/\",\"url\":\"\",\"contentUrl\":\"\",\"caption\":\"Kid to Kid Telheiras\"},\"image\":{\"@id\":\"https:\/\/kidtokidonline.pt\/telheiras\/#\/schema\/logo\/image\/\"},\"sameAs\":[\"https:\/\/www.facebook.com\/k2ktelheiras\",\"https:\/\/www.instagram.com\/kidtokid_telheiras\/\"]}]}<\/script>\n<!-- \/ Yoast SEO plugin. -->","yoast_head_json":{"title":"Cadeira De Papa Enock Branca Kindercraf - Kid to Kid Online Telheiras","robots":{"index":"index","follow":"follow","max-snippet":"max-snippet:-1","max-image-preview":"max-image-preview:large","max-video-preview":"max-video-preview:-1"},"canonical":"https:\/\/kidtokidonline.pt\/telheiras\/produto\/cadeira-de-papa-enock-branca-kindercraf\/","og_locale":"pt_PT","og_type":"article","og_title":"Cadeira De Papa Enock Branca Kindercraf - Kid to Kid Online Telheiras","og_description":"Artigo Novo","og_url":"https:\/\/kidtokidonline.pt\/telheiras\/produto\/cadeira-de-papa-enock-branca-kindercraf\/","og_site_name":"Kid to Kid Online Telheiras","article_publisher":"https:\/\/www.facebook.com\/k2ktelheiras","article_modified_time":"2024-01-08T10:47:31+00:00","og_image":[{"width":800,"height":600,"url":"https:\/\/kidtokidonline.pt\/telheiras\/wp-content\/uploads\/2023\/01\/cad-papa-branca.jpeg","type":"image\/jpeg"}],"twitter_card":"summary_large_image","twitter_misc":{"Tempo estimado de leitura":"1 minuto"},"schema":{"@context":"https:\/\/schema.org","@graph":[{"@type":"WebPage","@id":"https:\/\/kidtokidonline.pt\/telheiras\/produto\/cadeira-de-papa-enock-branca-kindercraf\/","url":"https:\/\/kidtokidonline.pt\/telheiras\/produto\/cadeira-de-papa-enock-branca-kindercraf\/","name":"Cadeira De Papa Enock Branca Kindercraf - Kid to Kid Online Telheiras","isPartOf":{"@id":"https:\/\/kidtokidonline.pt\/telheiras\/#website"},"primaryImageOfPage":{"@id":"https:\/\/kidtokidonline.pt\/telheiras\/produto\/cadeira-de-papa-enock-branca-kindercraf\/#primaryimage"},"image":{"@id":"https:\/\/kidtokidonline.pt\/telheiras\/produto\/cadeira-de-papa-enock-branca-kindercraf\/#primaryimage"},"thumbnailUrl":"https:\/\/kidtokidonline.pt\/telheiras\/wp-content\/uploads\/2023\/01\/cad-papa-branca.jpeg","datePublished":"2023-01-28T09:11:41+00:00","dateModified":"2024-01-08T10:47:31+00:00","breadcrumb":{"@id":"https:\/\/kidtokidonline.pt\/telheiras\/produto\/cadeira-de-papa-enock-branca-kindercraf\/#breadcrumb"},"inLanguage":"pt-PT","potentialAction":[{"@type":"ReadAction","target":["https:\/\/kidtokidonline.pt\/telheiras\/produto\/cadeira-de-papa-enock-branca-kindercraf\/"]}]},{"@type":"ImageObject","inLanguage":"pt-PT","@id":"https:\/\/kidtokidonline.pt\/telheiras\/produto\/cadeira-de-papa-enock-branca-kindercraf\/#primaryimage","url":"https:\/\/kidtokidonline.pt\/telheiras\/wp-content\/uploads\/2023\/01\/cad-papa-branca.jpeg","contentUrl":"https:\/\/kidtokidonline.pt\/telheiras\/wp-content\/uploads\/2023\/01\/cad-papa-branca.jpeg","width":800,"height":600},{"@type":"BreadcrumbList","@id":"https:\/\/kidtokidonline.pt\/telheiras\/produto\/cadeira-de-papa-enock-branca-kindercraf\/#breadcrumb","itemListElement":[{"@type":"ListItem","position":1,"name":"In\u00edcio","item":"https:\/\/kidtokidonline.pt\/telheiras\/"},{"@type":"ListItem","position":2,"name":"Loja","item":"https:\/\/kidtokidonline.pt\/telheiras\/loja\/"},{"@type":"ListItem","position":3,"name":"Cadeira De Papa Enock Branca Kindercraf"}]},{"@type":"WebSite","@id":"https:\/\/kidtokidonline.pt\/telheiras\/#website","url":"https:\/\/kidtokidonline.pt\/telheiras\/","name":"Kid to Kid Online Telheiras","description":"Loja online de artigos de crian\u00e7a","publisher":{"@id":"https:\/\/kidtokidonline.pt\/telheiras\/#organization"},"potentialAction":[{"@type":"SearchAction","target":{"@type":"EntryPoint","urlTemplate":"https:\/\/kidtokidonline.pt\/telheiras\/?s={search_term_string}"},"query-input":"required name=search_term_string"}],"inLanguage":"pt-PT"},{"@type":"Organization","@id":"https:\/\/kidtokidonline.pt\/telheiras\/#organization","name":"Kid to Kid Telheiras","url":"https:\/\/kidtokidonline.pt\/telheiras\/","logo":{"@type":"ImageObject","inLanguage":"pt-PT","@id":"https:\/\/kidtokidonline.pt\/telheiras\/#\/schema\/logo\/image\/","url":"","contentUrl":"","caption":"Kid to Kid Telheiras"},"image":{"@id":"https:\/\/kidtokidonline.pt\/telheiras\/#\/schema\/logo\/image\/"},"sameAs":["https:\/\/www.facebook.com\/k2ktelheiras","https:\/\/www.instagram.com\/kidtokid_telheiras\/"]}]}},"_links":{"self":[{"href":"https:\/\/kidtokidonline.pt\/telheiras\/wp-json\/wp\/v2\/product\/160838"}],"collection":[{"href":"https:\/\/kidtokidonline.pt\/telheiras\/wp-json\/wp\/v2\/product"}],"about":[{"href":"https:\/\/kidtokidonline.pt\/telheiras\/wp-json\/wp\/v2\/types\/product"}],"wp:featuredmedia":[{"embeddable":true,"href":"https:\/\/kidtokidonline.pt\/telheiras\/wp-json\/wp\/v2\/media\/160839"}],"wp:attachment":[{"href":"https:\/\/kidtokidonline.pt\/telheiras\/wp-json\/wp\/v2\/media?parent=160838"}],"wp:term":[{"taxonomy":"product_cat","embeddable":true,"href":"https:\/\/kidtokidonline.pt\/telheiras\/wp-json\/wp\/v2\/product_cat?post=160838"},{"taxonomy":"product_tag","embeddable":true,"href":"https:\/\/kidtokidonline.pt\/telheiras\/wp-json\/wp\/v2\/product_tag?post=160838"}],"curies":[{"name":"wp","href":"https:\/\/api.w.org\/{rel}","templated":true}]}}