{"id":116677,"date":"2022-05-10T11:14:06","date_gmt":"2022-05-10T11:14:06","guid":{"rendered":"https:\/\/kidtokidonline.pt\/telheiras\/?post_type=product&#038;p=116677"},"modified":"2024-01-08T10:36:09","modified_gmt":"2024-01-08T10:36:09","slug":"babete-silicone-tuc-tuc-rosa-convertivel-em-bolsa","status":"publish","type":"product","link":"https:\/\/kidtokidonline.pt\/telheiras\/produto\/babete-silicone-tuc-tuc-rosa-convertivel-em-bolsa\/","title":{"rendered":"BABETE SILICONE TUC TUC ROSA convert\u00edvel em bolsa"},"content":{"rendered":"<p><strong>Descri\u00e7\u00e3o<\/strong><\/p>\n<p>Babete 100% silicone, muito flex\u00edvel e compacto, com pr\u00e1tico bolso para as migalhas.<\/p>\n<p>Fica fixo no pesco\u00e7o do beb\u00e9 sem se deslocar<\/p>\n<p>Confort\u00e1vel na \u00e1rea do pesco\u00e7o do beb\u00e9<\/p>\n<p>Compacto: pode levar consigo para qualquer lado<\/p>\n<p>Babete com tamanho ajust\u00e1vel: para ficar \u00e0 medida do pesco\u00e7o do beb\u00e9<\/p>\n<p>Com bolso para migalhas: o beb\u00e9 pode apanhar as migalhas do bolso<\/p>\n<p>Enrola-se muito facilmente e converte-se em bolsa para f\u00e1cil transporte<\/p>\n<p>Lave com \u00e1gua morna e sab\u00e3o<\/p>\n<p>\u00c0 prova de \u00e1gua<\/p>\n<p>Idade recomendada: dos 6 meses aos 4 anos<\/p>\n","protected":false},"excerpt":{"rendered":"<p>Artigo Novo<\/p>\n","protected":false},"featured_media":116681,"template":"","meta":[],"product_cat":[230],"product_tag":[1069,1542,1688,1842,2095,2099],"class_list":{"0":"post-116677","1":"product","2":"type-product","3":"status-publish","4":"has-post-thumbnail","6":"product_cat-aliment","7":"product_tag-babete","8":"product_tag-babete-impermeavel","9":"product_tag-babete-de-silicone","10":"product_tag-alimentacao","11":"product_tag-tuc-tuc","12":"product_tag-tuctuc","14":"first","15":"instock","16":"shipping-taxable","17":"purchasable","18":"product-type-simple"},"yoast_head":"<!-- This site is optimized with the Yoast SEO plugin v23.3 - https:\/\/yoast.com\/wordpress\/plugins\/seo\/ -->\n<title>BABETE SILICONE TUC TUC ROSA convert\u00edvel em bolsa - Kid to Kid Online Telheiras<\/title>\n<meta name=\"robots\" content=\"index, follow, max-snippet:-1, max-image-preview:large, max-video-preview:-1\" \/>\n<link rel=\"canonical\" href=\"https:\/\/kidtokidonline.pt\/telheiras\/produto\/babete-silicone-tuc-tuc-rosa-convertivel-em-bolsa\/\" \/>\n<meta property=\"og:locale\" content=\"pt_PT\" \/>\n<meta property=\"og:type\" content=\"article\" \/>\n<meta property=\"og:title\" content=\"BABETE SILICONE TUC TUC ROSA convert\u00edvel em bolsa - Kid to Kid Online Telheiras\" \/>\n<meta property=\"og:description\" content=\"Artigo Novo\" \/>\n<meta property=\"og:url\" content=\"https:\/\/kidtokidonline.pt\/telheiras\/produto\/babete-silicone-tuc-tuc-rosa-convertivel-em-bolsa\/\" \/>\n<meta property=\"og:site_name\" content=\"Kid to Kid Online Telheiras\" \/>\n<meta property=\"article:publisher\" content=\"https:\/\/www.facebook.com\/k2ktelheiras\" \/>\n<meta property=\"article:modified_time\" content=\"2024-01-08T10:36:09+00:00\" \/>\n<meta property=\"og:image\" content=\"https:\/\/kidtokidonline.pt\/telheiras\/wp-content\/uploads\/2022\/05\/babete-silicone-dobrvel-lady-bird-rosado.jpg\" \/>\n\t<meta property=\"og:image:width\" content=\"800\" \/>\n\t<meta property=\"og:image:height\" content=\"1000\" \/>\n\t<meta property=\"og:image:type\" content=\"image\/jpeg\" \/>\n<meta name=\"twitter:card\" content=\"summary_large_image\" \/>\n<script type=\"application\/ld+json\" class=\"yoast-schema-graph\">{\"@context\":\"https:\/\/schema.org\",\"@graph\":[{\"@type\":\"WebPage\",\"@id\":\"https:\/\/kidtokidonline.pt\/telheiras\/produto\/babete-silicone-tuc-tuc-rosa-convertivel-em-bolsa\/\",\"url\":\"https:\/\/kidtokidonline.pt\/telheiras\/produto\/babete-silicone-tuc-tuc-rosa-convertivel-em-bolsa\/\",\"name\":\"BABETE SILICONE TUC TUC ROSA convert\u00edvel em bolsa - Kid to Kid Online Telheiras\",\"isPartOf\":{\"@id\":\"https:\/\/kidtokidonline.pt\/telheiras\/#website\"},\"primaryImageOfPage\":{\"@id\":\"https:\/\/kidtokidonline.pt\/telheiras\/produto\/babete-silicone-tuc-tuc-rosa-convertivel-em-bolsa\/#primaryimage\"},\"image\":{\"@id\":\"https:\/\/kidtokidonline.pt\/telheiras\/produto\/babete-silicone-tuc-tuc-rosa-convertivel-em-bolsa\/#primaryimage\"},\"thumbnailUrl\":\"https:\/\/kidtokidonline.pt\/telheiras\/wp-content\/uploads\/2022\/05\/babete-silicone-dobrvel-lady-bird-rosado.jpg\",\"datePublished\":\"2022-05-10T11:14:06+00:00\",\"dateModified\":\"2024-01-08T10:36:09+00:00\",\"breadcrumb\":{\"@id\":\"https:\/\/kidtokidonline.pt\/telheiras\/produto\/babete-silicone-tuc-tuc-rosa-convertivel-em-bolsa\/#breadcrumb\"},\"inLanguage\":\"pt-PT\",\"potentialAction\":[{\"@type\":\"ReadAction\",\"target\":[\"https:\/\/kidtokidonline.pt\/telheiras\/produto\/babete-silicone-tuc-tuc-rosa-convertivel-em-bolsa\/\"]}]},{\"@type\":\"ImageObject\",\"inLanguage\":\"pt-PT\",\"@id\":\"https:\/\/kidtokidonline.pt\/telheiras\/produto\/babete-silicone-tuc-tuc-rosa-convertivel-em-bolsa\/#primaryimage\",\"url\":\"https:\/\/kidtokidonline.pt\/telheiras\/wp-content\/uploads\/2022\/05\/babete-silicone-dobrvel-lady-bird-rosado.jpg\",\"contentUrl\":\"https:\/\/kidtokidonline.pt\/telheiras\/wp-content\/uploads\/2022\/05\/babete-silicone-dobrvel-lady-bird-rosado.jpg\",\"width\":800,\"height\":1000},{\"@type\":\"BreadcrumbList\",\"@id\":\"https:\/\/kidtokidonline.pt\/telheiras\/produto\/babete-silicone-tuc-tuc-rosa-convertivel-em-bolsa\/#breadcrumb\",\"itemListElement\":[{\"@type\":\"ListItem\",\"position\":1,\"name\":\"In\u00edcio\",\"item\":\"https:\/\/kidtokidonline.pt\/telheiras\/\"},{\"@type\":\"ListItem\",\"position\":2,\"name\":\"Loja\",\"item\":\"https:\/\/kidtokidonline.pt\/telheiras\/loja\/\"},{\"@type\":\"ListItem\",\"position\":3,\"name\":\"BABETE SILICONE TUC TUC ROSA convert\u00edvel em bolsa\"}]},{\"@type\":\"WebSite\",\"@id\":\"https:\/\/kidtokidonline.pt\/telheiras\/#website\",\"url\":\"https:\/\/kidtokidonline.pt\/telheiras\/\",\"name\":\"Kid to Kid Online Telheiras\",\"description\":\"Loja online de artigos de crian\u00e7a\",\"publisher\":{\"@id\":\"https:\/\/kidtokidonline.pt\/telheiras\/#organization\"},\"potentialAction\":[{\"@type\":\"SearchAction\",\"target\":{\"@type\":\"EntryPoint\",\"urlTemplate\":\"https:\/\/kidtokidonline.pt\/telheiras\/?s={search_term_string}\"},\"query-input\":\"required name=search_term_string\"}],\"inLanguage\":\"pt-PT\"},{\"@type\":\"Organization\",\"@id\":\"https:\/\/kidtokidonline.pt\/telheiras\/#organization\",\"name\":\"Kid to Kid Telheiras\",\"url\":\"https:\/\/kidtokidonline.pt\/telheiras\/\",\"logo\":{\"@type\":\"ImageObject\",\"inLanguage\":\"pt-PT\",\"@id\":\"https:\/\/kidtokidonline.pt\/telheiras\/#\/schema\/logo\/image\/\",\"url\":\"\",\"contentUrl\":\"\",\"caption\":\"Kid to Kid Telheiras\"},\"image\":{\"@id\":\"https:\/\/kidtokidonline.pt\/telheiras\/#\/schema\/logo\/image\/\"},\"sameAs\":[\"https:\/\/www.facebook.com\/k2ktelheiras\",\"https:\/\/www.instagram.com\/kidtokid_telheiras\/\"]}]}<\/script>\n<!-- \/ Yoast SEO plugin. -->","yoast_head_json":{"title":"BABETE SILICONE TUC TUC ROSA convert\u00edvel em bolsa - Kid to Kid Online Telheiras","robots":{"index":"index","follow":"follow","max-snippet":"max-snippet:-1","max-image-preview":"max-image-preview:large","max-video-preview":"max-video-preview:-1"},"canonical":"https:\/\/kidtokidonline.pt\/telheiras\/produto\/babete-silicone-tuc-tuc-rosa-convertivel-em-bolsa\/","og_locale":"pt_PT","og_type":"article","og_title":"BABETE SILICONE TUC TUC ROSA convert\u00edvel em bolsa - Kid to Kid Online Telheiras","og_description":"Artigo Novo","og_url":"https:\/\/kidtokidonline.pt\/telheiras\/produto\/babete-silicone-tuc-tuc-rosa-convertivel-em-bolsa\/","og_site_name":"Kid to Kid Online Telheiras","article_publisher":"https:\/\/www.facebook.com\/k2ktelheiras","article_modified_time":"2024-01-08T10:36:09+00:00","og_image":[{"width":800,"height":1000,"url":"https:\/\/kidtokidonline.pt\/telheiras\/wp-content\/uploads\/2022\/05\/babete-silicone-dobrvel-lady-bird-rosado.jpg","type":"image\/jpeg"}],"twitter_card":"summary_large_image","schema":{"@context":"https:\/\/schema.org","@graph":[{"@type":"WebPage","@id":"https:\/\/kidtokidonline.pt\/telheiras\/produto\/babete-silicone-tuc-tuc-rosa-convertivel-em-bolsa\/","url":"https:\/\/kidtokidonline.pt\/telheiras\/produto\/babete-silicone-tuc-tuc-rosa-convertivel-em-bolsa\/","name":"BABETE SILICONE TUC TUC ROSA convert\u00edvel em bolsa - Kid to Kid Online Telheiras","isPartOf":{"@id":"https:\/\/kidtokidonline.pt\/telheiras\/#website"},"primaryImageOfPage":{"@id":"https:\/\/kidtokidonline.pt\/telheiras\/produto\/babete-silicone-tuc-tuc-rosa-convertivel-em-bolsa\/#primaryimage"},"image":{"@id":"https:\/\/kidtokidonline.pt\/telheiras\/produto\/babete-silicone-tuc-tuc-rosa-convertivel-em-bolsa\/#primaryimage"},"thumbnailUrl":"https:\/\/kidtokidonline.pt\/telheiras\/wp-content\/uploads\/2022\/05\/babete-silicone-dobrvel-lady-bird-rosado.jpg","datePublished":"2022-05-10T11:14:06+00:00","dateModified":"2024-01-08T10:36:09+00:00","breadcrumb":{"@id":"https:\/\/kidtokidonline.pt\/telheiras\/produto\/babete-silicone-tuc-tuc-rosa-convertivel-em-bolsa\/#breadcrumb"},"inLanguage":"pt-PT","potentialAction":[{"@type":"ReadAction","target":["https:\/\/kidtokidonline.pt\/telheiras\/produto\/babete-silicone-tuc-tuc-rosa-convertivel-em-bolsa\/"]}]},{"@type":"ImageObject","inLanguage":"pt-PT","@id":"https:\/\/kidtokidonline.pt\/telheiras\/produto\/babete-silicone-tuc-tuc-rosa-convertivel-em-bolsa\/#primaryimage","url":"https:\/\/kidtokidonline.pt\/telheiras\/wp-content\/uploads\/2022\/05\/babete-silicone-dobrvel-lady-bird-rosado.jpg","contentUrl":"https:\/\/kidtokidonline.pt\/telheiras\/wp-content\/uploads\/2022\/05\/babete-silicone-dobrvel-lady-bird-rosado.jpg","width":800,"height":1000},{"@type":"BreadcrumbList","@id":"https:\/\/kidtokidonline.pt\/telheiras\/produto\/babete-silicone-tuc-tuc-rosa-convertivel-em-bolsa\/#breadcrumb","itemListElement":[{"@type":"ListItem","position":1,"name":"In\u00edcio","item":"https:\/\/kidtokidonline.pt\/telheiras\/"},{"@type":"ListItem","position":2,"name":"Loja","item":"https:\/\/kidtokidonline.pt\/telheiras\/loja\/"},{"@type":"ListItem","position":3,"name":"BABETE SILICONE TUC TUC ROSA convert\u00edvel em bolsa"}]},{"@type":"WebSite","@id":"https:\/\/kidtokidonline.pt\/telheiras\/#website","url":"https:\/\/kidtokidonline.pt\/telheiras\/","name":"Kid to Kid Online Telheiras","description":"Loja online de artigos de crian\u00e7a","publisher":{"@id":"https:\/\/kidtokidonline.pt\/telheiras\/#organization"},"potentialAction":[{"@type":"SearchAction","target":{"@type":"EntryPoint","urlTemplate":"https:\/\/kidtokidonline.pt\/telheiras\/?s={search_term_string}"},"query-input":"required name=search_term_string"}],"inLanguage":"pt-PT"},{"@type":"Organization","@id":"https:\/\/kidtokidonline.pt\/telheiras\/#organization","name":"Kid to Kid Telheiras","url":"https:\/\/kidtokidonline.pt\/telheiras\/","logo":{"@type":"ImageObject","inLanguage":"pt-PT","@id":"https:\/\/kidtokidonline.pt\/telheiras\/#\/schema\/logo\/image\/","url":"","contentUrl":"","caption":"Kid to Kid Telheiras"},"image":{"@id":"https:\/\/kidtokidonline.pt\/telheiras\/#\/schema\/logo\/image\/"},"sameAs":["https:\/\/www.facebook.com\/k2ktelheiras","https:\/\/www.instagram.com\/kidtokid_telheiras\/"]}]}},"_links":{"self":[{"href":"https:\/\/kidtokidonline.pt\/telheiras\/wp-json\/wp\/v2\/product\/116677"}],"collection":[{"href":"https:\/\/kidtokidonline.pt\/telheiras\/wp-json\/wp\/v2\/product"}],"about":[{"href":"https:\/\/kidtokidonline.pt\/telheiras\/wp-json\/wp\/v2\/types\/product"}],"wp:featuredmedia":[{"embeddable":true,"href":"https:\/\/kidtokidonline.pt\/telheiras\/wp-json\/wp\/v2\/media\/116681"}],"wp:attachment":[{"href":"https:\/\/kidtokidonline.pt\/telheiras\/wp-json\/wp\/v2\/media?parent=116677"}],"wp:term":[{"taxonomy":"product_cat","embeddable":true,"href":"https:\/\/kidtokidonline.pt\/telheiras\/wp-json\/wp\/v2\/product_cat?post=116677"},{"taxonomy":"product_tag","embeddable":true,"href":"https:\/\/kidtokidonline.pt\/telheiras\/wp-json\/wp\/v2\/product_tag?post=116677"}],"curies":[{"name":"wp","href":"https:\/\/api.w.org\/{rel}","templated":true}]}}