{"id":3794,"date":"2020-04-01T19:52:34","date_gmt":"2020-04-01T19:52:34","guid":{"rendered":"https:\/\/kidtokidonline.pt\/staging\/?page_id=3794"},"modified":"2020-04-16T18:16:03","modified_gmt":"2020-04-16T18:16:03","slug":"devolucoes","status":"publish","type":"page","link":"https:\/\/kidtokidonline.pt\/telheiras\/devolucoes\/","title":{"rendered":"Devolu\u00e7\u00f5es"},"content":{"rendered":"\t\t<div data-elementor-type=\"wp-page\" data-elementor-id=\"3794\" class=\"elementor elementor-3794\">\n\t\t\t\t\t\t<section class=\"elementor-section elementor-top-section elementor-element elementor-element-8769929 elementor-section-boxed elementor-section-height-default elementor-section-height-default\" data-id=\"8769929\" data-element_type=\"section\">\n\t\t\t\t\t\t<div class=\"elementor-container elementor-column-gap-default\">\n\t\t\t\t\t<div class=\"elementor-column elementor-col-100 elementor-top-column elementor-element elementor-element-c7d3575\" data-id=\"c7d3575\" data-element_type=\"column\">\n\t\t\t<div class=\"elementor-widget-wrap elementor-element-populated\">\n\t\t\t\t\t\t<div class=\"elementor-element elementor-element-ab01bbd elementor-widget elementor-widget-heading\" data-id=\"ab01bbd\" data-element_type=\"widget\" data-widget_type=\"heading.default\">\n\t\t\t\t<div class=\"elementor-widget-container\">\n\t\t\t<h2 class=\"elementor-heading-title elementor-size-default\">Devolu\u00e7\u00f5es<\/h2>\t\t<\/div>\n\t\t\t\t<\/div>\n\t\t\t\t\t<\/div>\n\t\t<\/div>\n\t\t\t\t\t<\/div>\n\t\t<\/section>\n\t\t\t\t<section class=\"elementor-section elementor-top-section elementor-element elementor-element-c8190f4 elementor-section-boxed elementor-section-height-default elementor-section-height-default\" data-id=\"c8190f4\" data-element_type=\"section\">\n\t\t\t\t\t\t<div class=\"elementor-container elementor-column-gap-default\">\n\t\t\t\t\t<div class=\"elementor-column elementor-col-100 elementor-top-column elementor-element elementor-element-ecbbe71\" data-id=\"ecbbe71\" data-element_type=\"column\">\n\t\t\t<div class=\"elementor-widget-wrap elementor-element-populated\">\n\t\t\t\t\t\t<div class=\"elementor-element elementor-element-0394fe4 elementor-widget elementor-widget-text-editor\" data-id=\"0394fe4\" data-element_type=\"widget\" data-widget_type=\"text-editor.default\">\n\t\t\t\t<div class=\"elementor-widget-container\">\n\t\t\t\t\t\t\t<p><strong>Devolu\u00e7\u00f5es<\/strong><\/p><p>Ap\u00f3s a rece\u00e7\u00e3o da encomenda, o Cliente disp\u00f5e de um prazo de 14 dias a contar do dia em que o pr\u00f3prio Cliente ou um terceiro indicado por este adquira a posse f\u00edsica dos bens, para resolver o contrato de compra e venda celebrado no site.<\/p><p>O exerc\u00edcio do direito de resolu\u00e7\u00e3o depende da verifica\u00e7\u00e3o das seguintes condi\u00e7\u00f5es:<\/p><ol><li><strong>a) Para devolver os artigos, a etiqueta Kid to Kid n\u00e3o pode ser retirada.<\/strong> Os artigos devem estar no mesmo estado de conserva\u00e7\u00e3o da venda e devidamente embalados.<\/li><li><strong>b)\u00a0<\/strong>Conjuntamente com os artigos devolvidos deve ser enviado a c\u00f3pia da fatura de compra e etiqueta no artigo.<\/li><li><strong>c)\u00a0<\/strong>No caso de um pedido de reembolso de um artigo comprado com pre\u00e7o reduzido, devido a uma oferta especial ou promo\u00e7\u00e3o, ser\u00e1 reembolsado unicamente o valor efetivamente pago pelo cliente;<\/li><li><strong>e)\u00a0<\/strong>Nas devolu\u00e7\u00f5es os portes de envio ser\u00e3o pagos pelo cliente, com exce\u00e7\u00e3o daquelas em que a loja venha a assumir a responsabilidade pela mesma;<\/li><li><strong>f)\u00a0<\/strong>Os artigos a devolver dever\u00e3o ser enviados para a morada indicada no ponto 7, no prazo m\u00e1ximo de 14 dias a contar da data de rece\u00e7\u00e3o da encomenda pelo Cliente. A data de devolu\u00e7\u00e3o a considerar corresponde \u00e0 data que consta no carimbo do dia em que a encomenda \u00e9 entregue para devolu\u00e7\u00e3o.<\/li><li style=\"font-size: 16px;\"><span style=\"font-size: 16px; font-weight: bold;\">g)\u00a0<\/span>Em caso de resolu\u00e7\u00e3o do contrato com devolu\u00e7\u00e3o dos artigos encomendados nas condi\u00e7\u00f5es supra referidas, A Kid to Kid Online Telheiras compromete-se a reembolsar o cliente no prazo de 14 dias a contar da data do conhecimento da decis\u00e3o de resolu\u00e7\u00e3o do Contrato pelo Cliente, do valor correspondente ao pre\u00e7o do(s) produto(s) constante na fatura de venda sem qualquer encargo para o Cliente. Caso contr\u00e1rio a Kid to Kid Telheiras fica obrigada a devolver em dobro, no prazo de 15 dias \u00fateis, os montantes pagos pelo Cliente, sem preju\u00edzo do direito do Cliente a indemniza\u00e7\u00e3o por danos patrimoniais e n\u00e3o patrimoniais, n.\u00ba 6 do art.\u00ba 12\u00ba do Decreto-Lei 24\/2014 de 14 de fevereiro.<\/li><li style=\"font-size: 16px;\"><span style=\"font-size: 16px; font-weight: bold;\">h)\u00a0<\/span>Quando o cliente devolver os artigos, na falta de qualquer dos componentes do artigo vendido ou, caso qualquer deles n\u00e3o se encontre em no mesmo estado conserva\u00e7\u00e3o e devidamente embalado, n\u00e3o haver\u00e1 lugar a qualquer reembolso do pre\u00e7o, sendo o produto reenviado novamente ao cliente.<\/li><\/ol><div><span style=\"font-size: 16px; font-style: normal;\"><b>Os portes de envio ser\u00e3o suportados pelo Cliente.<\/b><\/span><br \/><span style=\"font-size: 16px; font-style: normal;\"><b><br \/><\/b><\/span><\/div><ol start=\"7\"><li><strong> Devolu\u00e7\u00f5es e Apoio ao Cliente<\/strong><\/li><\/ol><p>As devolu\u00e7\u00f5es devem ser enviadas para a seguinte morada:<\/p><p>Kid to Kid Telheiras<\/p><p>Rua Aristides de Sousa Mendes, n\u00ba 8<\/p><p>1600-412 Lisboa<\/p><p>Para qualquer d\u00favida ou quest\u00e3o os Clientes t\u00eam ao dispor os seguintes meios de contacto:<\/p><p>Telefone: +351 217 159 789\u00a0 Hor\u00e1rio de atendimento: Dias \u00fateis e s\u00e1bados das 10h \u00e0s 19h<\/p><p>E-mail: <a href=\"mailto:telheiras@kidtokid.pt\">telheiras@kidtokid.pt<\/a><\/p><p><b>Os portes de envio ser\u00e3o suportados pelo Cliente.<\/b><\/p>\t\t\t\t\t\t<\/div>\n\t\t\t\t<\/div>\n\t\t\t\t\t<\/div>\n\t\t<\/div>\n\t\t\t\t\t<\/div>\n\t\t<\/section>\n\t\t\t\t<\/div>\n\t\t","protected":false},"excerpt":{"rendered":"<p>Devolu\u00e7\u00f5es Devolu\u00e7\u00f5es Ap\u00f3s a rece\u00e7\u00e3o da encomenda, o Cliente disp\u00f5e de um prazo de 14 dias a contar do dia em que o pr\u00f3prio Cliente ou um terceiro indicado por este adquira a posse f\u00edsica dos bens, para resolver o contrato de compra e venda celebrado no site. O exerc\u00edcio do direito de resolu\u00e7\u00e3o depende &hellip;<\/p>\n<p class=\"read-more\"> <a class=\"\" href=\"https:\/\/kidtokidonline.pt\/telheiras\/devolucoes\/\"> <span class=\"screen-reader-text\">Devolu\u00e7\u00f5es<\/span> Read More &raquo;<\/a><\/p>\n","protected":false},"author":1,"featured_media":0,"parent":0,"menu_order":0,"comment_status":"closed","ping_status":"closed","template":"","meta":{"footnotes":""},"class_list":["post-3794","page","type-page","status-publish","hentry"],"yoast_head":"<!-- This site is optimized with the Yoast SEO plugin v23.3 - https:\/\/yoast.com\/wordpress\/plugins\/seo\/ -->\n<title>Devolu\u00e7\u00f5es - Kid to Kid Online Telheiras<\/title>\n<meta name=\"robots\" content=\"index, follow, max-snippet:-1, max-image-preview:large, max-video-preview:-1\" \/>\n<link rel=\"canonical\" href=\"https:\/\/kidtokidonline.pt\/telheiras\/devolucoes\/\" \/>\n<meta property=\"og:locale\" content=\"pt_PT\" \/>\n<meta property=\"og:type\" content=\"article\" \/>\n<meta property=\"og:title\" content=\"Devolu\u00e7\u00f5es - Kid to Kid Online Telheiras\" \/>\n<meta property=\"og:description\" content=\"Devolu\u00e7\u00f5es Devolu\u00e7\u00f5es Ap\u00f3s a rece\u00e7\u00e3o da encomenda, o Cliente disp\u00f5e de um prazo de 14 dias a contar do dia em que o pr\u00f3prio Cliente ou um terceiro indicado por este adquira a posse f\u00edsica dos bens, para resolver o contrato de compra e venda celebrado no site. O exerc\u00edcio do direito de resolu\u00e7\u00e3o depende &hellip; Devolu\u00e7\u00f5es Read More &raquo;\" \/>\n<meta property=\"og:url\" content=\"https:\/\/kidtokidonline.pt\/telheiras\/devolucoes\/\" \/>\n<meta property=\"og:site_name\" content=\"Kid to Kid Online Telheiras\" \/>\n<meta property=\"article:publisher\" content=\"https:\/\/www.facebook.com\/k2ktelheiras\" \/>\n<meta property=\"article:modified_time\" content=\"2020-04-16T18:16:03+00:00\" \/>\n<meta name=\"twitter:card\" content=\"summary_large_image\" \/>\n<meta name=\"twitter:label1\" content=\"Tempo estimado de leitura\" \/>\n\t<meta name=\"twitter:data1\" content=\"2 minutos\" \/>\n<script type=\"application\/ld+json\" class=\"yoast-schema-graph\">{\"@context\":\"https:\/\/schema.org\",\"@graph\":[{\"@type\":\"WebPage\",\"@id\":\"https:\/\/kidtokidonline.pt\/telheiras\/devolucoes\/\",\"url\":\"https:\/\/kidtokidonline.pt\/telheiras\/devolucoes\/\",\"name\":\"Devolu\u00e7\u00f5es - Kid to Kid Online Telheiras\",\"isPartOf\":{\"@id\":\"https:\/\/kidtokidonline.pt\/telheiras\/#website\"},\"datePublished\":\"2020-04-01T19:52:34+00:00\",\"dateModified\":\"2020-04-16T18:16:03+00:00\",\"breadcrumb\":{\"@id\":\"https:\/\/kidtokidonline.pt\/telheiras\/devolucoes\/#breadcrumb\"},\"inLanguage\":\"pt-PT\",\"potentialAction\":[{\"@type\":\"ReadAction\",\"target\":[\"https:\/\/kidtokidonline.pt\/telheiras\/devolucoes\/\"]}]},{\"@type\":\"BreadcrumbList\",\"@id\":\"https:\/\/kidtokidonline.pt\/telheiras\/devolucoes\/#breadcrumb\",\"itemListElement\":[{\"@type\":\"ListItem\",\"position\":1,\"name\":\"In\u00edcio\",\"item\":\"https:\/\/kidtokidonline.pt\/telheiras\/\"},{\"@type\":\"ListItem\",\"position\":2,\"name\":\"Devolu\u00e7\u00f5es\"}]},{\"@type\":\"WebSite\",\"@id\":\"https:\/\/kidtokidonline.pt\/telheiras\/#website\",\"url\":\"https:\/\/kidtokidonline.pt\/telheiras\/\",\"name\":\"Kid to Kid Online Telheiras\",\"description\":\"Loja online de artigos de crian\u00e7a\",\"publisher\":{\"@id\":\"https:\/\/kidtokidonline.pt\/telheiras\/#organization\"},\"potentialAction\":[{\"@type\":\"SearchAction\",\"target\":{\"@type\":\"EntryPoint\",\"urlTemplate\":\"https:\/\/kidtokidonline.pt\/telheiras\/?s={search_term_string}\"},\"query-input\":\"required name=search_term_string\"}],\"inLanguage\":\"pt-PT\"},{\"@type\":\"Organization\",\"@id\":\"https:\/\/kidtokidonline.pt\/telheiras\/#organization\",\"name\":\"Kid to Kid Telheiras\",\"url\":\"https:\/\/kidtokidonline.pt\/telheiras\/\",\"logo\":{\"@type\":\"ImageObject\",\"inLanguage\":\"pt-PT\",\"@id\":\"https:\/\/kidtokidonline.pt\/telheiras\/#\/schema\/logo\/image\/\",\"url\":\"\",\"contentUrl\":\"\",\"caption\":\"Kid to Kid Telheiras\"},\"image\":{\"@id\":\"https:\/\/kidtokidonline.pt\/telheiras\/#\/schema\/logo\/image\/\"},\"sameAs\":[\"https:\/\/www.facebook.com\/k2ktelheiras\",\"https:\/\/www.instagram.com\/kidtokid_telheiras\/\"]}]}<\/script>\n<!-- \/ Yoast SEO plugin. -->","yoast_head_json":{"title":"Devolu\u00e7\u00f5es - Kid to Kid Online Telheiras","robots":{"index":"index","follow":"follow","max-snippet":"max-snippet:-1","max-image-preview":"max-image-preview:large","max-video-preview":"max-video-preview:-1"},"canonical":"https:\/\/kidtokidonline.pt\/telheiras\/devolucoes\/","og_locale":"pt_PT","og_type":"article","og_title":"Devolu\u00e7\u00f5es - Kid to Kid Online Telheiras","og_description":"Devolu\u00e7\u00f5es Devolu\u00e7\u00f5es Ap\u00f3s a rece\u00e7\u00e3o da encomenda, o Cliente disp\u00f5e de um prazo de 14 dias a contar do dia em que o pr\u00f3prio Cliente ou um terceiro indicado por este adquira a posse f\u00edsica dos bens, para resolver o contrato de compra e venda celebrado no site. O exerc\u00edcio do direito de resolu\u00e7\u00e3o depende &hellip; Devolu\u00e7\u00f5es Read More &raquo;","og_url":"https:\/\/kidtokidonline.pt\/telheiras\/devolucoes\/","og_site_name":"Kid to Kid Online Telheiras","article_publisher":"https:\/\/www.facebook.com\/k2ktelheiras","article_modified_time":"2020-04-16T18:16:03+00:00","twitter_card":"summary_large_image","twitter_misc":{"Tempo estimado de leitura":"2 minutos"},"schema":{"@context":"https:\/\/schema.org","@graph":[{"@type":"WebPage","@id":"https:\/\/kidtokidonline.pt\/telheiras\/devolucoes\/","url":"https:\/\/kidtokidonline.pt\/telheiras\/devolucoes\/","name":"Devolu\u00e7\u00f5es - Kid to Kid Online Telheiras","isPartOf":{"@id":"https:\/\/kidtokidonline.pt\/telheiras\/#website"},"datePublished":"2020-04-01T19:52:34+00:00","dateModified":"2020-04-16T18:16:03+00:00","breadcrumb":{"@id":"https:\/\/kidtokidonline.pt\/telheiras\/devolucoes\/#breadcrumb"},"inLanguage":"pt-PT","potentialAction":[{"@type":"ReadAction","target":["https:\/\/kidtokidonline.pt\/telheiras\/devolucoes\/"]}]},{"@type":"BreadcrumbList","@id":"https:\/\/kidtokidonline.pt\/telheiras\/devolucoes\/#breadcrumb","itemListElement":[{"@type":"ListItem","position":1,"name":"In\u00edcio","item":"https:\/\/kidtokidonline.pt\/telheiras\/"},{"@type":"ListItem","position":2,"name":"Devolu\u00e7\u00f5es"}]},{"@type":"WebSite","@id":"https:\/\/kidtokidonline.pt\/telheiras\/#website","url":"https:\/\/kidtokidonline.pt\/telheiras\/","name":"Kid to Kid Online Telheiras","description":"Loja online de artigos de crian\u00e7a","publisher":{"@id":"https:\/\/kidtokidonline.pt\/telheiras\/#organization"},"potentialAction":[{"@type":"SearchAction","target":{"@type":"EntryPoint","urlTemplate":"https:\/\/kidtokidonline.pt\/telheiras\/?s={search_term_string}"},"query-input":"required name=search_term_string"}],"inLanguage":"pt-PT"},{"@type":"Organization","@id":"https:\/\/kidtokidonline.pt\/telheiras\/#organization","name":"Kid to Kid Telheiras","url":"https:\/\/kidtokidonline.pt\/telheiras\/","logo":{"@type":"ImageObject","inLanguage":"pt-PT","@id":"https:\/\/kidtokidonline.pt\/telheiras\/#\/schema\/logo\/image\/","url":"","contentUrl":"","caption":"Kid to Kid Telheiras"},"image":{"@id":"https:\/\/kidtokidonline.pt\/telheiras\/#\/schema\/logo\/image\/"},"sameAs":["https:\/\/www.facebook.com\/k2ktelheiras","https:\/\/www.instagram.com\/kidtokid_telheiras\/"]}]}},"_links":{"self":[{"href":"https:\/\/kidtokidonline.pt\/telheiras\/wp-json\/wp\/v2\/pages\/3794"}],"collection":[{"href":"https:\/\/kidtokidonline.pt\/telheiras\/wp-json\/wp\/v2\/pages"}],"about":[{"href":"https:\/\/kidtokidonline.pt\/telheiras\/wp-json\/wp\/v2\/types\/page"}],"author":[{"embeddable":true,"href":"https:\/\/kidtokidonline.pt\/telheiras\/wp-json\/wp\/v2\/users\/1"}],"replies":[{"embeddable":true,"href":"https:\/\/kidtokidonline.pt\/telheiras\/wp-json\/wp\/v2\/comments?post=3794"}],"version-history":[{"count":0,"href":"https:\/\/kidtokidonline.pt\/telheiras\/wp-json\/wp\/v2\/pages\/3794\/revisions"}],"wp:attachment":[{"href":"https:\/\/kidtokidonline.pt\/telheiras\/wp-json\/wp\/v2\/media?parent=3794"}],"curies":[{"name":"wp","href":"https:\/\/api.w.org\/{rel}","templated":true}]}}