{"id":3784,"date":"2020-04-01T19:37:26","date_gmt":"2020-04-01T19:37:26","guid":{"rendered":"https:\/\/kidtokidonline.pt\/staging\/?page_id=3784"},"modified":"2023-03-21T20:01:52","modified_gmt":"2023-03-21T20:01:52","slug":"envios","status":"publish","type":"page","link":"https:\/\/kidtokidonline.pt\/telheiras\/envios\/","title":{"rendered":"Envios"},"content":{"rendered":"\t\t<div data-elementor-type=\"wp-page\" data-elementor-id=\"3784\" class=\"elementor elementor-3784\">\n\t\t\t\t\t\t<section class=\"elementor-section elementor-top-section elementor-element elementor-element-38e9604 elementor-section-boxed elementor-section-height-default elementor-section-height-default\" data-id=\"38e9604\" data-element_type=\"section\">\n\t\t\t\t\t\t<div class=\"elementor-container elementor-column-gap-default\">\n\t\t\t\t\t<div class=\"elementor-column elementor-col-100 elementor-top-column elementor-element elementor-element-14bb3ee\" data-id=\"14bb3ee\" data-element_type=\"column\">\n\t\t\t<div class=\"elementor-widget-wrap elementor-element-populated\">\n\t\t\t\t\t\t<div class=\"elementor-element elementor-element-1272847 elementor-widget elementor-widget-heading\" data-id=\"1272847\" data-element_type=\"widget\" data-widget_type=\"heading.default\">\n\t\t\t\t<div class=\"elementor-widget-container\">\n\t\t\t<h2 class=\"elementor-heading-title elementor-size-default\">Envios<\/h2>\t\t<\/div>\n\t\t\t\t<\/div>\n\t\t\t\t\t<\/div>\n\t\t<\/div>\n\t\t\t\t\t<\/div>\n\t\t<\/section>\n\t\t\t\t<section class=\"elementor-section elementor-top-section elementor-element elementor-element-1e61623 elementor-section-boxed elementor-section-height-default elementor-section-height-default\" data-id=\"1e61623\" data-element_type=\"section\">\n\t\t\t\t\t\t<div class=\"elementor-container elementor-column-gap-default\">\n\t\t\t\t\t<div class=\"elementor-column elementor-col-100 elementor-top-column elementor-element elementor-element-ff4e0be\" data-id=\"ff4e0be\" data-element_type=\"column\">\n\t\t\t<div class=\"elementor-widget-wrap elementor-element-populated\">\n\t\t\t\t\t\t<div class=\"elementor-element elementor-element-2080778 elementor-widget elementor-widget-text-editor\" data-id=\"2080778\" data-element_type=\"widget\" data-widget_type=\"text-editor.default\">\n\t\t\t\t<div class=\"elementor-widget-container\">\n\t\t\t\t\t\t\t<div class=\"one_half last white-border-wrap\">\n<h2 id=\"answer3\"><strong style=\"font-size: 1.25rem;\">1. Para Portugal Continental<\/strong><\/h2>\n<\/div>\n<p>O envio ao domic\u00edlio dos artigos comprados na loja online&nbsp;ser\u00e1 entregue num prazo aproximado at\u00e9 3 dias \u00fateis.<\/p>\n<p>Custo dos portes de envio:<\/p>\n<ul>\n<li style=\"font-size: 16px;\">Compras at\u00e9 39,99\u20ac: 5,99\u20ac<\/li><li style=\"font-size: 16px;\"><span style=\"font-size: 16px;\">Compras de 40,00\u20ac a 59,99\u20ac: 3,99\u20ac<\/span><\/li><li style=\"font-size: 16px;\"><span style=\"font-size: 16px;\">Compras superiores a 59,99\u20ac: Gr\u00e1tis<\/span><\/li>\n<\/ul>\n<p>O servi\u00e7o de entrega \u00e0 cobran\u00e7a n\u00e3o est\u00e1 dispon\u00edvel.<\/p>\n<p><strong>Qualquer d\u00favida por favor ligue: +351 217 159 789<\/strong><\/p>\n<h4><strong>2. Para as Ilhas&nbsp;<\/strong><\/h4>\n<p>N\u00e3o efectuamos envios para as Ilhas dos A\u00e7ores e Madeira<\/p>\n<p><strong style=\"font-size: 16px;\">Nota 1:<\/strong><span style=\"font-size: 16px;\">&nbsp;As despesas de envio podem ser modificadas em qualquer momento e sem aviso pr\u00e9vio. Tal mudan\u00e7a ser\u00e1 aplic\u00e1vel a partir do momento em que se incluir a modifica\u00e7\u00e3o nas p\u00e1ginas de ajuda e no contrato publicado nesta P\u00e1gina Web. Em qualquer caso, ser\u00e3o v\u00e1lidas aquelas despesas de envio que aparecerem no momento de realizar o pedido.<\/span><\/p>\t\t\t\t\t\t<\/div>\n\t\t\t\t<\/div>\n\t\t\t\t\t<\/div>\n\t\t<\/div>\n\t\t\t\t\t<\/div>\n\t\t<\/section>\n\t\t\t\t<\/div>\n\t\t","protected":false},"excerpt":{"rendered":"<p>Envios 1. Para Portugal Continental O envio ao domic\u00edlio dos artigos comprados na loja online&nbsp;ser\u00e1 entregue num prazo aproximado at\u00e9 3 dias \u00fateis. Custo dos portes de envio: Compras at\u00e9 39,99\u20ac: 5,99\u20ac Compras de 40,00\u20ac a 59,99\u20ac: 3,99\u20ac Compras superiores a 59,99\u20ac: Gr\u00e1tis O servi\u00e7o de entrega \u00e0 cobran\u00e7a n\u00e3o est\u00e1 dispon\u00edvel. Qualquer d\u00favida por &hellip;<\/p>\n<p class=\"read-more\"> <a class=\"\" href=\"https:\/\/kidtokidonline.pt\/telheiras\/envios\/\"> <span class=\"screen-reader-text\">Envios<\/span> Read More &raquo;<\/a><\/p>\n","protected":false},"author":1,"featured_media":0,"parent":0,"menu_order":0,"comment_status":"closed","ping_status":"closed","template":"","meta":{"footnotes":""},"class_list":["post-3784","page","type-page","status-publish","hentry"],"yoast_head":"<!-- This site is optimized with the Yoast SEO plugin v23.3 - https:\/\/yoast.com\/wordpress\/plugins\/seo\/ -->\n<title>Envios - Kid to Kid Online Telheiras<\/title>\n<meta name=\"robots\" content=\"index, follow, max-snippet:-1, max-image-preview:large, max-video-preview:-1\" \/>\n<link rel=\"canonical\" href=\"https:\/\/kidtokidonline.pt\/telheiras\/envios\/\" \/>\n<meta property=\"og:locale\" content=\"pt_PT\" \/>\n<meta property=\"og:type\" content=\"article\" \/>\n<meta property=\"og:title\" content=\"Envios - Kid to Kid Online Telheiras\" \/>\n<meta property=\"og:description\" content=\"Envios 1. Para Portugal Continental O envio ao domic\u00edlio dos artigos comprados na loja online&nbsp;ser\u00e1 entregue num prazo aproximado at\u00e9 3 dias \u00fateis. Custo dos portes de envio: Compras at\u00e9 39,99\u20ac: 5,99\u20ac Compras de 40,00\u20ac a 59,99\u20ac: 3,99\u20ac Compras superiores a 59,99\u20ac: Gr\u00e1tis O servi\u00e7o de entrega \u00e0 cobran\u00e7a n\u00e3o est\u00e1 dispon\u00edvel. Qualquer d\u00favida por &hellip; Envios Read More &raquo;\" \/>\n<meta property=\"og:url\" content=\"https:\/\/kidtokidonline.pt\/telheiras\/envios\/\" \/>\n<meta property=\"og:site_name\" content=\"Kid to Kid Online Telheiras\" \/>\n<meta property=\"article:publisher\" content=\"https:\/\/www.facebook.com\/k2ktelheiras\" \/>\n<meta property=\"article:modified_time\" content=\"2023-03-21T20:01:52+00:00\" \/>\n<meta name=\"twitter:card\" content=\"summary_large_image\" \/>\n<meta name=\"twitter:label1\" content=\"Tempo estimado de leitura\" \/>\n\t<meta name=\"twitter:data1\" content=\"1 minuto\" \/>\n<script type=\"application\/ld+json\" class=\"yoast-schema-graph\">{\"@context\":\"https:\/\/schema.org\",\"@graph\":[{\"@type\":\"WebPage\",\"@id\":\"https:\/\/kidtokidonline.pt\/telheiras\/envios\/\",\"url\":\"https:\/\/kidtokidonline.pt\/telheiras\/envios\/\",\"name\":\"Envios - Kid to Kid Online Telheiras\",\"isPartOf\":{\"@id\":\"https:\/\/kidtokidonline.pt\/telheiras\/#website\"},\"datePublished\":\"2020-04-01T19:37:26+00:00\",\"dateModified\":\"2023-03-21T20:01:52+00:00\",\"breadcrumb\":{\"@id\":\"https:\/\/kidtokidonline.pt\/telheiras\/envios\/#breadcrumb\"},\"inLanguage\":\"pt-PT\",\"potentialAction\":[{\"@type\":\"ReadAction\",\"target\":[\"https:\/\/kidtokidonline.pt\/telheiras\/envios\/\"]}]},{\"@type\":\"BreadcrumbList\",\"@id\":\"https:\/\/kidtokidonline.pt\/telheiras\/envios\/#breadcrumb\",\"itemListElement\":[{\"@type\":\"ListItem\",\"position\":1,\"name\":\"In\u00edcio\",\"item\":\"https:\/\/kidtokidonline.pt\/telheiras\/\"},{\"@type\":\"ListItem\",\"position\":2,\"name\":\"Envios\"}]},{\"@type\":\"WebSite\",\"@id\":\"https:\/\/kidtokidonline.pt\/telheiras\/#website\",\"url\":\"https:\/\/kidtokidonline.pt\/telheiras\/\",\"name\":\"Kid to Kid Online Telheiras\",\"description\":\"Loja online de artigos de crian\u00e7a\",\"publisher\":{\"@id\":\"https:\/\/kidtokidonline.pt\/telheiras\/#organization\"},\"potentialAction\":[{\"@type\":\"SearchAction\",\"target\":{\"@type\":\"EntryPoint\",\"urlTemplate\":\"https:\/\/kidtokidonline.pt\/telheiras\/?s={search_term_string}\"},\"query-input\":\"required name=search_term_string\"}],\"inLanguage\":\"pt-PT\"},{\"@type\":\"Organization\",\"@id\":\"https:\/\/kidtokidonline.pt\/telheiras\/#organization\",\"name\":\"Kid to Kid Telheiras\",\"url\":\"https:\/\/kidtokidonline.pt\/telheiras\/\",\"logo\":{\"@type\":\"ImageObject\",\"inLanguage\":\"pt-PT\",\"@id\":\"https:\/\/kidtokidonline.pt\/telheiras\/#\/schema\/logo\/image\/\",\"url\":\"\",\"contentUrl\":\"\",\"caption\":\"Kid to Kid Telheiras\"},\"image\":{\"@id\":\"https:\/\/kidtokidonline.pt\/telheiras\/#\/schema\/logo\/image\/\"},\"sameAs\":[\"https:\/\/www.facebook.com\/k2ktelheiras\",\"https:\/\/www.instagram.com\/kidtokid_telheiras\/\"]}]}<\/script>\n<!-- \/ Yoast SEO plugin. -->","yoast_head_json":{"title":"Envios - Kid to Kid Online Telheiras","robots":{"index":"index","follow":"follow","max-snippet":"max-snippet:-1","max-image-preview":"max-image-preview:large","max-video-preview":"max-video-preview:-1"},"canonical":"https:\/\/kidtokidonline.pt\/telheiras\/envios\/","og_locale":"pt_PT","og_type":"article","og_title":"Envios - Kid to Kid Online Telheiras","og_description":"Envios 1. Para Portugal Continental O envio ao domic\u00edlio dos artigos comprados na loja online&nbsp;ser\u00e1 entregue num prazo aproximado at\u00e9 3 dias \u00fateis. Custo dos portes de envio: Compras at\u00e9 39,99\u20ac: 5,99\u20ac Compras de 40,00\u20ac a 59,99\u20ac: 3,99\u20ac Compras superiores a 59,99\u20ac: Gr\u00e1tis O servi\u00e7o de entrega \u00e0 cobran\u00e7a n\u00e3o est\u00e1 dispon\u00edvel. Qualquer d\u00favida por &hellip; Envios Read More &raquo;","og_url":"https:\/\/kidtokidonline.pt\/telheiras\/envios\/","og_site_name":"Kid to Kid Online Telheiras","article_publisher":"https:\/\/www.facebook.com\/k2ktelheiras","article_modified_time":"2023-03-21T20:01:52+00:00","twitter_card":"summary_large_image","twitter_misc":{"Tempo estimado de leitura":"1 minuto"},"schema":{"@context":"https:\/\/schema.org","@graph":[{"@type":"WebPage","@id":"https:\/\/kidtokidonline.pt\/telheiras\/envios\/","url":"https:\/\/kidtokidonline.pt\/telheiras\/envios\/","name":"Envios - Kid to Kid Online Telheiras","isPartOf":{"@id":"https:\/\/kidtokidonline.pt\/telheiras\/#website"},"datePublished":"2020-04-01T19:37:26+00:00","dateModified":"2023-03-21T20:01:52+00:00","breadcrumb":{"@id":"https:\/\/kidtokidonline.pt\/telheiras\/envios\/#breadcrumb"},"inLanguage":"pt-PT","potentialAction":[{"@type":"ReadAction","target":["https:\/\/kidtokidonline.pt\/telheiras\/envios\/"]}]},{"@type":"BreadcrumbList","@id":"https:\/\/kidtokidonline.pt\/telheiras\/envios\/#breadcrumb","itemListElement":[{"@type":"ListItem","position":1,"name":"In\u00edcio","item":"https:\/\/kidtokidonline.pt\/telheiras\/"},{"@type":"ListItem","position":2,"name":"Envios"}]},{"@type":"WebSite","@id":"https:\/\/kidtokidonline.pt\/telheiras\/#website","url":"https:\/\/kidtokidonline.pt\/telheiras\/","name":"Kid to Kid Online Telheiras","description":"Loja online de artigos de crian\u00e7a","publisher":{"@id":"https:\/\/kidtokidonline.pt\/telheiras\/#organization"},"potentialAction":[{"@type":"SearchAction","target":{"@type":"EntryPoint","urlTemplate":"https:\/\/kidtokidonline.pt\/telheiras\/?s={search_term_string}"},"query-input":"required name=search_term_string"}],"inLanguage":"pt-PT"},{"@type":"Organization","@id":"https:\/\/kidtokidonline.pt\/telheiras\/#organization","name":"Kid to Kid Telheiras","url":"https:\/\/kidtokidonline.pt\/telheiras\/","logo":{"@type":"ImageObject","inLanguage":"pt-PT","@id":"https:\/\/kidtokidonline.pt\/telheiras\/#\/schema\/logo\/image\/","url":"","contentUrl":"","caption":"Kid to Kid Telheiras"},"image":{"@id":"https:\/\/kidtokidonline.pt\/telheiras\/#\/schema\/logo\/image\/"},"sameAs":["https:\/\/www.facebook.com\/k2ktelheiras","https:\/\/www.instagram.com\/kidtokid_telheiras\/"]}]}},"_links":{"self":[{"href":"https:\/\/kidtokidonline.pt\/telheiras\/wp-json\/wp\/v2\/pages\/3784"}],"collection":[{"href":"https:\/\/kidtokidonline.pt\/telheiras\/wp-json\/wp\/v2\/pages"}],"about":[{"href":"https:\/\/kidtokidonline.pt\/telheiras\/wp-json\/wp\/v2\/types\/page"}],"author":[{"embeddable":true,"href":"https:\/\/kidtokidonline.pt\/telheiras\/wp-json\/wp\/v2\/users\/1"}],"replies":[{"embeddable":true,"href":"https:\/\/kidtokidonline.pt\/telheiras\/wp-json\/wp\/v2\/comments?post=3784"}],"version-history":[{"count":8,"href":"https:\/\/kidtokidonline.pt\/telheiras\/wp-json\/wp\/v2\/pages\/3784\/revisions"}],"predecessor-version":[{"id":170439,"href":"https:\/\/kidtokidonline.pt\/telheiras\/wp-json\/wp\/v2\/pages\/3784\/revisions\/170439"}],"wp:attachment":[{"href":"https:\/\/kidtokidonline.pt\/telheiras\/wp-json\/wp\/v2\/media?parent=3784"}],"curies":[{"name":"wp","href":"https:\/\/api.w.org\/{rel}","templated":true}]}}