{"id":50375,"date":"2020-05-03T22:55:02","date_gmt":"2020-05-03T22:55:02","guid":{"rendered":"https:\/\/kidtokidonline.pt\/setubal\/produto\/calcao-de-algodao-lft4-anos\/"},"modified":"2020-05-03T23:31:50","modified_gmt":"2020-05-03T23:31:50","slug":"calcao-de-algodao-lft4-anos","status":"publish","type":"product","link":"https:\/\/kidtokidonline.pt\/setubal\/produto\/calcao-de-algodao-lft4-anos\/","title":{"rendered":"Cal\u00e7\u00e3o de Algod\u00e3o"},"content":{"rendered":"","protected":false},"excerpt":{"rendered":"","protected":false},"featured_media":50374,"template":"","meta":[],"product_cat":[239],"product_tag":[329],"_links":{"self":[{"href":"https:\/\/kidtokidonline.pt\/setubal\/wp-json\/wp\/v2\/product\/50375"}],"collection":[{"href":"https:\/\/kidtokidonline.pt\/setubal\/wp-json\/wp\/v2\/product"}],"about":[{"href":"https:\/\/kidtokidonline.pt\/setubal\/wp-json\/wp\/v2\/types\/product"}],"wp:featuredmedia":[{"embeddable":true,"href":"https:\/\/kidtokidonline.pt\/setubal\/wp-json\/wp\/v2\/media\/50374"}],"wp:attachment":[{"href":"https:\/\/kidtokidonline.pt\/setubal\/wp-json\/wp\/v2\/media?parent=50375"}],"wp:term":[{"taxonomy":"product_cat","embeddable":true,"href":"https:\/\/kidtokidonline.pt\/setubal\/wp-json\/wp\/v2\/product_cat?post=50375"},{"taxonomy":"product_tag","embeddable":true,"href":"https:\/\/kidtokidonline.pt\/setubal\/wp-json\/wp\/v2\/product_tag?post=50375"}],"curies":[{"name":"wp","href":"https:\/\/api.w.org\/{rel}","templated":true}]}}