{"id":3784,"date":"2020-04-01T19:37:26","date_gmt":"2020-04-01T19:37:26","guid":{"rendered":"https:\/\/kidtokidonline.pt\/staging\/?page_id=3784"},"modified":"2020-04-18T21:18:27","modified_gmt":"2020-04-18T21:18:27","slug":"envios","status":"publish","type":"page","link":"https:\/\/kidtokidonline.pt\/setubal\/envios\/","title":{"rendered":"Envios"},"content":{"rendered":"\t\t<div data-elementor-type=\"wp-page\" data-elementor-id=\"3784\" class=\"elementor elementor-3784\" data-elementor-settings=\"[]\">\n\t\t\t<div class=\"elementor-inner\">\n\t\t\t\t<div class=\"elementor-section-wrap\">\n\t\t\t\t\t\t\t<section class=\"elementor-element elementor-element-38e9604 elementor-section-boxed elementor-section-height-default elementor-section-height-default elementor-section elementor-top-section\" data-id=\"38e9604\" data-element_type=\"section\">\n\t\t\t\t\t\t<div class=\"elementor-container elementor-column-gap-default\">\n\t\t\t\t<div class=\"elementor-row\">\n\t\t\t\t<div class=\"elementor-element elementor-element-14bb3ee elementor-column elementor-col-100 elementor-top-column\" data-id=\"14bb3ee\" data-element_type=\"column\">\n\t\t\t<div class=\"elementor-column-wrap  elementor-element-populated\">\n\t\t\t\t\t<div class=\"elementor-widget-wrap\">\n\t\t\t\t<div class=\"elementor-element elementor-element-1272847 elementor-widget elementor-widget-heading\" data-id=\"1272847\" data-element_type=\"widget\" data-widget_type=\"heading.default\">\n\t\t\t\t<div class=\"elementor-widget-container\">\n\t\t\t<h2 class=\"elementor-heading-title elementor-size-default\">Envios<\/h2>\t\t<\/div>\n\t\t\t\t<\/div>\n\t\t\t\t\t\t<\/div>\n\t\t\t<\/div>\n\t\t<\/div>\n\t\t\t\t\t\t<\/div>\n\t\t\t<\/div>\n\t\t<\/section>\n\t\t\t\t<section class=\"elementor-element elementor-element-1e61623 elementor-section-boxed elementor-section-height-default elementor-section-height-default elementor-section elementor-top-section\" data-id=\"1e61623\" data-element_type=\"section\">\n\t\t\t\t\t\t<div class=\"elementor-container elementor-column-gap-default\">\n\t\t\t\t<div class=\"elementor-row\">\n\t\t\t\t<div class=\"elementor-element elementor-element-ff4e0be elementor-column elementor-col-100 elementor-top-column\" data-id=\"ff4e0be\" data-element_type=\"column\">\n\t\t\t<div class=\"elementor-column-wrap  elementor-element-populated\">\n\t\t\t\t\t<div class=\"elementor-widget-wrap\">\n\t\t\t\t<div class=\"elementor-element elementor-element-2080778 elementor-widget elementor-widget-text-editor\" data-id=\"2080778\" data-element_type=\"widget\" data-widget_type=\"text-editor.default\">\n\t\t\t\t<div class=\"elementor-widget-container\">\n\t\t\t\t\t<div class=\"elementor-text-editor elementor-clearfix\"><div class=\"one_half last white-border-wrap\"><h2 id=\"answer3\"><strong style=\"font-size: 1.25rem;\">1. Para Portugal Continental<\/strong><\/h2><\/div><p>O envio ao domic\u00edlio dos artigos comprados na loja online\u00a0ser\u00e1 entregue num prazo aproximado at\u00e9 3 dias \u00fateis.<\/p><p>Os envios ao domic\u00edlio (Portugal Continental) s\u00e3o\u00a0<strong>gr\u00e1tis em pedidos superiores a 30\u20ac<\/strong>; no caso de pedidos inferiores a essa quantia,\u00a0<strong>o custo do envio ser\u00e1 de 5,50\u20ac<\/strong>.<\/p><p>O servi\u00e7o de entrega \u00e0 cobran\u00e7a n\u00e3o est\u00e1 dispon\u00edvel.<\/p><p><strong>Qualquer d\u00favida por favor ligue: <a href=\"tel:+351 218 044 648\">+<\/a><a href=\"tel:+351 265 092 664\">+351 265 092 664<\/a><\/strong><\/p><h4><strong>2. Para as Ilhas\u00a0<\/strong><\/h4><p>N\u00e3o efectuamos envios para as Ilhas dos A\u00e7ores e Madeira<\/p><p><strong style=\"font-size: 16px;\">Nota 1:<\/strong><span style=\"font-size: 16px;\">\u00a0As despesas de envio podem ser modificadas em qualquer momento e sem aviso pr\u00e9vio. Tal mudan\u00e7a ser\u00e1 aplic\u00e1vel a partir do momento em que se incluir a modifica\u00e7\u00e3o nas p\u00e1ginas de ajuda e no contrato publicado nesta P\u00e1gina Web. Em qualquer caso, ser\u00e3o v\u00e1lidas aquelas despesas de envio que aparecerem no momento de realizar o pedido.<\/span><\/p><\/div>\n\t\t\t\t<\/div>\n\t\t\t\t<\/div>\n\t\t\t\t\t\t<\/div>\n\t\t\t<\/div>\n\t\t<\/div>\n\t\t\t\t\t\t<\/div>\n\t\t\t<\/div>\n\t\t<\/section>\n\t\t\t\t\t\t<\/div>\n\t\t\t<\/div>\n\t\t<\/div>\n\t\t","protected":false},"excerpt":{"rendered":"<p>Envios 1. Para Portugal Continental O envio ao domic\u00edlio dos artigos comprados na loja online&nbsp;ser\u00e1 entregue num prazo aproximado at\u00e9 3 dias \u00fateis. Os envios ao domic\u00edlio (Portugal Continental) s\u00e3o&nbsp;gr\u00e1tis em pedidos superiores a 30\u20ac; no caso de pedidos inferiores a essa quantia,&nbsp;o custo do envio ser\u00e1 de 5,50\u20ac. O servi\u00e7o de entrega \u00e0 cobran\u00e7a &hellip;<\/p>\n<p class=\"read-more\"> <a class=\"\" href=\"https:\/\/kidtokidonline.pt\/setubal\/envios\/\"> <span class=\"screen-reader-text\">Envios<\/span> Read More &raquo;<\/a><\/p>\n","protected":false},"author":1,"featured_media":0,"parent":0,"menu_order":0,"comment_status":"closed","ping_status":"closed","template":"","meta":[],"_links":{"self":[{"href":"https:\/\/kidtokidonline.pt\/setubal\/wp-json\/wp\/v2\/pages\/3784"}],"collection":[{"href":"https:\/\/kidtokidonline.pt\/setubal\/wp-json\/wp\/v2\/pages"}],"about":[{"href":"https:\/\/kidtokidonline.pt\/setubal\/wp-json\/wp\/v2\/types\/page"}],"author":[{"embeddable":true,"href":"https:\/\/kidtokidonline.pt\/setubal\/wp-json\/wp\/v2\/users\/1"}],"replies":[{"embeddable":true,"href":"https:\/\/kidtokidonline.pt\/setubal\/wp-json\/wp\/v2\/comments?post=3784"}],"version-history":[{"count":5,"href":"https:\/\/kidtokidonline.pt\/setubal\/wp-json\/wp\/v2\/pages\/3784\/revisions"}],"predecessor-version":[{"id":50352,"href":"https:\/\/kidtokidonline.pt\/setubal\/wp-json\/wp\/v2\/pages\/3784\/revisions\/50352"}],"wp:attachment":[{"href":"https:\/\/kidtokidonline.pt\/setubal\/wp-json\/wp\/v2\/media?parent=3784"}],"curies":[{"name":"wp","href":"https:\/\/api.w.org\/{rel}","templated":true}]}}