{"id":3679,"date":"2020-03-31T15:35:17","date_gmt":"2020-03-31T15:35:17","guid":{"rendered":"https:\/\/kidtokidonline.pt\/staging\/?page_id=3679"},"modified":"2020-03-31T15:35:18","modified_gmt":"2020-03-31T15:35:18","slug":"resolucao-alternativa-de-litigios-de-consumo","status":"publish","type":"page","link":"https:\/\/kidtokidonline.pt\/setubal\/resolucao-alternativa-de-litigios-de-consumo\/","title":{"rendered":"Resolu\u00e7\u00e3o Alternativa de Lit\u00edgios de Consumo"},"content":{"rendered":"\n<p>O Consumidor pode, por sua op\u00e7\u00e3o expressa, submeter a\nresolu\u00e7\u00e3o de lit\u00edgios \u00e0 aprecia\u00e7\u00e3o de um centro de arbitragem de conflitos de\nconsumo.<\/p>\n\n\n\n<p>Em cumprimento do artigo 18.\u00ba da Lei n.\u00ba 144\/2015, de 8 de\nsetembro, informa-se que as entidades de Resolu\u00e7\u00e3o Alternativa de Lit\u00edgios de\nConsumo s\u00e3o aquelas que constam da seguinte lista:&nbsp; <\/p>\n\n\n\n<p>Centro de Arbitragem de Conflitos de Consumo de Lisboa\n(CACCL)<\/p>\n\n\n\n<p>Rua dos Douradores, n.\u00ba 116, 2.\u00ba andar<\/p>\n\n\n\n<p>1100-207 Lisboa<\/p>\n\n\n\n<p>+351 218 807 030&nbsp; <\/p>\n\n\n\n<p>www.centroarbitragemlisboa.pt <\/p>\n\n\n\n<p>Centro Nacional de Informa\u00e7\u00e3o e Arbitragem de Conflitos de\nConsumo (CNIACC)<\/p>\n\n\n\n<p>Faculdade de Direito \u2013 Universidade Nova de Lisboa <\/p>\n\n\n\n<p>Campus de Campolide<\/p>\n\n\n\n<p>1099-032 Lisboa<\/p>\n\n\n\n<p>+351 213 847 484<\/p>\n\n\n\n<p>www.arbitragemdeconsumo.org<\/p>\n\n\n\n<p>Centro de Informa\u00e7\u00e3o de Consumo e Arbitragem do Porto\n(CICAP)<\/p>\n\n\n\n<p>Rua Dami\u00e3o de G\u00f3is, n.\u00ba 31, Loja 6<\/p>\n\n\n\n<p>4050-225 Porto<\/p>\n\n\n\n<p>+351 225 508 349&nbsp; <\/p>\n\n\n\n<p>www.cicap.pt<\/p>\n\n\n\n<p>Centro de Informa\u00e7\u00e3o, Media\u00e7\u00e3o e Arbitragem de Conflitos de\nConsumo do Algarve (CIMAAL)<\/p>\n\n\n\n<p>Edif\u00edcio Ninho de Empresas<\/p>\n\n\n\n<p>Estrada da Penha<\/p>\n\n\n\n<p>8005-131 Faro<\/p>\n\n\n\n<p>+351 289 823 135<\/p>\n\n\n\n<p>www.consumidoronline.pt<\/p>\n\n\n\n<p>Centro de Arbitragem de Conflitos de Consumo do Distrito de\nCoimbra (CACCDC)<\/p>\n\n\n\n<p>Av. Fern\u00e3o Magalh\u00e3es, n.\u00ba 240, 1.\u00ba andar<\/p>\n\n\n\n<p>3000-172 Coimbra<\/p>\n\n\n\n<p>+351 239 821 690<\/p>\n\n\n\n<p>www.centrodearbitragemdecoimbra.com <\/p>\n\n\n\n<p>Centro de Arbitragem de Conflitos de Consumo da Madeira\n(CACCRAM)<\/p>\n\n\n\n<p>Rua Direita, n.\u00ba 27, 1.\u00ba andar <\/p>\n\n\n\n<p>9050-405 Funchal<\/p>\n\n\n\n<p>+351 291 215 070<\/p>\n\n\n\n<p>www.srrh.gov-madeira.pt\/In%C3%ADcio\/tabid\/292\/Default.aspx<\/p>\n\n\n\n<p>Centro de Arbitragem de Conflitos de Consumo do Vale do\nAve\/Tribunal Arbitral (CACCVA)<\/p>\n\n\n\n<p>Rua Capit\u00e3o Alfredo Guimar\u00e3es, n.\u00ba 1 <\/p>\n\n\n\n<p>4800-019 Guimar\u00e3es<\/p>\n\n\n\n<p>+351 253 422 410<\/p>\n\n\n\n<p>www.triave.pt<\/p>\n\n\n\n<p>Centro de Informa\u00e7\u00e3o, Media\u00e7\u00e3o e Arbitragem de Consumo\n(Tribunal Arbitral de Consumo) (CIAB)<\/p>\n\n\n\n<p>Rua D. Afonso Henriques, n.\u00ba 1 (Ed. Junta de Freguesia da\nS\u00e9)<\/p>\n\n\n\n<p>4700-030 Braga<\/p>\n\n\n\n<p>+351 253 617 604<\/p>\n\n\n\n<p>Av. Rocha Paris, n.\u00ba 103 (Edif\u00edcio Vila Rosa)<\/p>\n\n\n\n<p>4900-394 Viana do Castelo<\/p>\n\n\n\n<p>+351 258 809 335<\/p>\n\n\n\n<p>www.ciab.pt<\/p>\n\n\n\n<p>Centro de Arbitragem da Universidade Aut\u00f3noma de Lisboa\n(CAUAL)<\/p>\n\n\n\n<p>Rua de Santa Marta n\u00ba. 56 \u2013 1\u00ba<\/p>\n\n\n\n<p>1169-023 Lisboa<\/p>\n\n\n\n<p>+351 213 177 603<\/p>\n\n\n\n<p><\/p>\n\n\n\n<p>No que concerne a lit\u00edgios decorrentes do fornecimento de\nbens ou presta\u00e7\u00e3o de servi\u00e7os atrav\u00e9s do site da Loja das Caricaturas, ou de\nqualquer outro meio eletr\u00f3nico, o consumidor poder\u00e1, ainda, recorrer \u00e0\nPlataforma Europeia de Resolu\u00e7\u00e3o de Lit\u00edgios em Linha, dispon\u00edvel em\nhttps:\/\/webgate.ec.europa.eu\/eproposalWeb\/<\/p>\n\n\n\n<p>Dados retirados da lista de entidades de Resolu\u00e7\u00e3o\nAlternativa de Lit\u00edgios de Consumo constante do s\u00edtio da Dire\u00e7\u00e3o-Geral do\nConsumidor em fevereiro de 2017. Em www.consumidor.pt pode consultar a lista\natualizada.&nbsp; <\/p>\n","protected":false},"excerpt":{"rendered":"<p>O Consumidor pode, por sua op\u00e7\u00e3o expressa, submeter a resolu\u00e7\u00e3o de lit\u00edgios \u00e0 aprecia\u00e7\u00e3o de um centro de arbitragem de conflitos de consumo. Em cumprimento do artigo 18.\u00ba da Lei n.\u00ba 144\/2015, de 8 de setembro, informa-se que as entidades de Resolu\u00e7\u00e3o Alternativa de Lit\u00edgios de Consumo s\u00e3o aquelas que constam da seguinte lista:&nbsp; Centro &hellip;<\/p>\n<p class=\"read-more\"> <a class=\"\" href=\"https:\/\/kidtokidonline.pt\/setubal\/resolucao-alternativa-de-litigios-de-consumo\/\"> <span class=\"screen-reader-text\">Resolu\u00e7\u00e3o Alternativa de Lit\u00edgios de Consumo<\/span> Read More &raquo;<\/a><\/p>\n","protected":false},"author":1,"featured_media":0,"parent":0,"menu_order":0,"comment_status":"closed","ping_status":"closed","template":"","meta":[],"_links":{"self":[{"href":"https:\/\/kidtokidonline.pt\/setubal\/wp-json\/wp\/v2\/pages\/3679"}],"collection":[{"href":"https:\/\/kidtokidonline.pt\/setubal\/wp-json\/wp\/v2\/pages"}],"about":[{"href":"https:\/\/kidtokidonline.pt\/setubal\/wp-json\/wp\/v2\/types\/page"}],"author":[{"embeddable":true,"href":"https:\/\/kidtokidonline.pt\/setubal\/wp-json\/wp\/v2\/users\/1"}],"replies":[{"embeddable":true,"href":"https:\/\/kidtokidonline.pt\/setubal\/wp-json\/wp\/v2\/comments?post=3679"}],"version-history":[{"count":0,"href":"https:\/\/kidtokidonline.pt\/setubal\/wp-json\/wp\/v2\/pages\/3679\/revisions"}],"wp:attachment":[{"href":"https:\/\/kidtokidonline.pt\/setubal\/wp-json\/wp\/v2\/media?parent=3679"}],"curies":[{"name":"wp","href":"https:\/\/api.w.org\/{rel}","templated":true}]}}