{"id":3,"date":"2020-03-25T21:31:56","date_gmt":"2020-03-25T21:31:56","guid":{"rendered":"https:\/\/kidtokidonline.pt\/staging\/?page_id=3"},"modified":"2020-04-18T21:27:33","modified_gmt":"2020-04-18T21:27:33","slug":"politica-de-privacidade","status":"publish","type":"page","link":"https:\/\/kidtokidonline.pt\/setubal\/politica-de-privacidade\/","title":{"rendered":"Politica de Privacidade"},"content":{"rendered":"\n<p>A nossa pol\u00edtica de\nprivacidade est\u00e1 ao abrigo do Novo Regulamento Geral de Prote\u00e7\u00e3o de Dados. <\/p>\n\n\n\n<p>Todos os dados fornecidos\nservem para que se possa prestar um servi\u00e7o melhor e mais personalizado, desde\nrecomenda\u00e7\u00f5es perfeitas para toda a fam\u00edlia at\u00e9 ofertas exclusivas.<\/p>\n\n\n\n<p>O processamento destes dados\n\u00e9 efetuado ao abrigo da lei e com total confian\u00e7a e seguran\u00e7a. <\/p>\n\n\n\n<p>Para aceder a todas as\ninforma\u00e7\u00f5es sobre a forma como processamos os seus dados pessoais e ficar a\nconhecer todos os seus direitos consulte a nossa nova Pol\u00edtica de Privacidade.<\/p>\n\n\n\n<p>O NOSSO\nCOMPROMISSO<\/p>\n\n\n\n<p>A prote\u00e7\u00e3o\ndos seus dados pessoais \u00e9 uma prioridade para n\u00f3s, motivo pelo qual, assumimos\no compromisso de apenas tratar os seus dados pessoais que sejam estritamente\nnecess\u00e1rios para lhe prestarmos o melhor servi\u00e7o, garantindo transpar\u00eancia na\ninforma\u00e7\u00e3o, e aplica\u00e7\u00e3o das melhores pr\u00e1ticas, no dom\u00ednio da seguran\u00e7a e da\nprote\u00e7\u00e3o dos dados pessoais.<\/p>\n\n\n\n<p>Sempre que\nos seus dados pessoais sejam tratados por entidades contratadas,\nexigir-lhe-emos que apresentem o mesmo n\u00edvel de seguran\u00e7a e garantia de\nprivacidade, em mat\u00e9ria de prote\u00e7\u00e3o de dados pessoais Queremos merecer a sua\nconfian\u00e7a e que sinta que os seus dados pessoais est\u00e3o seguros connosco, pois\nestaremos sempre comprometidos em proteger a sua privacidade, assumindo, com\ngrande seriedade e empenho, as nossas responsabilidades no que respeita \u00e0\nprote\u00e7\u00e3o dos seus dados pessoais Em caso de d\u00favida sobre o tratamento dos seus\ndados pessoais, estaremos dispon\u00edveis para o esclarecer.<\/p>\n\n\n\n<p>QUEM \u00c9 O RESPONS\u00c1VEL PELO TRATAMENTO\nDOS SEUS DADOS PESSOAIS?<\/p>\n\n\n\n<p>O Respons\u00e1vel pelo Tratamento dos seus Dados Pessoais \u00e9 a AMS`tyle, Lda, com sede na Rua Comandante Filipe Trajano Vieira Rocha lote 247, 4\u00ba dt, 6000-414 Castelo Branco\u00a0, NIPC 513783148.Caso necessite de entrar em contacto connosco, poder\u00e1 faz\u00ea-lo atrav\u00e9s do seguinte e-mail: <a href=\"setubal@kidtokid.pt\">setubal@kidtokid.pt<\/a><\/p>\n\n\n\n<p>COMO PODER\u00c1 CONTACTAR O\nENCARREGADO DE PROTE\u00c7\u00c3O DOS SEUS DADOS PESSOAIS?<\/p>\n\n\n\n<p>O encarregado de prote\u00e7\u00e3o dos seus dados pessoais poder\u00e1 ser contactado atrav\u00e9s do seguinte e-mail: <a href=\"cascais@kidtokid.pt\"><\/a><a href=\"setubal@kidtokid.pt\">setubal@kidtokid.pt<\/a><\/p>\n\n\n\n<p>QUE DADOS PESSOAIS UTILIZAMOS E PARA QUE \u00c9 QUE OS\nUTILIZAMOS?<\/p>\n\n\n\n<p>Assumimos o compromisso de apenas tratar os dados\npessoais estritamente necess\u00e1rios para lhe prestarmos os nossos servi\u00e7os com o\nm\u00e1ximo de qualidade:<\/p>\n\n\n\n<p>&#8211; CONTA ONLINE<\/p>\n\n\n\n<p>Se criar uma conta online em www.kidtokidonline.pt\/setubal, trataremos os seus dados pessoais de identifica\u00e7\u00e3o (nome) e de contacto (e-mail, morada e n\u00famero de telem\u00f3vel). O tratamento destes dados pessoais \u00e9 necess\u00e1rio para que possa usufruir das funcionalidades da sua conta online, nomeadamente, para efetuar compras \u00e0 dist\u00e2ncia e aceder ao seu hist\u00f3rico de compras.<\/p>\n\n\n\n<p>&#8211; MARKETING DIRETO<\/p>\n\n\n\n<p>Necessitamos, igualmente, dos seus dados de identifica\u00e7\u00e3o (nome) e de contacto (e-mail e n\u00famero de telem\u00f3vel) para lhe podermos enviar comunica\u00e7\u00f5es informativas sobre novidades, campanhas e ofertas, descontos ou benef\u00edcios, gen\u00e9ricos ou direcionados, atrav\u00e9s de SMS e\/ou e-mail. A todo e qualquer momento, poder\u00e1 retirar a indica\u00e7\u00e3o para receber este tipo de comunica\u00e7\u00f5es, enviando um email para <a href=\"mailto:cascais@kidtokid.pt\"><a href=\"https:\/\/kidtokidonline.pt\/setubal\/wp-admin\/setubal@kidtokid.pt\">set<\/a><\/a><a href=\"mailto:setubal@kidtokid.pt\">u<\/a><a href=\"mailto:cascais@kidtokid.pt\"><a href=\"https:\/\/kidtokidonline.pt\/setubal\/wp-admin\/setubal@kidtokid.pt\">bal@kidtokid.pt<\/a><\/a> a solicitar a revoga\u00e7\u00e3o.<\/p>\n\n\n\n<p>Apenas conservaremos os seus dados pessoais enquanto\nmantiver o seu consentimento para receber estas comunica\u00e7\u00f5es. Caso revogue o\nseu consentimento para o presente tratamento, eliminaremos os seus dados\npessoais.<\/p>\n\n\n\n<p>SERVI\u00c7O P\u00d3S-VENDA Em caso de repara\u00e7\u00e3o de algum artigo comprado nas nossas\nlojas, ser-lhe-\u00e3o pedidos os seus dados de identifica\u00e7\u00e3o (nome e n\u00famero de\nidentifica\u00e7\u00e3o fiscal) e de contacto (n\u00famero de telem\u00f3vel, morada e e-mail) para\no podermos informar assim que o seu artigo estiver dispon\u00edvel para\nlevantamento, ou para procedermos \u00e0 sua entrega no seu domic\u00edlio, se assim\ndesejar. <\/p>\n\n\n\n<p>TROCAS | DEVOLU\u00c7\u00d5ES Para efetuarmos trocas de artigos, iremos solicitar-lhe\nos seus dados de identifica\u00e7\u00e3o (nome) e de contacto (n\u00famero de telem\u00f3vel,\nmorada e e-mail). Estes dados e o seu n\u00famero de identifica\u00e7\u00e3o banc\u00e1ria ser\u00e3o\nigualmente solicitados em caso de devolu\u00e7\u00f5es de artigos. <\/p>\n\n\n\n<p>CUSTOMER CARE Para lhe podermos prestar a melhor assist\u00eancia e apoio,\nnecessitamos que nos forne\u00e7a os seus dados pessoais de identifica\u00e7\u00e3o (nome) e\nde contacto (e-mail e n\u00famero de telem\u00f3vel). Desta forma poderemos\nidentific\u00e1-lo, analisar o seu pedido e responder-lhe em tempo oportuno. <\/p>\n\n\n\n<p>SUGEST\u00d5ES E RECLAMA\u00c7\u00d5ES Poder\u00e1, a todo e qualquer momento, efetuar\nsugest\u00f5es ou reclama\u00e7\u00f5es, referentes aos nossos servi\u00e7os, indicando os seus\ndados de identifica\u00e7\u00e3o (nome) e de contacto (e-mail e n\u00famero de telem\u00f3vel).<\/p>\n\n\n\n<p>DURANTE QUANTO TEMPO\nCONSERVAMOS OS SEUS DADOS PESSOAIS<\/p>\n\n\n\n<p>Apenas conservamos os seus dados pessoais durante o per\u00edodo estritamente necess\u00e1rio para cumprir os objetivos acima identificados, dentro dos limites legais. Terminado o prazo de conserva\u00e7\u00e3o definido, comprometemo-nos a eliminar, destruir ou anonimizar os seus dados pessoais. \u00c0 exce\u00e7\u00e3o dos dados de transa\u00e7\u00e3o, que por imposi\u00e7\u00e3o legal teremos de conservar por um per\u00edodo de 10 anos, regra geral, apagaremos os seus dados pessoais assim que as suas quest\u00f5es e os seus pedidos tenham sido atendidos e devidamente resolvidos, os servi\u00e7os que nos solicite tenham sido prestados, ou os prazos de garantia dos artigos que compre ou repare tenham j\u00e1 decorrido. Em caso de d\u00favida ou para obter informa\u00e7\u00f5es adicionais relativamente aos per\u00edodos de conserva\u00e7\u00e3o dos seus dados pessoais, poder\u00e1 contactar-nos atrav\u00e9s do seguinte e-mail:\u00a0<a href=\"mailto:setubal@kidtokid.pt\"><a href=\"https:\/\/kidtokidonline.pt\/setubal\/wp-admin\/setubal@kidtokid.pt\">setubal@kidtokid.pt<\/a><\/a><\/p>\n\n\n\n<p>COM QUEM PODEMOS PARTILHAR OS\nSEUS DADOS PESSOAIS<\/p>\n\n\n\n<p>Em determinados casos, poderemos divulgar os seus dados pessoais, dentro do\nestritamente necess\u00e1rio, a entidades que nos prestem servi\u00e7os, no \u00e2mbito de\nentregas ao domic\u00edlio, repara\u00e7\u00f5es de artigos, servi\u00e7os de suporte e a\u00e7\u00f5es de\nmarketing. Caso os seus dados pessoais tenham que ser partilhados com entidades\nque n\u00e3o estejam localizadas no Espa\u00e7o Econ\u00f3mico Europeu, garantimos que as\nmesmas se encontram obrigadas a respeitar a legisla\u00e7\u00e3o europeia relativa \u00e0\nprote\u00e7\u00e3o de dados pessoais. Procederemos \u00e0 transmiss\u00e3o dos seus dados pessoais\n\u00e0 Autoridade Tribut\u00e1ria, por imposi\u00e7\u00e3o legal. N\u00e3o partilhamos, em caso algum,\nos seus dados pessoais com outras empresas ou marcas, para outros fins\ncomerciais.<\/p>\n\n\n\n<p>QUAIS S\u00c3O OS SEUS DIREITOS E\nCOMO PODER\u00c1 EXERC\u00ca-LOS?<\/p>\n\n\n\n<p>Por regra, o titular de dados pessoais tem os seguintes direitos, em mat\u00e9ria de prote\u00e7\u00e3o de dados: direito de acesso, direito de retifica\u00e7\u00e3o, direito de apagamento, direito de limita\u00e7\u00e3o, direito de portabilidade, direito de oposi\u00e7\u00e3o e direito de n\u00e3o ficar sujeito a decis\u00f5es automatizadas. Nos casos em que tenha prestado consentimento para determinado tratamento dos seus dados pessoais, poder\u00e1 retir\u00e1-lo a todo o tempo. Para exercer qualquer um destes direitos, dever\u00e1 faz\u00ea-lo atrav\u00e9s de solicita\u00e7\u00e3o para o seguinte e-mail:\u00a0<a href=\"mailto:setubal@kidtokid.pt\"><a href=\"https:\/\/kidtokidonline.pt\/setubal\/wp-admin\/setubal@kidtokid.pt\">setubal@kidtokid.pt<\/a><\/a>. Procederemos \u00e0 an\u00e1lise cuidada dos seus pedidos, avaliando a sua legitimidade e pertin\u00eancia, comprometendo-nos a dar resposta em tempo oportuno. Caso necessite, poder\u00e1, ainda, apresentar reclama\u00e7\u00e3o junto da\u00a0<strong>Comiss\u00e3o Nacional de Prote\u00e7\u00e3o de Dados (CNPD)<\/strong>.<\/p>\n\n\n\n<p><em>COOKIES<\/em><\/p>\n\n\n\n<p>Utilizamos, no nosso&nbsp;<em>Website<\/em>,&nbsp;<em>cookies<\/em>&nbsp;que\npermitem melhorar o desempenho e a sua experi\u00eancia de navega\u00e7\u00e3o, aumentando,\npor um lado, a rapidez e efici\u00eancia de resposta e, por outro, eliminando a\nnecessidade de introduzir repetidamente as mesmas informa\u00e7\u00f5es. A coloca\u00e7\u00e3o de\ncookies n\u00e3o s\u00f3 ajuda o nosso&nbsp;<em>Website<\/em>&nbsp;a reconhecer o seu\ndispositivo na pr\u00f3xima vez que nos visita, mas tamb\u00e9m ser\u00e1 imprescind\u00edvel para\no bom funcionamento do mesmo. Os&nbsp;<em>cookies<\/em>&nbsp;por n\u00f3s utilizados,\nno nosso&nbsp;<em>Website<\/em>, n\u00e3o recolhem informa\u00e7\u00f5es pessoais que permitam\nidentific\u00e1-lo(a), guardando apenas informa\u00e7\u00f5es gen\u00e9ricas, designadamente, a\nforma e\/ou local de acesso ao nosso&nbsp;<em>Website<\/em>, bem como o modo como o\nutiliza. Os&nbsp;<em>cookies<\/em>&nbsp;ret\u00eam apenas informa\u00e7\u00e3o relacionada com as\nsuas prefer\u00eancias, enquanto utilizador.<br>\n<br>\n<strong><em>Cookies<\/em>&nbsp;de sess\u00e3o<\/strong>: S\u00e3o cookies tempor\u00e1rias que permanecem em\narquivo de cookies do navegador at\u00e9 que este abandone a p\u00e1gina web, pelo que\nn\u00e3o fica qualquer registo no disco r\u00edgido do usu\u00e1rio. A informa\u00e7\u00e3o recolhida\npor estes cookies serve para analisar padr\u00f5es de tr\u00e1fego do site. Em \u00faltima\nan\u00e1lise, isso permite-nos melhorar o conte\u00fado e melhorar a usabilidade do site.<\/p>\n\n\n\n<p><strong><em>Cookies<\/em><\/strong><strong>&nbsp;de an\u00e1lise<\/strong>: S\u00e3o aqueles que, bem tratados por n\u00f3s ou por terceiros, nos permitem\nquantificar o n\u00famero de usu\u00e1rios e realizar a medi\u00e7\u00e3o e an\u00e1lise estat\u00edstica de\ncomo os usu\u00e1rios usam o servi\u00e7o oferecido. Examinamos a sua navega\u00e7\u00e3o no nosso\nsite, com o objetivo de melhorar o fornecimento de produtos ou servi\u00e7os que lhe\ndisponibilizamos.<\/p>\n\n\n\n<p><strong><em>Cookies<\/em><\/strong><strong>&nbsp;Publicit\u00e1rias<\/strong>: S\u00e3o aqueles, que bem tratados por n\u00f3s ou por\nterceiros, nos permitem gerir de uma forma mais eficaz a oferta de espa\u00e7os\npublicit\u00e1rios que existem no site, podendo analisar os seus h\u00e1bitos de\nnavega\u00e7\u00e3o e mostrar-lhe publicidade relacionada com o seu perfil de navega\u00e7\u00e3o.<\/p>\n\n\n\n<p>COMO PROTEGEMOS OS SEUS DADOS\nPESSOAIS<\/p>\n\n\n\n<p>Dispomos de uma diversidade de medidas de seguran\u00e7a da informa\u00e7\u00e3o,\nalinhadas com as melhores pr\u00e1ticas nacionais e internacionais, de modo a\nproteger os seus dados pessoais, incluindo controlos tecnol\u00f3gicos, medidas\nadministrativas, t\u00e9cnicas, f\u00edsicas e procedimentos que garantem a prote\u00e7\u00e3o dos\nseus dados pessoais, impedindo a sua utiliza\u00e7\u00e3o indevida, o acesso e divulga\u00e7\u00e3o\nn\u00e3o autorizada, a sua perda, a sua altera\u00e7\u00e3o indevida ou inadvertida, ou a sua\ndestrui\u00e7\u00e3o n\u00e3o autorizada. Assumimos, em mat\u00e9ria de seguran\u00e7a da informa\u00e7\u00e3o, o\nmesmo compromisso de melhoria cont\u00ednua pelo qual nos pautamos na nossa\natividade di\u00e1ria. Entre outras, destacamos as seguintes medidas:<\/p>\n\n\n\n<ol><li>Acesso restrito aos seus dados pessoais;<\/li><li>Armazenamento e transmiss\u00e3o dos seus dados pessoais de forma segura;<\/li><li>Prote\u00e7\u00e3o dos sistemas de informa\u00e7\u00e3o atrav\u00e9s de dispositivos que impedem o\nacesso n\u00e3o autorizado aos seus dados pessoais;<\/li><li>Implementa\u00e7\u00e3o de mecanismos que garantem a salvaguarda da integridade e da\nqualidade dos seus dados pessoais;<\/li><li>Monitoriza\u00e7\u00e3o permanente dos sistemas de informa\u00e7\u00e3o, com o objetivo de\nprevenir, detetar e impedir o uso indevido dos seus dados pessoais<\/li><li>Redund\u00e2ncia de equipamentos de armazenamento, processamento e comunica\u00e7\u00e3o\nde dados pessoais, para evitar perda de disponibilidade.<\/li><\/ol>\n\n\n\n<p>ATUALIZA\u00c7\u00d5ES A ESTA POL\u00cdTICA\nDE PRIVACIDADE<\/p>\n\n\n\n<p>A presente Pol\u00edtica de Privacidade pode ser revista e atualizada, sendo sempre garantida a disponibiliza\u00e7\u00e3o da devida informa\u00e7\u00e3o, em <a href=\"http:\/\/www.kidtokidonline.pt\/cascais\">www.kidtokidonline.pt\/setubal<\/a><\/p>\n","protected":false},"excerpt":{"rendered":"<p>A nossa pol\u00edtica de privacidade est\u00e1 ao abrigo do Novo Regulamento Geral de Prote\u00e7\u00e3o de Dados. Todos os dados fornecidos servem para que se possa prestar um servi\u00e7o melhor e mais personalizado, desde recomenda\u00e7\u00f5es perfeitas para toda a fam\u00edlia at\u00e9 ofertas exclusivas. O processamento destes dados \u00e9 efetuado ao abrigo da lei e com total &hellip;<\/p>\n<p class=\"read-more\"> <a class=\"\" href=\"https:\/\/kidtokidonline.pt\/setubal\/politica-de-privacidade\/\"> <span class=\"screen-reader-text\">Politica de Privacidade<\/span> Read More &raquo;<\/a><\/p>\n","protected":false},"author":1,"featured_media":0,"parent":0,"menu_order":0,"comment_status":"closed","ping_status":"closed","template":"","meta":[],"_links":{"self":[{"href":"https:\/\/kidtokidonline.pt\/setubal\/wp-json\/wp\/v2\/pages\/3"}],"collection":[{"href":"https:\/\/kidtokidonline.pt\/setubal\/wp-json\/wp\/v2\/pages"}],"about":[{"href":"https:\/\/kidtokidonline.pt\/setubal\/wp-json\/wp\/v2\/types\/page"}],"author":[{"embeddable":true,"href":"https:\/\/kidtokidonline.pt\/setubal\/wp-json\/wp\/v2\/users\/1"}],"replies":[{"embeddable":true,"href":"https:\/\/kidtokidonline.pt\/setubal\/wp-json\/wp\/v2\/comments?post=3"}],"version-history":[{"count":5,"href":"https:\/\/kidtokidonline.pt\/setubal\/wp-json\/wp\/v2\/pages\/3\/revisions"}],"predecessor-version":[{"id":50355,"href":"https:\/\/kidtokidonline.pt\/setubal\/wp-json\/wp\/v2\/pages\/3\/revisions\/50355"}],"wp:attachment":[{"href":"https:\/\/kidtokidonline.pt\/setubal\/wp-json\/wp\/v2\/media?parent=3"}],"curies":[{"name":"wp","href":"https:\/\/api.w.org\/{rel}","templated":true}]}}