{"id":86521,"date":"2023-03-26T20:30:17","date_gmt":"2023-03-26T20:30:17","guid":{"rendered":"https:\/\/kidtokidonline.pt\/matosinhos\/produto\/calcoes-dr-kid-2-anos\/"},"modified":"2024-11-08T09:58:54","modified_gmt":"2024-11-08T09:58:54","slug":"calcoes-dr-kid-2-anos","status":"publish","type":"product","link":"https:\/\/kidtokidonline.pt\/matosinhos\/produto\/calcoes-dr-kid-2-anos\/","title":{"rendered":"Cal\u00e7\u00f5es DR KID (2 Anos)"},"content":{"rendered":"","protected":false},"excerpt":{"rendered":"<p>Por Estrear Cintura Ajust\u00e1vel <\/p>\n","protected":false},"featured_media":86520,"template":"","meta":[],"product_cat":[485],"product_tag":[169],"class_list":{"0":"post-86521","1":"product","2":"type-product","3":"status-publish","4":"has-post-thumbnail","6":"product_cat-calcas-e-calcoes-2-3-anos","7":"product_tag-calcoes","8":"pa_tamanho-2anos","10":"first","11":"instock","12":"sale","13":"shipping-taxable","14":"purchasable","15":"product-type-simple"},"_links":{"self":[{"href":"https:\/\/kidtokidonline.pt\/matosinhos\/wp-json\/wp\/v2\/product\/86521","targetHints":{"allow":["GET"]}}],"collection":[{"href":"https:\/\/kidtokidonline.pt\/matosinhos\/wp-json\/wp\/v2\/product"}],"about":[{"href":"https:\/\/kidtokidonline.pt\/matosinhos\/wp-json\/wp\/v2\/types\/product"}],"wp:featuredmedia":[{"embeddable":true,"href":"https:\/\/kidtokidonline.pt\/matosinhos\/wp-json\/wp\/v2\/media\/86520"}],"wp:attachment":[{"href":"https:\/\/kidtokidonline.pt\/matosinhos\/wp-json\/wp\/v2\/media?parent=86521"}],"wp:term":[{"taxonomy":"product_cat","embeddable":true,"href":"https:\/\/kidtokidonline.pt\/matosinhos\/wp-json\/wp\/v2\/product_cat?post=86521"},{"taxonomy":"product_tag","embeddable":true,"href":"https:\/\/kidtokidonline.pt\/matosinhos\/wp-json\/wp\/v2\/product_tag?post=86521"}],"curies":[{"name":"wp","href":"https:\/\/api.w.org\/{rel}","templated":true}]}}