{"id":84412,"date":"2023-01-24T21:14:44","date_gmt":"2023-01-24T21:14:44","guid":{"rendered":"https:\/\/kidtokidonline.pt\/matosinhos\/produto\/calcoes-maria-gorda-9-meses\/"},"modified":"2024-11-08T09:58:12","modified_gmt":"2024-11-08T09:58:12","slug":"calcoes-maria-gorda-9-meses","status":"publish","type":"product","link":"https:\/\/kidtokidonline.pt\/matosinhos\/produto\/calcoes-maria-gorda-9-meses\/","title":{"rendered":"Cal\u00e7\u00f5es MARIA GORDA (9 Meses)"},"content":{"rendered":"","protected":false},"excerpt":{"rendered":"<p>Cintura Ajust\u00e1vel<\/p>\n","protected":false},"featured_media":84411,"template":"","meta":[],"product_cat":[473],"product_tag":[169],"class_list":{"0":"post-84412","1":"product","2":"type-product","3":"status-publish","4":"has-post-thumbnail","6":"product_cat-calcas-e-calcoes-6-12-meses","7":"product_tag-calcoes","8":"pa_tamanho-9-meses","10":"first","11":"instock","12":"sale","13":"shipping-taxable","14":"purchasable","15":"product-type-simple"},"_links":{"self":[{"href":"https:\/\/kidtokidonline.pt\/matosinhos\/wp-json\/wp\/v2\/product\/84412","targetHints":{"allow":["GET"]}}],"collection":[{"href":"https:\/\/kidtokidonline.pt\/matosinhos\/wp-json\/wp\/v2\/product"}],"about":[{"href":"https:\/\/kidtokidonline.pt\/matosinhos\/wp-json\/wp\/v2\/types\/product"}],"wp:featuredmedia":[{"embeddable":true,"href":"https:\/\/kidtokidonline.pt\/matosinhos\/wp-json\/wp\/v2\/media\/84411"}],"wp:attachment":[{"href":"https:\/\/kidtokidonline.pt\/matosinhos\/wp-json\/wp\/v2\/media?parent=84412"}],"wp:term":[{"taxonomy":"product_cat","embeddable":true,"href":"https:\/\/kidtokidonline.pt\/matosinhos\/wp-json\/wp\/v2\/product_cat?post=84412"},{"taxonomy":"product_tag","embeddable":true,"href":"https:\/\/kidtokidonline.pt\/matosinhos\/wp-json\/wp\/v2\/product_tag?post=84412"}],"curies":[{"name":"wp","href":"https:\/\/api.w.org\/{rel}","templated":true}]}}