{"id":83902,"date":"2023-01-04T22:17:47","date_gmt":"2023-01-04T22:17:47","guid":{"rendered":"https:\/\/kidtokidonline.pt\/matosinhos\/produto\/calcoes-zippy-13-14-anos-2\/"},"modified":"2024-11-08T09:58:02","modified_gmt":"2024-11-08T09:58:02","slug":"calcoes-zippy-13-14-anos-2","status":"publish","type":"product","link":"https:\/\/kidtokidonline.pt\/matosinhos\/produto\/calcoes-zippy-13-14-anos-2\/","title":{"rendered":"Cal\u00e7\u00f5es ZIPPY (13-14 Anos)"},"content":{"rendered":"","protected":false},"excerpt":{"rendered":"<p>Por Estrear Cintura Ajust\u00e1vel <\/p>\n","protected":false},"featured_media":83901,"template":"","meta":[],"product_cat":[572],"product_tag":[169],"class_list":{"0":"post-83902","1":"product","2":"type-product","3":"status-publish","4":"has-post-thumbnail","6":"product_cat-calcas-calcoes-e-saias-12-14-anos","7":"product_tag-calcoes","8":"pa_tamanho-13-14-anos","10":"first","11":"instock","12":"sale","13":"shipping-taxable","14":"purchasable","15":"product-type-simple"},"_links":{"self":[{"href":"https:\/\/kidtokidonline.pt\/matosinhos\/wp-json\/wp\/v2\/product\/83902","targetHints":{"allow":["GET"]}}],"collection":[{"href":"https:\/\/kidtokidonline.pt\/matosinhos\/wp-json\/wp\/v2\/product"}],"about":[{"href":"https:\/\/kidtokidonline.pt\/matosinhos\/wp-json\/wp\/v2\/types\/product"}],"wp:featuredmedia":[{"embeddable":true,"href":"https:\/\/kidtokidonline.pt\/matosinhos\/wp-json\/wp\/v2\/media\/83901"}],"wp:attachment":[{"href":"https:\/\/kidtokidonline.pt\/matosinhos\/wp-json\/wp\/v2\/media?parent=83902"}],"wp:term":[{"taxonomy":"product_cat","embeddable":true,"href":"https:\/\/kidtokidonline.pt\/matosinhos\/wp-json\/wp\/v2\/product_cat?post=83902"},{"taxonomy":"product_tag","embeddable":true,"href":"https:\/\/kidtokidonline.pt\/matosinhos\/wp-json\/wp\/v2\/product_tag?post=83902"}],"curies":[{"name":"wp","href":"https:\/\/api.w.org\/{rel}","templated":true}]}}