{"id":81397,"date":"2022-06-05T09:58:07","date_gmt":"2022-06-05T09:58:07","guid":{"rendered":"https:\/\/kidtokidonline.pt\/matosinhos\/produto\/jardineiras-calcao-mama-da-licenca-3-meses\/"},"modified":"2024-11-08T09:57:13","modified_gmt":"2024-11-08T09:57:13","slug":"jardineiras-calcao-mama-da-licenca-3-meses","status":"publish","type":"product","link":"https:\/\/kidtokidonline.pt\/matosinhos\/produto\/jardineiras-calcao-mama-da-licenca-3-meses\/","title":{"rendered":"Jardineiras Cal\u00e7\u00e3o MAM\u00c3 D\u00c1 LICEN\u00c7A (3 Meses)"},"content":{"rendered":"","protected":false},"excerpt":{"rendered":"<p>Por Estrear <\/p>\n","protected":false},"featured_media":81396,"template":"","meta":[],"product_cat":[523],"product_tag":[806],"class_list":{"0":"post-81397","1":"product","2":"type-product","3":"status-publish","4":"has-post-thumbnail","6":"product_cat-calcas-calcoes-e-saias-0-6-meses","7":"product_tag-jardineiras-calcao","8":"pa_tamanho-3-meses","10":"first","11":"instock","12":"sale","13":"shipping-taxable","14":"purchasable","15":"product-type-simple"},"_links":{"self":[{"href":"https:\/\/kidtokidonline.pt\/matosinhos\/wp-json\/wp\/v2\/product\/81397","targetHints":{"allow":["GET"]}}],"collection":[{"href":"https:\/\/kidtokidonline.pt\/matosinhos\/wp-json\/wp\/v2\/product"}],"about":[{"href":"https:\/\/kidtokidonline.pt\/matosinhos\/wp-json\/wp\/v2\/types\/product"}],"wp:featuredmedia":[{"embeddable":true,"href":"https:\/\/kidtokidonline.pt\/matosinhos\/wp-json\/wp\/v2\/media\/81396"}],"wp:attachment":[{"href":"https:\/\/kidtokidonline.pt\/matosinhos\/wp-json\/wp\/v2\/media?parent=81397"}],"wp:term":[{"taxonomy":"product_cat","embeddable":true,"href":"https:\/\/kidtokidonline.pt\/matosinhos\/wp-json\/wp\/v2\/product_cat?post=81397"},{"taxonomy":"product_tag","embeddable":true,"href":"https:\/\/kidtokidonline.pt\/matosinhos\/wp-json\/wp\/v2\/product_tag?post=81397"}],"curies":[{"name":"wp","href":"https:\/\/api.w.org\/{rel}","templated":true}]}}