{"id":81365,"date":"2022-06-05T09:57:22","date_gmt":"2022-06-05T09:57:22","guid":{"rendered":"https:\/\/kidtokidonline.pt\/matosinhos\/produto\/golinha-mama-da-licenca-12-meses-2\/"},"modified":"2024-11-08T09:57:12","modified_gmt":"2024-11-08T09:57:12","slug":"golinha-mama-da-licenca-12-meses-2","status":"publish","type":"product","link":"https:\/\/kidtokidonline.pt\/matosinhos\/produto\/golinha-mama-da-licenca-12-meses-2\/","title":{"rendered":"Golinha MAM\u00c3 D\u00c1 LICEN\u00c7A (12 Meses)"},"content":{"rendered":"","protected":false},"excerpt":{"rendered":"<p>Por Estrear <\/p>\n","protected":false},"featured_media":81364,"template":"","meta":[],"product_cat":[541],"product_tag":[259],"class_list":{"0":"post-81365","1":"product","2":"type-product","3":"status-publish","4":"has-post-thumbnail","6":"product_cat-t-shirts-camisas-camisolas-e-casacos-menina-12-18-meses","7":"product_tag-golinha","8":"pa_tamanho-12m","10":"first","11":"instock","12":"sale","13":"shipping-taxable","14":"purchasable","15":"product-type-simple"},"_links":{"self":[{"href":"https:\/\/kidtokidonline.pt\/matosinhos\/wp-json\/wp\/v2\/product\/81365","targetHints":{"allow":["GET"]}}],"collection":[{"href":"https:\/\/kidtokidonline.pt\/matosinhos\/wp-json\/wp\/v2\/product"}],"about":[{"href":"https:\/\/kidtokidonline.pt\/matosinhos\/wp-json\/wp\/v2\/types\/product"}],"wp:featuredmedia":[{"embeddable":true,"href":"https:\/\/kidtokidonline.pt\/matosinhos\/wp-json\/wp\/v2\/media\/81364"}],"wp:attachment":[{"href":"https:\/\/kidtokidonline.pt\/matosinhos\/wp-json\/wp\/v2\/media?parent=81365"}],"wp:term":[{"taxonomy":"product_cat","embeddable":true,"href":"https:\/\/kidtokidonline.pt\/matosinhos\/wp-json\/wp\/v2\/product_cat?post=81365"},{"taxonomy":"product_tag","embeddable":true,"href":"https:\/\/kidtokidonline.pt\/matosinhos\/wp-json\/wp\/v2\/product_tag?post=81365"}],"curies":[{"name":"wp","href":"https:\/\/api.w.org\/{rel}","templated":true}]}}