{"id":80572,"date":"2022-03-29T21:15:35","date_gmt":"2022-03-29T21:15:35","guid":{"rendered":"https:\/\/kidtokidonline.pt\/matosinhos\/produto\/calcoes-newness-4-anos\/"},"modified":"2024-11-08T09:57:00","modified_gmt":"2024-11-08T09:57:00","slug":"calcoes-newness-4-anos","status":"publish","type":"product","link":"https:\/\/kidtokidonline.pt\/matosinhos\/produto\/calcoes-newness-4-anos\/","title":{"rendered":"Cal\u00e7\u00f5es NEWNESS (4 Anos)"},"content":{"rendered":"","protected":false},"excerpt":{"rendered":"<p>Por Estrear Cintura Ajust\u00e1vel<\/p>\n","protected":false},"featured_media":80571,"template":"","meta":[],"product_cat":[491],"product_tag":[169],"class_list":{"0":"post-80572","1":"product","2":"type-product","3":"status-publish","4":"has-post-thumbnail","6":"product_cat-calcas-e-calcoes-4-5-anos","7":"product_tag-calcoes","8":"pa_tamanho-4anos","10":"first","11":"instock","12":"sale","13":"shipping-taxable","14":"purchasable","15":"product-type-simple"},"_links":{"self":[{"href":"https:\/\/kidtokidonline.pt\/matosinhos\/wp-json\/wp\/v2\/product\/80572","targetHints":{"allow":["GET"]}}],"collection":[{"href":"https:\/\/kidtokidonline.pt\/matosinhos\/wp-json\/wp\/v2\/product"}],"about":[{"href":"https:\/\/kidtokidonline.pt\/matosinhos\/wp-json\/wp\/v2\/types\/product"}],"wp:featuredmedia":[{"embeddable":true,"href":"https:\/\/kidtokidonline.pt\/matosinhos\/wp-json\/wp\/v2\/media\/80571"}],"wp:attachment":[{"href":"https:\/\/kidtokidonline.pt\/matosinhos\/wp-json\/wp\/v2\/media?parent=80572"}],"wp:term":[{"taxonomy":"product_cat","embeddable":true,"href":"https:\/\/kidtokidonline.pt\/matosinhos\/wp-json\/wp\/v2\/product_cat?post=80572"},{"taxonomy":"product_tag","embeddable":true,"href":"https:\/\/kidtokidonline.pt\/matosinhos\/wp-json\/wp\/v2\/product_tag?post=80572"}],"curies":[{"name":"wp","href":"https:\/\/api.w.org\/{rel}","templated":true}]}}