{"id":80398,"date":"2022-03-18T12:33:41","date_gmt":"2022-03-18T12:33:41","guid":{"rendered":"https:\/\/kidtokidonline.pt\/matosinhos\/produto\/calcao-de-algodao-zippy-12-meses\/"},"modified":"2024-11-08T09:56:56","modified_gmt":"2024-11-08T09:56:56","slug":"calcao-de-algodao-zippy-12-meses","status":"publish","type":"product","link":"https:\/\/kidtokidonline.pt\/matosinhos\/produto\/calcao-de-algodao-zippy-12-meses\/","title":{"rendered":"Cal\u00e7\u00e3o de Algod\u00e3o ZIPPY (12 Meses)"},"content":{"rendered":"","protected":false},"excerpt":{"rendered":"","protected":false},"featured_media":80397,"template":"","meta":[],"product_cat":[479],"product_tag":[384],"class_list":{"0":"post-80398","1":"product","2":"type-product","3":"status-publish","4":"has-post-thumbnail","6":"product_cat-calcas-e-calcoes-12-18-meses","7":"product_tag-calcao-de-algodao","8":"pa_tamanho-12m","10":"first","11":"instock","12":"sale","13":"shipping-taxable","14":"purchasable","15":"product-type-simple"},"_links":{"self":[{"href":"https:\/\/kidtokidonline.pt\/matosinhos\/wp-json\/wp\/v2\/product\/80398","targetHints":{"allow":["GET"]}}],"collection":[{"href":"https:\/\/kidtokidonline.pt\/matosinhos\/wp-json\/wp\/v2\/product"}],"about":[{"href":"https:\/\/kidtokidonline.pt\/matosinhos\/wp-json\/wp\/v2\/types\/product"}],"wp:featuredmedia":[{"embeddable":true,"href":"https:\/\/kidtokidonline.pt\/matosinhos\/wp-json\/wp\/v2\/media\/80397"}],"wp:attachment":[{"href":"https:\/\/kidtokidonline.pt\/matosinhos\/wp-json\/wp\/v2\/media?parent=80398"}],"wp:term":[{"taxonomy":"product_cat","embeddable":true,"href":"https:\/\/kidtokidonline.pt\/matosinhos\/wp-json\/wp\/v2\/product_cat?post=80398"},{"taxonomy":"product_tag","embeddable":true,"href":"https:\/\/kidtokidonline.pt\/matosinhos\/wp-json\/wp\/v2\/product_tag?post=80398"}],"curies":[{"name":"wp","href":"https:\/\/api.w.org\/{rel}","templated":true}]}}