{"id":79212,"date":"2021-12-11T12:28:05","date_gmt":"2021-12-11T12:28:05","guid":{"rendered":"https:\/\/kidtokidonline.pt\/matosinhos\/produto\/calcoes-maria-bebe-6-9-meses\/"},"modified":"2023-05-06T08:05:43","modified_gmt":"2023-05-06T08:05:43","slug":"calcoes-maria-bebe-6-9-meses","status":"publish","type":"product","link":"https:\/\/kidtokidonline.pt\/matosinhos\/produto\/calcoes-maria-bebe-6-9-meses\/","title":{"rendered":"Cal\u00e7\u00f5es MARIA BEB\u00e9 (6-9 Meses)"},"content":{"rendered":"","protected":false},"excerpt":{"rendered":"","protected":false},"featured_media":79211,"template":"","meta":[],"product_cat":[530],"product_tag":[169],"class_list":{"0":"post-79212","1":"product","2":"type-product","3":"status-publish","4":"has-post-thumbnail","6":"product_cat-calcas-calcoes-e-saias-6-12-meses","7":"product_tag-calcoes","8":"pa_tamanho-6-9m","10":"first","11":"instock","12":"sale","13":"shipping-taxable","14":"purchasable","15":"product-type-simple"},"_links":{"self":[{"href":"https:\/\/kidtokidonline.pt\/matosinhos\/wp-json\/wp\/v2\/product\/79212","targetHints":{"allow":["GET"]}}],"collection":[{"href":"https:\/\/kidtokidonline.pt\/matosinhos\/wp-json\/wp\/v2\/product"}],"about":[{"href":"https:\/\/kidtokidonline.pt\/matosinhos\/wp-json\/wp\/v2\/types\/product"}],"wp:featuredmedia":[{"embeddable":true,"href":"https:\/\/kidtokidonline.pt\/matosinhos\/wp-json\/wp\/v2\/media\/79211"}],"wp:attachment":[{"href":"https:\/\/kidtokidonline.pt\/matosinhos\/wp-json\/wp\/v2\/media?parent=79212"}],"wp:term":[{"taxonomy":"product_cat","embeddable":true,"href":"https:\/\/kidtokidonline.pt\/matosinhos\/wp-json\/wp\/v2\/product_cat?post=79212"},{"taxonomy":"product_tag","embeddable":true,"href":"https:\/\/kidtokidonline.pt\/matosinhos\/wp-json\/wp\/v2\/product_tag?post=79212"}],"curies":[{"name":"wp","href":"https:\/\/api.w.org\/{rel}","templated":true}]}}