{"id":79192,"date":"2021-12-11T12:27:45","date_gmt":"2021-12-11T12:27:45","guid":{"rendered":"https:\/\/kidtokidonline.pt\/matosinhos\/produto\/calcoes-gente-miuda-3-anos\/"},"modified":"2023-05-06T08:05:41","modified_gmt":"2023-05-06T08:05:41","slug":"calcoes-gente-miuda-3-anos","status":"publish","type":"product","link":"https:\/\/kidtokidonline.pt\/matosinhos\/produto\/calcoes-gente-miuda-3-anos\/","title":{"rendered":"Cal\u00e7\u00f5es GENTE MIUDA (3 Anos)"},"content":{"rendered":"","protected":false},"excerpt":{"rendered":"<p>Cintura Ajust\u00e1vel<\/p>\n","protected":false},"featured_media":79191,"template":"","meta":[],"product_cat":[544],"product_tag":[169],"class_list":{"0":"post-79192","1":"product","2":"type-product","3":"status-publish","4":"has-post-thumbnail","6":"product_cat-calcas-calcoes-e-saias-2-3-anos","7":"product_tag-calcoes","8":"pa_tamanho-3-anos","10":"first","11":"instock","12":"sale","13":"shipping-taxable","14":"purchasable","15":"product-type-simple"},"_links":{"self":[{"href":"https:\/\/kidtokidonline.pt\/matosinhos\/wp-json\/wp\/v2\/product\/79192","targetHints":{"allow":["GET"]}}],"collection":[{"href":"https:\/\/kidtokidonline.pt\/matosinhos\/wp-json\/wp\/v2\/product"}],"about":[{"href":"https:\/\/kidtokidonline.pt\/matosinhos\/wp-json\/wp\/v2\/types\/product"}],"wp:featuredmedia":[{"embeddable":true,"href":"https:\/\/kidtokidonline.pt\/matosinhos\/wp-json\/wp\/v2\/media\/79191"}],"wp:attachment":[{"href":"https:\/\/kidtokidonline.pt\/matosinhos\/wp-json\/wp\/v2\/media?parent=79192"}],"wp:term":[{"taxonomy":"product_cat","embeddable":true,"href":"https:\/\/kidtokidonline.pt\/matosinhos\/wp-json\/wp\/v2\/product_cat?post=79192"},{"taxonomy":"product_tag","embeddable":true,"href":"https:\/\/kidtokidonline.pt\/matosinhos\/wp-json\/wp\/v2\/product_tag?post=79192"}],"curies":[{"name":"wp","href":"https:\/\/api.w.org\/{rel}","templated":true}]}}