{"id":78764,"date":"2021-12-04T14:17:35","date_gmt":"2021-12-04T14:17:35","guid":{"rendered":"https:\/\/kidtokidonline.pt\/matosinhos\/produto\/calcoes-zippy-2-anos-4\/"},"modified":"2023-05-06T08:05:17","modified_gmt":"2023-05-06T08:05:17","slug":"calcoes-zippy-2-anos-4","status":"publish","type":"product","link":"https:\/\/kidtokidonline.pt\/matosinhos\/produto\/calcoes-zippy-2-anos-4\/","title":{"rendered":"Cal\u00e7\u00f5es ZIPPY (2 Anos)"},"content":{"rendered":"","protected":false},"excerpt":{"rendered":"<p>Cintura Ajust\u00e1vel<\/p>\n","protected":false},"featured_media":78763,"template":"","meta":[],"product_cat":[544],"product_tag":[169],"class_list":{"0":"post-78764","1":"product","2":"type-product","3":"status-publish","4":"has-post-thumbnail","6":"product_cat-calcas-calcoes-e-saias-2-3-anos","7":"product_tag-calcoes","8":"pa_tamanho-2anos","10":"first","11":"instock","12":"sale","13":"shipping-taxable","14":"purchasable","15":"product-type-simple"},"_links":{"self":[{"href":"https:\/\/kidtokidonline.pt\/matosinhos\/wp-json\/wp\/v2\/product\/78764","targetHints":{"allow":["GET"]}}],"collection":[{"href":"https:\/\/kidtokidonline.pt\/matosinhos\/wp-json\/wp\/v2\/product"}],"about":[{"href":"https:\/\/kidtokidonline.pt\/matosinhos\/wp-json\/wp\/v2\/types\/product"}],"wp:featuredmedia":[{"embeddable":true,"href":"https:\/\/kidtokidonline.pt\/matosinhos\/wp-json\/wp\/v2\/media\/78763"}],"wp:attachment":[{"href":"https:\/\/kidtokidonline.pt\/matosinhos\/wp-json\/wp\/v2\/media?parent=78764"}],"wp:term":[{"taxonomy":"product_cat","embeddable":true,"href":"https:\/\/kidtokidonline.pt\/matosinhos\/wp-json\/wp\/v2\/product_cat?post=78764"},{"taxonomy":"product_tag","embeddable":true,"href":"https:\/\/kidtokidonline.pt\/matosinhos\/wp-json\/wp\/v2\/product_tag?post=78764"}],"curies":[{"name":"wp","href":"https:\/\/api.w.org\/{rel}","templated":true}]}}