{"id":76038,"date":"2021-08-12T22:08:49","date_gmt":"2021-08-12T21:08:49","guid":{"rendered":"https:\/\/kidtokidonline.pt\/matosinhos\/produto\/calcoes-lanidor-12-anos-2\/"},"modified":"2023-05-06T08:06:27","modified_gmt":"2023-05-06T08:06:27","slug":"calcoes-lanidor-12-anos-2","status":"publish","type":"product","link":"https:\/\/kidtokidonline.pt\/matosinhos\/produto\/calcoes-lanidor-12-anos-2\/","title":{"rendered":"Cal\u00e7\u00f5es LANIDOR (12 Anos)"},"content":{"rendered":"","protected":false},"excerpt":{"rendered":"<p>Cintura Ajust\u00e1vel<\/p>\n","protected":false},"featured_media":76037,"template":"","meta":[],"product_cat":[572],"product_tag":[169],"class_list":{"0":"post-76038","1":"product","2":"type-product","3":"status-publish","4":"has-post-thumbnail","6":"product_cat-calcas-calcoes-e-saias-12-14-anos","7":"product_tag-calcoes","8":"pa_tamanho-12anos","10":"first","11":"instock","12":"sale","13":"shipping-taxable","14":"purchasable","15":"product-type-simple"},"_links":{"self":[{"href":"https:\/\/kidtokidonline.pt\/matosinhos\/wp-json\/wp\/v2\/product\/76038","targetHints":{"allow":["GET"]}}],"collection":[{"href":"https:\/\/kidtokidonline.pt\/matosinhos\/wp-json\/wp\/v2\/product"}],"about":[{"href":"https:\/\/kidtokidonline.pt\/matosinhos\/wp-json\/wp\/v2\/types\/product"}],"wp:featuredmedia":[{"embeddable":true,"href":"https:\/\/kidtokidonline.pt\/matosinhos\/wp-json\/wp\/v2\/media\/76037"}],"wp:attachment":[{"href":"https:\/\/kidtokidonline.pt\/matosinhos\/wp-json\/wp\/v2\/media?parent=76038"}],"wp:term":[{"taxonomy":"product_cat","embeddable":true,"href":"https:\/\/kidtokidonline.pt\/matosinhos\/wp-json\/wp\/v2\/product_cat?post=76038"},{"taxonomy":"product_tag","embeddable":true,"href":"https:\/\/kidtokidonline.pt\/matosinhos\/wp-json\/wp\/v2\/product_tag?post=76038"}],"curies":[{"name":"wp","href":"https:\/\/api.w.org\/{rel}","templated":true}]}}