{"id":64790,"date":"2021-03-12T21:33:04","date_gmt":"2021-03-12T21:33:04","guid":{"rendered":"https:\/\/kidtokidonline.pt\/matosinhos\/produto\/calcoes-pre-natal-6-anos\/"},"modified":"2023-05-06T08:05:37","modified_gmt":"2023-05-06T08:05:37","slug":"calcoes-pre-natal-6-anos","status":"publish","type":"product","link":"https:\/\/kidtokidonline.pt\/matosinhos\/produto\/calcoes-pre-natal-6-anos\/","title":{"rendered":"Cal\u00e7\u00f5es PR\u00c9 NATAL (6 Anos)"},"content":{"rendered":"","protected":false},"excerpt":{"rendered":"","protected":false},"featured_media":64789,"template":"","meta":[],"product_cat":[497],"product_tag":[169],"class_list":{"0":"post-64790","1":"product","2":"type-product","3":"status-publish","4":"has-post-thumbnail","6":"product_cat-calcas-e-calcoes-6-7-anos","7":"product_tag-calcoes","8":"pa_tamanho-6anos","10":"first","11":"instock","12":"sale","13":"shipping-taxable","14":"purchasable","15":"product-type-simple"},"_links":{"self":[{"href":"https:\/\/kidtokidonline.pt\/matosinhos\/wp-json\/wp\/v2\/product\/64790","targetHints":{"allow":["GET"]}}],"collection":[{"href":"https:\/\/kidtokidonline.pt\/matosinhos\/wp-json\/wp\/v2\/product"}],"about":[{"href":"https:\/\/kidtokidonline.pt\/matosinhos\/wp-json\/wp\/v2\/types\/product"}],"wp:featuredmedia":[{"embeddable":true,"href":"https:\/\/kidtokidonline.pt\/matosinhos\/wp-json\/wp\/v2\/media\/64789"}],"wp:attachment":[{"href":"https:\/\/kidtokidonline.pt\/matosinhos\/wp-json\/wp\/v2\/media?parent=64790"}],"wp:term":[{"taxonomy":"product_cat","embeddable":true,"href":"https:\/\/kidtokidonline.pt\/matosinhos\/wp-json\/wp\/v2\/product_cat?post=64790"},{"taxonomy":"product_tag","embeddable":true,"href":"https:\/\/kidtokidonline.pt\/matosinhos\/wp-json\/wp\/v2\/product_tag?post=64790"}],"curies":[{"name":"wp","href":"https:\/\/api.w.org\/{rel}","templated":true}]}}