{"id":57492,"date":"2020-11-03T20:18:25","date_gmt":"2020-11-03T19:18:25","guid":{"rendered":"https:\/\/kidtokidonline.pt\/matosinhos\/produto\/veiculos-policia-com-acessorios\/"},"modified":"2024-11-12T23:09:41","modified_gmt":"2024-11-12T23:09:41","slug":"veiculos-policia-com-acessorios","status":"publish","type":"product","link":"https:\/\/kidtokidonline.pt\/matosinhos\/produto\/veiculos-policia-com-acessorios\/","title":{"rendered":"Ve\u00edculos Pol\u00edcia Com Acess\u00f3rios"},"content":{"rendered":"","protected":false},"excerpt":{"rendered":"<p>Artigo Novo<\/p>\n","protected":false},"featured_media":57491,"template":"","meta":[],"product_cat":[739],"product_tag":[1283],"class_list":{"0":"post-57492","1":"product","2":"type-product","3":"status-publish","4":"has-post-thumbnail","6":"product_cat-veiculos","7":"product_tag-veiculos-policia-com-acessorios","9":"first","10":"instock","11":"shipping-taxable","12":"purchasable","13":"product-type-simple"},"_links":{"self":[{"href":"https:\/\/kidtokidonline.pt\/matosinhos\/wp-json\/wp\/v2\/product\/57492","targetHints":{"allow":["GET"]}}],"collection":[{"href":"https:\/\/kidtokidonline.pt\/matosinhos\/wp-json\/wp\/v2\/product"}],"about":[{"href":"https:\/\/kidtokidonline.pt\/matosinhos\/wp-json\/wp\/v2\/types\/product"}],"wp:featuredmedia":[{"embeddable":true,"href":"https:\/\/kidtokidonline.pt\/matosinhos\/wp-json\/wp\/v2\/media\/57491"}],"wp:attachment":[{"href":"https:\/\/kidtokidonline.pt\/matosinhos\/wp-json\/wp\/v2\/media?parent=57492"}],"wp:term":[{"taxonomy":"product_cat","embeddable":true,"href":"https:\/\/kidtokidonline.pt\/matosinhos\/wp-json\/wp\/v2\/product_cat?post=57492"},{"taxonomy":"product_tag","embeddable":true,"href":"https:\/\/kidtokidonline.pt\/matosinhos\/wp-json\/wp\/v2\/product_tag?post=57492"}],"curies":[{"name":"wp","href":"https:\/\/api.w.org\/{rel}","templated":true}]}}