{"id":52971,"date":"2020-05-14T10:34:34","date_gmt":"2020-05-14T10:34:34","guid":{"rendered":"https:\/\/kidtokidonline.pt\/matosinhos\/produto\/porta-chupeta-silicone-saro\/"},"modified":"2023-10-24T15:20:22","modified_gmt":"2023-10-24T15:20:22","slug":"porta-chupeta-silicone-saro","status":"publish","type":"product","link":"https:\/\/kidtokidonline.pt\/matosinhos\/produto\/porta-chupeta-silicone-saro\/","title":{"rendered":"Porta Chupeta Silicone Azul SARO"},"content":{"rendered":"<p>Muito pr\u00e1ctico pois evita perdas e quedas da chupeta.<\/p>\n<ul>\n<li>Antibacteriano e extremamente resistente;<\/li>\n<li>N\u00e3o se deforma, pois \u00e9 muito flex\u00edvel;<\/li>\n<li>Suporta temperaturas extremas sem perder as suas propriedades;<\/li>\n<li>BPA Free<\/li>\n<\/ul>\n","protected":false},"excerpt":{"rendered":"<p>Artigo Novo<\/p>\n","protected":false},"featured_media":52970,"template":"","meta":[],"product_cat":[230,65],"product_tag":[427],"class_list":{"0":"post-52971","1":"product","2":"type-product","3":"status-publish","4":"has-post-thumbnail","6":"product_cat-alimentacao","7":"product_cat-puericultura","8":"product_tag-porta-chupeta-silicone","10":"first","11":"instock","12":"sale","13":"shipping-taxable","14":"purchasable","15":"product-type-simple"},"_links":{"self":[{"href":"https:\/\/kidtokidonline.pt\/matosinhos\/wp-json\/wp\/v2\/product\/52971","targetHints":{"allow":["GET"]}}],"collection":[{"href":"https:\/\/kidtokidonline.pt\/matosinhos\/wp-json\/wp\/v2\/product"}],"about":[{"href":"https:\/\/kidtokidonline.pt\/matosinhos\/wp-json\/wp\/v2\/types\/product"}],"wp:featuredmedia":[{"embeddable":true,"href":"https:\/\/kidtokidonline.pt\/matosinhos\/wp-json\/wp\/v2\/media\/52970"}],"wp:attachment":[{"href":"https:\/\/kidtokidonline.pt\/matosinhos\/wp-json\/wp\/v2\/media?parent=52971"}],"wp:term":[{"taxonomy":"product_cat","embeddable":true,"href":"https:\/\/kidtokidonline.pt\/matosinhos\/wp-json\/wp\/v2\/product_cat?post=52971"},{"taxonomy":"product_tag","embeddable":true,"href":"https:\/\/kidtokidonline.pt\/matosinhos\/wp-json\/wp\/v2\/product_tag?post=52971"}],"curies":[{"name":"wp","href":"https:\/\/api.w.org\/{rel}","templated":true}]}}